{"id":186,"date":"2018-10-27T10:04:54","date_gmt":"2018-10-27T10:04:54","guid":{"rendered":"http:\/\/www.glucodos.com\/?page_id=186"},"modified":"2023-11-03T13:03:13","modified_gmt":"2023-11-03T13:03:13","slug":"the-best-glucose-drink","status":"publish","type":"page","link":"https:\/\/www.glucodos.com\/en\/the-best-glucose-drink\/","title":{"rendered":"Glucose Drink 75g\/300ml specifications"},"content":{"rendered":"<h1><a href=\"https:\/\/www.glucodos.com\/wp-content\/uploads\/2019\/04\/GlucoDos-Tuoteperhe-kaikki-4546.jpg\"><img loading=\"lazy\" decoding=\"async\" class=\"alignnone size-full wp-image-637\" src=\"https:\/\/www.glucodos.com\/wp-content\/uploads\/2019\/04\/GlucoDos-Tuoteperhe-kaikki-4546.jpg\" alt=\"\" width=\"1200\" height=\"545\" srcset=\"https:\/\/www.glucodos.com\/wp-content\/uploads\/2019\/04\/GlucoDos-Tuoteperhe-kaikki-4546.jpg 1200w, https:\/\/www.glucodos.com\/wp-content\/uploads\/2019\/04\/GlucoDos-Tuoteperhe-kaikki-4546-300x136.jpg 300w, https:\/\/www.glucodos.com\/wp-content\/uploads\/2019\/04\/GlucoDos-Tuoteperhe-kaikki-4546-768x349.jpg 768w, https:\/\/www.glucodos.com\/wp-content\/uploads\/2019\/04\/GlucoDos-Tuoteperhe-kaikki-4546-1024x465.jpg 1024w\" sizes=\"(max-width: 1200px) 100vw, 1200px\" \/><\/a><\/h1>\n<h1>Glucose Drink specifications 75g\/300ml<\/h1>\n<p>Our glucose drinks are suited to the Scandinavian palate. The options are lemon-flavored\u00a0<strong><a href=\"https:\/\/www.glucodos.com\/glucodos-glucose-product\/?lang=en\">GlucoDos Lemon<\/a><\/strong>, rasberry-flavored\u00a0<strong><a href=\"https:\/\/www.glucodos.com\/glucodos-75g-raspberry\/?lang=en\">Glucodos Raspberry<\/a><\/strong> and neutral tasting\u00a0<strong><a href=\"https:\/\/www.glucodos.com\/glucodos-neutral-glucose-drink\/?lang=en\">Glucodos Makia Glucose Drink<\/a><\/strong>.\u00a0Although glucose drinks are usually naturally sweet and somewhat \u201cicky\u201d, GlucoDos\u2019s flavours deliver a balanced, fresh sweetness. GlucoDos is best served cold, and it is recommended that the drink be refrigerated before it is served.<\/p>\n<p><a href=\"http:\/\/www.glucodos.com\/wp-content\/uploads\/2018\/10\/raikas_glukoosijuoma.jpg\"><img loading=\"lazy\" decoding=\"async\" class=\"alignright wp-image-134 size-full\" src=\"https:\/\/www.glucodos.com\/wp-content\/uploads\/2018\/10\/raikas_glukoosijuoma.jpg\" alt=\"Read Glucose Drink specifications! Glucose drink and energy fill up are good for active sports people\" width=\"300\" height=\"450\" srcset=\"https:\/\/www.glucodos.com\/wp-content\/uploads\/2018\/10\/raikas_glukoosijuoma.jpg 300w, https:\/\/www.glucodos.com\/wp-content\/uploads\/2018\/10\/raikas_glukoosijuoma-200x300.jpg 200w\" sizes=\"(max-width: 300px) 100vw, 300px\" \/><\/a><\/p>\n<h2 class=\"\"><span class=\"\">The best consistency<\/span><\/h2>\n<p>GlucoDos glucose drink saves you the trouble of mixing the drink. GlucoDos is ready to drink and has a glucose concentration of 75g. The drink comes in an environmentally friendly PET bottle with no risk of breakage. The plastic bottles are easy to handle and store. Please read more about the <a href=\"http:\/\/www.glucodos.com\/glucodos-glucose-drink-product-information\/?lang=en\">Glucodos!<\/a><\/p>\n<h2 class=\"\">The easiest to store glucose drink<\/h2>\n<p>GlucoDos glucose drink is delivered in 20-unit crates, facilitating the transport and storage of the product. The plastic bottles are noise-free, very light and unbreakable during transport. The bottles can be stored at room temperature, which means that they do not take up cold storage space. One of the product\u2019s benefits is its extended storage time: 18 months from ordering. GlucoDos is carbon-free, which means its fresh flavour stays that way even after a long storage period.\u00a0<span lang=\"en\" tabindex=\"0\">Learn more about <a href=\"https:\/\/www.glucodos.com\/glucodos-glucose-product\/?lang=en\">lemon flavor<\/a>, <a href=\"https:\/\/www.glucodos.com\/glucodos-75g-raspberry\/?lang=en\">raspberry flavor<\/a> or <a href=\"https:\/\/www.glucodos.com\/glucodos-neutral-glucose-drink\/?lang=en\">sweet<\/a> glucose drink.<\/span><\/p>\n<h2 id=\"tw-target-text\" class=\"tw-data-text tw-ta tw-text-small\" dir=\"ltr\" data-placeholder=\"K\u00e4\u00e4nn\u00f6s\"><span lang=\"en\" tabindex=\"0\">Check out the Glucodos introduction video and the storage of glucose drink<\/span><\/h2>\n<pre class=\"tw-data-text tw-ta tw-text-small\" lang=\"en\"><\/pre>\n<div class=\"entry-content-asset videofit\"><iframe loading=\"lazy\" title=\"Glucose Drink \/ Glukosdryck GLUCODOS  75g Ready-to-use for health care professionals and athletes\" width=\"1140\" height=\"641\" src=\"https:\/\/www.youtube.com\/embed\/gQFE8yjw4Rs?feature=oembed\" frameborder=\"0\" allow=\"accelerometer; autoplay; clipboard-write; encrypted-media; gyroscope; picture-in-picture; web-share\" allowfullscreen><\/iframe><\/div>\n","protected":false},"excerpt":{"rendered":"<p>Glucose Drink specifications 75g\/300ml Our glucose drinks are suited to the Scandinavian palate. The options are lemon-flavored\u00a0GlucoDos Lemon, rasberry-flavored\u00a0Glucodos Raspberry and neutral tasting\u00a0Glucodos Makia Glucose Drink.\u00a0Although glucose drinks are usually naturally sweet and somewhat \u201cicky\u201d, GlucoDos\u2019s flavours deliver a balanced, &hellip; <a class=\"kt-excerpt-readmore\" href=\"https:\/\/www.glucodos.com\/en\/the-best-glucose-drink\/\" aria-label=\"Glucose Drink 75g\/300ml specifications\">Read More<\/a><\/p>\n","protected":false},"author":1,"featured_media":0,"parent":0,"menu_order":0,"comment_status":"closed","ping_status":"closed","template":"page-fullwidth.php","meta":{"footnotes":""},"yoast_head":"<!-- This site is optimized with the Yoast SEO plugin v24.5 - https:\/\/yoast.com\/wordpress\/plugins\/seo\/ -->\n<title>Glucose Drink 75g\/300ml specifications - Glucodos Raspberry and Lemon<\/title>\n<meta name=\"description\" content=\"Lablemon glucose drink is fresh and easy to use. The drink is lemon-flavoured\u00a0GlucoDos Lemon. The best glucose GlucoDos 75g\/300ml\" \/>\n<meta name=\"robots\" content=\"index, follow, max-snippet:-1, max-image-preview:large, max-video-preview:-1\" \/>\n<link rel=\"canonical\" href=\"https:\/\/www.glucodos.com\/en\/the-best-glucose-drink\/\" \/>\n<meta property=\"og:locale\" content=\"en_US\" \/>\n<meta property=\"og:type\" content=\"article\" \/>\n<meta property=\"og:title\" content=\"Glucose Drink 75g\/300ml specifications - Glucodos Raspberry and Lemon\" \/>\n<meta property=\"og:description\" content=\"Lablemon glucose drink is fresh and easy to use. The drink is lemon-flavoured\u00a0GlucoDos Lemon. The best glucose GlucoDos 75g\/300ml\" \/>\n<meta property=\"og:url\" content=\"https:\/\/www.glucodos.com\/en\/the-best-glucose-drink\/\" \/>\n<meta property=\"og:site_name\" content=\"Glucodos\" \/>\n<meta property=\"article:modified_time\" content=\"2023-11-03T13:03:13+00:00\" \/>\n<meta property=\"og:image\" content=\"https:\/\/www.glucodos.com\/wp-content\/uploads\/2019\/04\/GlucoDos-Tuoteperhe-kaikki-4546.jpg\" \/>\n<meta name=\"twitter:card\" content=\"summary_large_image\" \/>\n<meta name=\"twitter:label1\" content=\"Est. reading time\" \/>\n\t<meta name=\"twitter:data1\" content=\"2 minutes\" \/>\n<script type=\"application\/ld+json\" class=\"yoast-schema-graph\">{\"@context\":\"https:\/\/schema.org\",\"@graph\":[{\"@type\":\"Article\",\"@id\":\"https:\/\/www.glucodos.com\/en\/the-best-glucose-drink\/#article\",\"isPartOf\":{\"@id\":\"https:\/\/www.glucodos.com\/en\/the-best-glucose-drink\/\"},\"author\":{\"name\":\"admin\",\"@id\":\"https:\/\/www.glucodos.com\/en\/#\/schema\/person\/3c4c59216c0d550fe2be0da5537e9621\"},\"headline\":\"Glucose Drink 75g\/300ml specifications\",\"datePublished\":\"2018-10-27T10:04:54+00:00\",\"dateModified\":\"2023-11-03T13:03:13+00:00\",\"mainEntityOfPage\":{\"@id\":\"https:\/\/www.glucodos.com\/en\/the-best-glucose-drink\/\"},\"wordCount\":243,\"publisher\":{\"@id\":\"https:\/\/www.glucodos.com\/en\/#organization\"},\"image\":{\"@id\":\"https:\/\/www.glucodos.com\/en\/the-best-glucose-drink\/#primaryimage\"},\"thumbnailUrl\":\"https:\/\/www.glucodos.com\/wp-content\/uploads\/2019\/04\/GlucoDos-Tuoteperhe-kaikki-4546.jpg\",\"inLanguage\":\"en-US\"},{\"@type\":\"WebPage\",\"@id\":\"https:\/\/www.glucodos.com\/en\/the-best-glucose-drink\/\",\"url\":\"https:\/\/www.glucodos.com\/en\/the-best-glucose-drink\/\",\"name\":\"Glucose Drink 75g\/300ml specifications - Glucodos Raspberry and Lemon\",\"isPartOf\":{\"@id\":\"https:\/\/www.glucodos.com\/en\/#website\"},\"primaryImageOfPage\":{\"@id\":\"https:\/\/www.glucodos.com\/en\/the-best-glucose-drink\/#primaryimage\"},\"image\":{\"@id\":\"https:\/\/www.glucodos.com\/en\/the-best-glucose-drink\/#primaryimage\"},\"thumbnailUrl\":\"https:\/\/www.glucodos.com\/wp-content\/uploads\/2019\/04\/GlucoDos-Tuoteperhe-kaikki-4546.jpg\",\"datePublished\":\"2018-10-27T10:04:54+00:00\",\"dateModified\":\"2023-11-03T13:03:13+00:00\",\"description\":\"Lablemon glucose drink is fresh and easy to use. The drink is lemon-flavoured\u00a0GlucoDos Lemon. The best glucose GlucoDos 75g\/300ml\",\"breadcrumb\":{\"@id\":\"https:\/\/www.glucodos.com\/en\/the-best-glucose-drink\/#breadcrumb\"},\"inLanguage\":\"en-US\",\"potentialAction\":[{\"@type\":\"ReadAction\",\"target\":[\"https:\/\/www.glucodos.com\/en\/the-best-glucose-drink\/\"]}]},{\"@type\":\"ImageObject\",\"inLanguage\":\"en-US\",\"@id\":\"https:\/\/www.glucodos.com\/en\/the-best-glucose-drink\/#primaryimage\",\"url\":\"https:\/\/www.glucodos.com\/wp-content\/uploads\/2019\/04\/GlucoDos-Tuoteperhe-kaikki-4546.jpg\",\"contentUrl\":\"https:\/\/www.glucodos.com\/wp-content\/uploads\/2019\/04\/GlucoDos-Tuoteperhe-kaikki-4546.jpg\"},{\"@type\":\"BreadcrumbList\",\"@id\":\"https:\/\/www.glucodos.com\/en\/the-best-glucose-drink\/#breadcrumb\",\"itemListElement\":[{\"@type\":\"ListItem\",\"position\":1,\"name\":\"Home\",\"item\":\"https:\/\/www.glucodos.com\/en\/\"},{\"@type\":\"ListItem\",\"position\":2,\"name\":\"Glucose Drink 75g\/300ml specifications\"}]},{\"@type\":\"WebSite\",\"@id\":\"https:\/\/www.glucodos.com\/en\/#website\",\"url\":\"https:\/\/www.glucodos.com\/en\/\",\"name\":\"Glucodos\",\"description\":\"K&auml;ytt&ouml;valmis glukoosijuoma\",\"publisher\":{\"@id\":\"https:\/\/www.glucodos.com\/en\/#organization\"},\"potentialAction\":[{\"@type\":\"SearchAction\",\"target\":{\"@type\":\"EntryPoint\",\"urlTemplate\":\"https:\/\/www.glucodos.com\/en\/?s={search_term_string}\"},\"query-input\":{\"@type\":\"PropertyValueSpecification\",\"valueRequired\":true,\"valueName\":\"search_term_string\"}}],\"inLanguage\":\"en-US\"},{\"@type\":\"Organization\",\"@id\":\"https:\/\/www.glucodos.com\/en\/#organization\",\"name\":\"Lablemon International\",\"url\":\"https:\/\/www.glucodos.com\/en\/\",\"logo\":{\"@type\":\"ImageObject\",\"inLanguage\":\"en-US\",\"@id\":\"https:\/\/www.glucodos.com\/en\/#\/schema\/logo\/image\/\",\"url\":\"https:\/\/www.glucodos.com\/wp-content\/uploads\/2018\/11\/Lablemon_Logo_Heti-k\u00e4ytt\u00f6valmis-Glucodos-gukoosijuoma-2015_vector.png\",\"contentUrl\":\"https:\/\/www.glucodos.com\/wp-content\/uploads\/2018\/11\/Lablemon_Logo_Heti-k\u00e4ytt\u00f6valmis-Glucodos-gukoosijuoma-2015_vector.png\",\"width\":198,\"height\":110,\"caption\":\"Lablemon International\"},\"image\":{\"@id\":\"https:\/\/www.glucodos.com\/en\/#\/schema\/logo\/image\/\"}},{\"@type\":\"Person\",\"@id\":\"https:\/\/www.glucodos.com\/en\/#\/schema\/person\/3c4c59216c0d550fe2be0da5537e9621\",\"name\":\"admin\",\"image\":{\"@type\":\"ImageObject\",\"inLanguage\":\"en-US\",\"@id\":\"https:\/\/www.glucodos.com\/en\/#\/schema\/person\/image\/\",\"url\":\"https:\/\/secure.gravatar.com\/avatar\/42104cb832536137a64def7a31e59743?s=96&d=mm&r=g\",\"contentUrl\":\"https:\/\/secure.gravatar.com\/avatar\/42104cb832536137a64def7a31e59743?s=96&d=mm&r=g\",\"caption\":\"admin\"}}]}<\/script>\n<!-- \/ Yoast SEO plugin. -->","yoast_head_json":{"title":"Glucose Drink 75g\/300ml specifications - Glucodos Raspberry and Lemon","description":"Lablemon glucose drink is fresh and easy to use. The drink is lemon-flavoured\u00a0GlucoDos Lemon. The best glucose GlucoDos 75g\/300ml","robots":{"index":"index","follow":"follow","max-snippet":"max-snippet:-1","max-image-preview":"max-image-preview:large","max-video-preview":"max-video-preview:-1"},"canonical":"https:\/\/www.glucodos.com\/en\/the-best-glucose-drink\/","og_locale":"en_US","og_type":"article","og_title":"Glucose Drink 75g\/300ml specifications - Glucodos Raspberry and Lemon","og_description":"Lablemon glucose drink is fresh and easy to use. The drink is lemon-flavoured\u00a0GlucoDos Lemon. The best glucose GlucoDos 75g\/300ml","og_url":"https:\/\/www.glucodos.com\/en\/the-best-glucose-drink\/","og_site_name":"Glucodos","article_modified_time":"2023-11-03T13:03:13+00:00","og_image":[{"url":"https:\/\/www.glucodos.com\/wp-content\/uploads\/2019\/04\/GlucoDos-Tuoteperhe-kaikki-4546.jpg","type":"","width":"","height":""}],"twitter_card":"summary_large_image","twitter_misc":{"Est. reading time":"2 minutes"},"schema":{"@context":"https:\/\/schema.org","@graph":[{"@type":"Article","@id":"https:\/\/www.glucodos.com\/en\/the-best-glucose-drink\/#article","isPartOf":{"@id":"https:\/\/www.glucodos.com\/en\/the-best-glucose-drink\/"},"author":{"name":"admin","@id":"https:\/\/www.glucodos.com\/en\/#\/schema\/person\/3c4c59216c0d550fe2be0da5537e9621"},"headline":"Glucose Drink 75g\/300ml specifications","datePublished":"2018-10-27T10:04:54+00:00","dateModified":"2023-11-03T13:03:13+00:00","mainEntityOfPage":{"@id":"https:\/\/www.glucodos.com\/en\/the-best-glucose-drink\/"},"wordCount":243,"publisher":{"@id":"https:\/\/www.glucodos.com\/en\/#organization"},"image":{"@id":"https:\/\/www.glucodos.com\/en\/the-best-glucose-drink\/#primaryimage"},"thumbnailUrl":"https:\/\/www.glucodos.com\/wp-content\/uploads\/2019\/04\/GlucoDos-Tuoteperhe-kaikki-4546.jpg","inLanguage":"en-US"},{"@type":"WebPage","@id":"https:\/\/www.glucodos.com\/en\/the-best-glucose-drink\/","url":"https:\/\/www.glucodos.com\/en\/the-best-glucose-drink\/","name":"Glucose Drink 75g\/300ml specifications - Glucodos Raspberry and Lemon","isPartOf":{"@id":"https:\/\/www.glucodos.com\/en\/#website"},"primaryImageOfPage":{"@id":"https:\/\/www.glucodos.com\/en\/the-best-glucose-drink\/#primaryimage"},"image":{"@id":"https:\/\/www.glucodos.com\/en\/the-best-glucose-drink\/#primaryimage"},"thumbnailUrl":"https:\/\/www.glucodos.com\/wp-content\/uploads\/2019\/04\/GlucoDos-Tuoteperhe-kaikki-4546.jpg","datePublished":"2018-10-27T10:04:54+00:00","dateModified":"2023-11-03T13:03:13+00:00","description":"Lablemon glucose drink is fresh and easy to use. The drink is lemon-flavoured\u00a0GlucoDos Lemon. The best glucose GlucoDos 75g\/300ml","breadcrumb":{"@id":"https:\/\/www.glucodos.com\/en\/the-best-glucose-drink\/#breadcrumb"},"inLanguage":"en-US","potentialAction":[{"@type":"ReadAction","target":["https:\/\/www.glucodos.com\/en\/the-best-glucose-drink\/"]}]},{"@type":"ImageObject","inLanguage":"en-US","@id":"https:\/\/www.glucodos.com\/en\/the-best-glucose-drink\/#primaryimage","url":"https:\/\/www.glucodos.com\/wp-content\/uploads\/2019\/04\/GlucoDos-Tuoteperhe-kaikki-4546.jpg","contentUrl":"https:\/\/www.glucodos.com\/wp-content\/uploads\/2019\/04\/GlucoDos-Tuoteperhe-kaikki-4546.jpg"},{"@type":"BreadcrumbList","@id":"https:\/\/www.glucodos.com\/en\/the-best-glucose-drink\/#breadcrumb","itemListElement":[{"@type":"ListItem","position":1,"name":"Home","item":"https:\/\/www.glucodos.com\/en\/"},{"@type":"ListItem","position":2,"name":"Glucose Drink 75g\/300ml specifications"}]},{"@type":"WebSite","@id":"https:\/\/www.glucodos.com\/en\/#website","url":"https:\/\/www.glucodos.com\/en\/","name":"Glucodos","description":"K&auml;ytt&ouml;valmis glukoosijuoma","publisher":{"@id":"https:\/\/www.glucodos.com\/en\/#organization"},"potentialAction":[{"@type":"SearchAction","target":{"@type":"EntryPoint","urlTemplate":"https:\/\/www.glucodos.com\/en\/?s={search_term_string}"},"query-input":{"@type":"PropertyValueSpecification","valueRequired":true,"valueName":"search_term_string"}}],"inLanguage":"en-US"},{"@type":"Organization","@id":"https:\/\/www.glucodos.com\/en\/#organization","name":"Lablemon International","url":"https:\/\/www.glucodos.com\/en\/","logo":{"@type":"ImageObject","inLanguage":"en-US","@id":"https:\/\/www.glucodos.com\/en\/#\/schema\/logo\/image\/","url":"https:\/\/www.glucodos.com\/wp-content\/uploads\/2018\/11\/Lablemon_Logo_Heti-k\u00e4ytt\u00f6valmis-Glucodos-gukoosijuoma-2015_vector.png","contentUrl":"https:\/\/www.glucodos.com\/wp-content\/uploads\/2018\/11\/Lablemon_Logo_Heti-k\u00e4ytt\u00f6valmis-Glucodos-gukoosijuoma-2015_vector.png","width":198,"height":110,"caption":"Lablemon International"},"image":{"@id":"https:\/\/www.glucodos.com\/en\/#\/schema\/logo\/image\/"}},{"@type":"Person","@id":"https:\/\/www.glucodos.com\/en\/#\/schema\/person\/3c4c59216c0d550fe2be0da5537e9621","name":"admin","image":{"@type":"ImageObject","inLanguage":"en-US","@id":"https:\/\/www.glucodos.com\/en\/#\/schema\/person\/image\/","url":"https:\/\/secure.gravatar.com\/avatar\/42104cb832536137a64def7a31e59743?s=96&d=mm&r=g","contentUrl":"https:\/\/secure.gravatar.com\/avatar\/42104cb832536137a64def7a31e59743?s=96&d=mm&r=g","caption":"admin"}}]}},"_links":{"self":[{"href":"https:\/\/www.glucodos.com\/en\/wp-json\/wp\/v2\/pages\/186"}],"collection":[{"href":"https:\/\/www.glucodos.com\/en\/wp-json\/wp\/v2\/pages"}],"about":[{"href":"https:\/\/www.glucodos.com\/en\/wp-json\/wp\/v2\/types\/page"}],"author":[{"embeddable":true,"href":"https:\/\/www.glucodos.com\/en\/wp-json\/wp\/v2\/users\/1"}],"replies":[{"embeddable":true,"href":"https:\/\/www.glucodos.com\/en\/wp-json\/wp\/v2\/comments?post=186"}],"version-history":[{"count":16,"href":"https:\/\/www.glucodos.com\/en\/wp-json\/wp\/v2\/pages\/186\/revisions"}],"predecessor-version":[{"id":895,"href":"https:\/\/www.glucodos.com\/en\/wp-json\/wp\/v2\/pages\/186\/revisions\/895"}],"wp:attachment":[{"href":"https:\/\/www.glucodos.com\/en\/wp-json\/wp\/v2\/media?parent=186"}],"curies":[{"name":"wp","href":"https:\/\/api.w.org\/{rel}","templated":true}]}}