{"id":211,"date":"2018-10-27T12:53:15","date_gmt":"2018-10-27T12:53:15","guid":{"rendered":"http:\/\/www.glucodos.com\/?page_id=211"},"modified":"2023-11-06T15:36:32","modified_gmt":"2023-11-06T15:36:32","slug":"order-glucodos","status":"publish","type":"page","link":"https:\/\/www.glucodos.com\/en\/order-glucodos\/","title":{"rendered":"Order GlucoDos"},"content":{"rendered":"<h2><a href=\"https:\/\/www.glucodos.com\/wp-content\/uploads\/2019\/04\/GlucoDos-Tuoteperhe-4503-3.jpg\"><img loading=\"lazy\" decoding=\"async\" class=\"alignnone size-full wp-image-626\" src=\"https:\/\/www.glucodos.com\/wp-content\/uploads\/2019\/04\/GlucoDos-Tuoteperhe-4503-3.jpg\" alt=\"\" width=\"1200\" height=\"677\" srcset=\"https:\/\/www.glucodos.com\/wp-content\/uploads\/2019\/04\/GlucoDos-Tuoteperhe-4503-3.jpg 1200w, https:\/\/www.glucodos.com\/wp-content\/uploads\/2019\/04\/GlucoDos-Tuoteperhe-4503-3-300x169.jpg 300w, https:\/\/www.glucodos.com\/wp-content\/uploads\/2019\/04\/GlucoDos-Tuoteperhe-4503-3-768x433.jpg 768w, https:\/\/www.glucodos.com\/wp-content\/uploads\/2019\/04\/GlucoDos-Tuoteperhe-4503-3-1024x578.jpg 1024w\" sizes=\"(max-width: 1200px) 100vw, 1200px\" \/><\/a><strong>Where Can I Order Glucose Drink?<\/strong><\/h2>\n<div class=\"\">The bottles are available in 20-unit, easy-to-store crates.<\/div>\n<div class=\"\">\n<p>Write us with your contact information and the size of the order you wish to place in an e-mail, and we will get back to you at once with a quote, after which you can confirm the order. Easy and ready to use glucose drink.<\/p>\n<\/div>\n<div>\n<h2>Sales and customer service:<a href=\"https:\/\/www.glucodos.com\/wp-content\/uploads\/2019\/04\/Glukoosijuomaa-l\u00f6ytyy-Magnum-Medicalin-varastosta-3-eri-makua-Glucodos-makia-Glucodos-Vadelma-ja-Glucodos-sitruuna.-4640.jpg\"><img loading=\"lazy\" decoding=\"async\" class=\"size-full wp-image-590 alignright\" src=\"https:\/\/www.glucodos.com\/wp-content\/uploads\/2019\/04\/Glukoosijuomaa-l\u00f6ytyy-Magnum-Medicalin-varastosta-3-eri-makua-Glucodos-makia-Glucodos-Vadelma-ja-Glucodos-sitruuna.-4640.jpg\" alt=\"GlucoDos glucosedrink can be shipped anywhere in EU area. \" width=\"320\" height=\"480\" srcset=\"https:\/\/www.glucodos.com\/wp-content\/uploads\/2019\/04\/Glukoosijuomaa-l\u00f6ytyy-Magnum-Medicalin-varastosta-3-eri-makua-Glucodos-makia-Glucodos-Vadelma-ja-Glucodos-sitruuna.-4640.jpg 320w, https:\/\/www.glucodos.com\/wp-content\/uploads\/2019\/04\/Glukoosijuomaa-l\u00f6ytyy-Magnum-Medicalin-varastosta-3-eri-makua-Glucodos-makia-Glucodos-Vadelma-ja-Glucodos-sitruuna.-4640-200x300.jpg 200w\" sizes=\"(max-width: 320px) 100vw, 320px\" \/><\/a><\/h2>\n<p><a href=\"https:\/\/learn4more.lpages.co\/glucose-drink-glucodos-free-quotation\/\">Request for quotatio<\/a><br \/>\n<a href=\"mailto:myynti@lablemon.com\">myynti ( at ) lablemon.com<\/a><\/p>\n<h2>Order information:<\/h2>\n<div>\n<p class=\"p1\"><span class=\"s1\">Via e-mail:\u00a0<a href=\"mailto:info@magnummedical.fi\"><span class=\"s2\">info@magnummedical.fi<\/span><\/a><br \/>\n<\/span>Via fax: +358 20 759 8890<br \/>\nVia telephone: +358 20 759 8897<\/p>\n<p>Magnum Medical Finland Oy<br \/>\nHeidehofintie 2<br \/>\n01300 Vantaa<br \/>\n<a class=\"\" href=\"http:\/\/www.magnummedical.fi\/\" target=\"_blank\" rel=\"noopener noreferrer\">www.magnummedical.fi<\/a><\/p>\n<\/div>\n<p><strong>GlucoDos Glucose drink more information :<\/strong><\/p>\n<p>Glucodos Youtube: <a href=\"https:\/\/www.youtube.com\/channel\/UCUkq2vIriyJUsF_uXkAoq_Q\">Lablemon Youtube -channel<\/a><\/p>\n<p>Glucodos SlideShare: <a href=\"https:\/\/www.slideshare.net\/lablemon\/glucodos-ready-to-use-glucose-drink-presentation-2018\">Glucodos presentation<\/a><\/p>\n<div id=\"tw-target-text-container\" class=\"gsrt tw-ta-container tw-nfl\">\n<p id=\"tw-target-text\" class=\"tw-data-text tw-ta tw-text-medium\" dir=\"ltr\" data-placeholder=\"K\u00e4\u00e4nn\u00f6s\"><a href=\"http:\/\/eepurl.com\/dLD-Bk\"><span lang=\"en\" tabindex=\"0\">Subscribe to our GlucoDos newsletter here!<\/span><\/a><\/p>\n<pre class=\"tw-data-text tw-ta tw-text-medium\" lang=\"en\"><\/pre>\n<\/div>\n<\/div>\n","protected":false},"excerpt":{"rendered":"<p>Where Can I Order Glucose Drink? The bottles are available in 20-unit, easy-to-store crates. Write us with your contact information and the size of the order you wish to place in an e-mail, and we will get back to you &hellip; <a class=\"kt-excerpt-readmore\" href=\"https:\/\/www.glucodos.com\/en\/order-glucodos\/\" aria-label=\"Order GlucoDos\">Read More<\/a><\/p>\n","protected":false},"author":1,"featured_media":137,"parent":0,"menu_order":0,"comment_status":"closed","ping_status":"closed","template":"page-fullwidth.php","meta":{"footnotes":""},"yoast_head":"<!-- This site is optimized with the Yoast SEO plugin v24.5 - https:\/\/yoast.com\/wordpress\/plugins\/seo\/ -->\n<title>Order GlucoDos - Glucodos - Easy Fresh Glucose Drink<\/title>\n<meta name=\"description\" content=\"The Ready-To-Use Glucose drink - Glucodos 75g\/300ml. The minimum order amount is one bottle. The bottles are available in 20-unit.\" \/>\n<meta name=\"robots\" content=\"index, follow, max-snippet:-1, max-image-preview:large, max-video-preview:-1\" \/>\n<link rel=\"canonical\" href=\"https:\/\/www.glucodos.com\/en\/order-glucodos\/\" \/>\n<meta property=\"og:locale\" content=\"en_US\" \/>\n<meta property=\"og:type\" content=\"article\" \/>\n<meta property=\"og:title\" content=\"Order GlucoDos - Glucodos - Easy Fresh Glucose Drink\" \/>\n<meta property=\"og:description\" content=\"The Ready-To-Use Glucose drink - Glucodos 75g\/300ml. The minimum order amount is one bottle. The bottles are available in 20-unit.\" \/>\n<meta property=\"og:url\" content=\"https:\/\/www.glucodos.com\/en\/order-glucodos\/\" \/>\n<meta property=\"og:site_name\" content=\"Glucodos\" \/>\n<meta property=\"article:modified_time\" content=\"2023-11-06T15:36:32+00:00\" \/>\n<meta property=\"og:image\" content=\"https:\/\/www.glucodos.com\/wp-content\/uploads\/2018\/10\/Glucodos-etu-lemon-kuva-1600-.jpg\" \/>\n\t<meta property=\"og:image:width\" content=\"1600\" \/>\n\t<meta property=\"og:image:height\" content=\"706\" \/>\n\t<meta property=\"og:image:type\" content=\"image\/jpeg\" \/>\n<meta name=\"twitter:card\" content=\"summary_large_image\" \/>\n<meta name=\"twitter:label1\" content=\"Est. reading time\" \/>\n\t<meta name=\"twitter:data1\" content=\"2 minutes\" \/>\n<script type=\"application\/ld+json\" class=\"yoast-schema-graph\">{\"@context\":\"https:\/\/schema.org\",\"@graph\":[{\"@type\":\"Article\",\"@id\":\"https:\/\/www.glucodos.com\/en\/order-glucodos\/#article\",\"isPartOf\":{\"@id\":\"https:\/\/www.glucodos.com\/en\/order-glucodos\/\"},\"author\":{\"name\":\"admin\",\"@id\":\"https:\/\/www.glucodos.com\/en\/#\/schema\/person\/3c4c59216c0d550fe2be0da5537e9621\"},\"headline\":\"Order GlucoDos\",\"datePublished\":\"2018-10-27T12:53:15+00:00\",\"dateModified\":\"2023-11-06T15:36:32+00:00\",\"mainEntityOfPage\":{\"@id\":\"https:\/\/www.glucodos.com\/en\/order-glucodos\/\"},\"wordCount\":112,\"publisher\":{\"@id\":\"https:\/\/www.glucodos.com\/en\/#organization\"},\"image\":{\"@id\":\"https:\/\/www.glucodos.com\/en\/order-glucodos\/#primaryimage\"},\"thumbnailUrl\":\"https:\/\/www.glucodos.com\/wp-content\/uploads\/2018\/10\/Glucodos-etu-lemon-kuva-1600-.jpg\",\"inLanguage\":\"en-US\"},{\"@type\":\"WebPage\",\"@id\":\"https:\/\/www.glucodos.com\/en\/order-glucodos\/\",\"url\":\"https:\/\/www.glucodos.com\/en\/order-glucodos\/\",\"name\":\"Order GlucoDos - Glucodos - Easy Fresh Glucose Drink\",\"isPartOf\":{\"@id\":\"https:\/\/www.glucodos.com\/en\/#website\"},\"primaryImageOfPage\":{\"@id\":\"https:\/\/www.glucodos.com\/en\/order-glucodos\/#primaryimage\"},\"image\":{\"@id\":\"https:\/\/www.glucodos.com\/en\/order-glucodos\/#primaryimage\"},\"thumbnailUrl\":\"https:\/\/www.glucodos.com\/wp-content\/uploads\/2018\/10\/Glucodos-etu-lemon-kuva-1600-.jpg\",\"datePublished\":\"2018-10-27T12:53:15+00:00\",\"dateModified\":\"2023-11-06T15:36:32+00:00\",\"description\":\"The Ready-To-Use Glucose drink - Glucodos 75g\/300ml. The minimum order amount is one bottle. The bottles are available in 20-unit.\",\"breadcrumb\":{\"@id\":\"https:\/\/www.glucodos.com\/en\/order-glucodos\/#breadcrumb\"},\"inLanguage\":\"en-US\",\"potentialAction\":[{\"@type\":\"ReadAction\",\"target\":[\"https:\/\/www.glucodos.com\/en\/order-glucodos\/\"]}]},{\"@type\":\"ImageObject\",\"inLanguage\":\"en-US\",\"@id\":\"https:\/\/www.glucodos.com\/en\/order-glucodos\/#primaryimage\",\"url\":\"https:\/\/www.glucodos.com\/wp-content\/uploads\/2018\/10\/Glucodos-etu-lemon-kuva-1600-.jpg\",\"contentUrl\":\"https:\/\/www.glucodos.com\/wp-content\/uploads\/2018\/10\/Glucodos-etu-lemon-kuva-1600-.jpg\",\"width\":1600,\"height\":706,\"caption\":\"Glucodos Lemon is a fresh glucose drink\"},{\"@type\":\"BreadcrumbList\",\"@id\":\"https:\/\/www.glucodos.com\/en\/order-glucodos\/#breadcrumb\",\"itemListElement\":[{\"@type\":\"ListItem\",\"position\":1,\"name\":\"Home\",\"item\":\"https:\/\/www.glucodos.com\/en\/\"},{\"@type\":\"ListItem\",\"position\":2,\"name\":\"Order GlucoDos\"}]},{\"@type\":\"WebSite\",\"@id\":\"https:\/\/www.glucodos.com\/en\/#website\",\"url\":\"https:\/\/www.glucodos.com\/en\/\",\"name\":\"Glucodos\",\"description\":\"K&auml;ytt&ouml;valmis glukoosijuoma\",\"publisher\":{\"@id\":\"https:\/\/www.glucodos.com\/en\/#organization\"},\"potentialAction\":[{\"@type\":\"SearchAction\",\"target\":{\"@type\":\"EntryPoint\",\"urlTemplate\":\"https:\/\/www.glucodos.com\/en\/?s={search_term_string}\"},\"query-input\":{\"@type\":\"PropertyValueSpecification\",\"valueRequired\":true,\"valueName\":\"search_term_string\"}}],\"inLanguage\":\"en-US\"},{\"@type\":\"Organization\",\"@id\":\"https:\/\/www.glucodos.com\/en\/#organization\",\"name\":\"Lablemon International\",\"url\":\"https:\/\/www.glucodos.com\/en\/\",\"logo\":{\"@type\":\"ImageObject\",\"inLanguage\":\"en-US\",\"@id\":\"https:\/\/www.glucodos.com\/en\/#\/schema\/logo\/image\/\",\"url\":\"https:\/\/www.glucodos.com\/wp-content\/uploads\/2018\/11\/Lablemon_Logo_Heti-k\u00e4ytt\u00f6valmis-Glucodos-gukoosijuoma-2015_vector.png\",\"contentUrl\":\"https:\/\/www.glucodos.com\/wp-content\/uploads\/2018\/11\/Lablemon_Logo_Heti-k\u00e4ytt\u00f6valmis-Glucodos-gukoosijuoma-2015_vector.png\",\"width\":198,\"height\":110,\"caption\":\"Lablemon International\"},\"image\":{\"@id\":\"https:\/\/www.glucodos.com\/en\/#\/schema\/logo\/image\/\"}},{\"@type\":\"Person\",\"@id\":\"https:\/\/www.glucodos.com\/en\/#\/schema\/person\/3c4c59216c0d550fe2be0da5537e9621\",\"name\":\"admin\",\"image\":{\"@type\":\"ImageObject\",\"inLanguage\":\"en-US\",\"@id\":\"https:\/\/www.glucodos.com\/en\/#\/schema\/person\/image\/\",\"url\":\"https:\/\/secure.gravatar.com\/avatar\/42104cb832536137a64def7a31e59743?s=96&d=mm&r=g\",\"contentUrl\":\"https:\/\/secure.gravatar.com\/avatar\/42104cb832536137a64def7a31e59743?s=96&d=mm&r=g\",\"caption\":\"admin\"}}]}<\/script>\n<!-- \/ Yoast SEO plugin. -->","yoast_head_json":{"title":"Order GlucoDos - Glucodos - Easy Fresh Glucose Drink","description":"The Ready-To-Use Glucose drink - Glucodos 75g\/300ml. The minimum order amount is one bottle. The bottles are available in 20-unit.","robots":{"index":"index","follow":"follow","max-snippet":"max-snippet:-1","max-image-preview":"max-image-preview:large","max-video-preview":"max-video-preview:-1"},"canonical":"https:\/\/www.glucodos.com\/en\/order-glucodos\/","og_locale":"en_US","og_type":"article","og_title":"Order GlucoDos - Glucodos - Easy Fresh Glucose Drink","og_description":"The Ready-To-Use Glucose drink - Glucodos 75g\/300ml. The minimum order amount is one bottle. The bottles are available in 20-unit.","og_url":"https:\/\/www.glucodos.com\/en\/order-glucodos\/","og_site_name":"Glucodos","article_modified_time":"2023-11-06T15:36:32+00:00","og_image":[{"width":1600,"height":706,"url":"https:\/\/www.glucodos.com\/wp-content\/uploads\/2018\/10\/Glucodos-etu-lemon-kuva-1600-.jpg","type":"image\/jpeg"}],"twitter_card":"summary_large_image","twitter_misc":{"Est. reading time":"2 minutes"},"schema":{"@context":"https:\/\/schema.org","@graph":[{"@type":"Article","@id":"https:\/\/www.glucodos.com\/en\/order-glucodos\/#article","isPartOf":{"@id":"https:\/\/www.glucodos.com\/en\/order-glucodos\/"},"author":{"name":"admin","@id":"https:\/\/www.glucodos.com\/en\/#\/schema\/person\/3c4c59216c0d550fe2be0da5537e9621"},"headline":"Order GlucoDos","datePublished":"2018-10-27T12:53:15+00:00","dateModified":"2023-11-06T15:36:32+00:00","mainEntityOfPage":{"@id":"https:\/\/www.glucodos.com\/en\/order-glucodos\/"},"wordCount":112,"publisher":{"@id":"https:\/\/www.glucodos.com\/en\/#organization"},"image":{"@id":"https:\/\/www.glucodos.com\/en\/order-glucodos\/#primaryimage"},"thumbnailUrl":"https:\/\/www.glucodos.com\/wp-content\/uploads\/2018\/10\/Glucodos-etu-lemon-kuva-1600-.jpg","inLanguage":"en-US"},{"@type":"WebPage","@id":"https:\/\/www.glucodos.com\/en\/order-glucodos\/","url":"https:\/\/www.glucodos.com\/en\/order-glucodos\/","name":"Order GlucoDos - Glucodos - Easy Fresh Glucose Drink","isPartOf":{"@id":"https:\/\/www.glucodos.com\/en\/#website"},"primaryImageOfPage":{"@id":"https:\/\/www.glucodos.com\/en\/order-glucodos\/#primaryimage"},"image":{"@id":"https:\/\/www.glucodos.com\/en\/order-glucodos\/#primaryimage"},"thumbnailUrl":"https:\/\/www.glucodos.com\/wp-content\/uploads\/2018\/10\/Glucodos-etu-lemon-kuva-1600-.jpg","datePublished":"2018-10-27T12:53:15+00:00","dateModified":"2023-11-06T15:36:32+00:00","description":"The Ready-To-Use Glucose drink - Glucodos 75g\/300ml. The minimum order amount is one bottle. The bottles are available in 20-unit.","breadcrumb":{"@id":"https:\/\/www.glucodos.com\/en\/order-glucodos\/#breadcrumb"},"inLanguage":"en-US","potentialAction":[{"@type":"ReadAction","target":["https:\/\/www.glucodos.com\/en\/order-glucodos\/"]}]},{"@type":"ImageObject","inLanguage":"en-US","@id":"https:\/\/www.glucodos.com\/en\/order-glucodos\/#primaryimage","url":"https:\/\/www.glucodos.com\/wp-content\/uploads\/2018\/10\/Glucodos-etu-lemon-kuva-1600-.jpg","contentUrl":"https:\/\/www.glucodos.com\/wp-content\/uploads\/2018\/10\/Glucodos-etu-lemon-kuva-1600-.jpg","width":1600,"height":706,"caption":"Glucodos Lemon is a fresh glucose drink"},{"@type":"BreadcrumbList","@id":"https:\/\/www.glucodos.com\/en\/order-glucodos\/#breadcrumb","itemListElement":[{"@type":"ListItem","position":1,"name":"Home","item":"https:\/\/www.glucodos.com\/en\/"},{"@type":"ListItem","position":2,"name":"Order GlucoDos"}]},{"@type":"WebSite","@id":"https:\/\/www.glucodos.com\/en\/#website","url":"https:\/\/www.glucodos.com\/en\/","name":"Glucodos","description":"K&auml;ytt&ouml;valmis glukoosijuoma","publisher":{"@id":"https:\/\/www.glucodos.com\/en\/#organization"},"potentialAction":[{"@type":"SearchAction","target":{"@type":"EntryPoint","urlTemplate":"https:\/\/www.glucodos.com\/en\/?s={search_term_string}"},"query-input":{"@type":"PropertyValueSpecification","valueRequired":true,"valueName":"search_term_string"}}],"inLanguage":"en-US"},{"@type":"Organization","@id":"https:\/\/www.glucodos.com\/en\/#organization","name":"Lablemon International","url":"https:\/\/www.glucodos.com\/en\/","logo":{"@type":"ImageObject","inLanguage":"en-US","@id":"https:\/\/www.glucodos.com\/en\/#\/schema\/logo\/image\/","url":"https:\/\/www.glucodos.com\/wp-content\/uploads\/2018\/11\/Lablemon_Logo_Heti-k\u00e4ytt\u00f6valmis-Glucodos-gukoosijuoma-2015_vector.png","contentUrl":"https:\/\/www.glucodos.com\/wp-content\/uploads\/2018\/11\/Lablemon_Logo_Heti-k\u00e4ytt\u00f6valmis-Glucodos-gukoosijuoma-2015_vector.png","width":198,"height":110,"caption":"Lablemon International"},"image":{"@id":"https:\/\/www.glucodos.com\/en\/#\/schema\/logo\/image\/"}},{"@type":"Person","@id":"https:\/\/www.glucodos.com\/en\/#\/schema\/person\/3c4c59216c0d550fe2be0da5537e9621","name":"admin","image":{"@type":"ImageObject","inLanguage":"en-US","@id":"https:\/\/www.glucodos.com\/en\/#\/schema\/person\/image\/","url":"https:\/\/secure.gravatar.com\/avatar\/42104cb832536137a64def7a31e59743?s=96&d=mm&r=g","contentUrl":"https:\/\/secure.gravatar.com\/avatar\/42104cb832536137a64def7a31e59743?s=96&d=mm&r=g","caption":"admin"}}]}},"_links":{"self":[{"href":"https:\/\/www.glucodos.com\/en\/wp-json\/wp\/v2\/pages\/211"}],"collection":[{"href":"https:\/\/www.glucodos.com\/en\/wp-json\/wp\/v2\/pages"}],"about":[{"href":"https:\/\/www.glucodos.com\/en\/wp-json\/wp\/v2\/types\/page"}],"author":[{"embeddable":true,"href":"https:\/\/www.glucodos.com\/en\/wp-json\/wp\/v2\/users\/1"}],"replies":[{"embeddable":true,"href":"https:\/\/www.glucodos.com\/en\/wp-json\/wp\/v2\/comments?post=211"}],"version-history":[{"count":23,"href":"https:\/\/www.glucodos.com\/en\/wp-json\/wp\/v2\/pages\/211\/revisions"}],"predecessor-version":[{"id":981,"href":"https:\/\/www.glucodos.com\/en\/wp-json\/wp\/v2\/pages\/211\/revisions\/981"}],"wp:featuredmedia":[{"embeddable":true,"href":"https:\/\/www.glucodos.com\/en\/wp-json\/wp\/v2\/media\/137"}],"wp:attachment":[{"href":"https:\/\/www.glucodos.com\/en\/wp-json\/wp\/v2\/media?parent=211"}],"curies":[{"name":"wp","href":"https:\/\/api.w.org\/{rel}","templated":true}]}}