{"id":738,"date":"2019-04-17T18:03:02","date_gmt":"2019-04-17T18:03:02","guid":{"rendered":"https:\/\/www.glucodos.com\/?page_id=738"},"modified":"2019-04-17T20:47:55","modified_gmt":"2019-04-17T20:47:55","slug":"glucodos-allergen-free","status":"publish","type":"page","link":"https:\/\/www.glucodos.com\/en\/glucodos-allergen-free\/","title":{"rendered":"Allergen free production environment"},"content":{"rendered":"\n<figure class=\"wp-block-image\"><a href=\"https:\/\/www.glucodos.com\/wp-content\/uploads\/2019\/04\/GlucoDos-75-tuoteperhe-valmistetaan-allergeenivapaassa-tuotantoymp\u00e4rist\u00f6ss\u00e4-4591-1024x503.jpg\"><img loading=\"lazy\" decoding=\"async\" width=\"1024\" height=\"503\" src=\"https:\/\/www.glucodos.com\/wp-content\/uploads\/2019\/04\/GlucoDos-75-tuoteperhe-valmistetaan-allergeenivapaassa-tuotantoymp\u00e4rist\u00f6ss\u00e4-4591-1024x503.jpg\" alt=\"The GlucoDos 75 product family is manufactured in an allergen free production environment\" class=\"wp-image-713\" srcset=\"https:\/\/www.glucodos.com\/wp-content\/uploads\/2019\/04\/GlucoDos-75-tuoteperhe-valmistetaan-allergeenivapaassa-tuotantoymp\u00e4rist\u00f6ss\u00e4-4591-1024x503.jpg 1024w, https:\/\/www.glucodos.com\/wp-content\/uploads\/2019\/04\/GlucoDos-75-tuoteperhe-valmistetaan-allergeenivapaassa-tuotantoymp\u00e4rist\u00f6ss\u00e4-4591-300x147.jpg 300w, https:\/\/www.glucodos.com\/wp-content\/uploads\/2019\/04\/GlucoDos-75-tuoteperhe-valmistetaan-allergeenivapaassa-tuotantoymp\u00e4rist\u00f6ss\u00e4-4591-768x377.jpg 768w, https:\/\/www.glucodos.com\/wp-content\/uploads\/2019\/04\/GlucoDos-75-tuoteperhe-valmistetaan-allergeenivapaassa-tuotantoymp\u00e4rist\u00f6ss\u00e4-4591.jpg 1200w\" sizes=\"(max-width: 1024px) 100vw, 1024px\" \/><\/a><\/figure>\n\n\n\n<h2 class=\"wp-block-heading\">Allergen free production environment<\/h2>\n\n\n\n<p>Our glucose beverage production line is designed and used almost exclusively for the production of glucose drinks. Glucose beverage production environment is allergen free.<\/p>\n\n\n\n<p><strong>Cereals, eggs, crustaceans, fish, nuts, soy, milk, peanut, celery, mustard, sesame seeds or their preparations are not stored in the same production facilities.<\/strong><\/p>\n\n\n\n<p>Preparations, semi-finished or raw materials from the list below are not found in our production facilities, nor in our GlucoDos glucose drinks.<\/p>\n\n\n\n<figure class=\"wp-block-image\"><a href=\"https:\/\/www.glucodos.com\/wp-content\/uploads\/2019\/04\/Glucodos-Statement-Allergen-List_Allergeenivapaa-tuotantoymp\u00e4rist\u00f6-913x1024.png\"><img loading=\"lazy\" decoding=\"async\" width=\"913\" height=\"1024\" src=\"https:\/\/www.glucodos.com\/wp-content\/uploads\/2019\/04\/Glucodos-Statement-Allergen-List_Allergeenivapaa-tuotantoymp\u00e4rist\u00f6-913x1024.png\" alt=\"Glucose Drink GlucoDos The allergen statement of glucose drinks from the allergen free production environment.\" class=\"wp-image-572\" srcset=\"https:\/\/www.glucodos.com\/wp-content\/uploads\/2019\/04\/Glucodos-Statement-Allergen-List_Allergeenivapaa-tuotantoymp\u00e4rist\u00f6-913x1024.png 913w, https:\/\/www.glucodos.com\/wp-content\/uploads\/2019\/04\/Glucodos-Statement-Allergen-List_Allergeenivapaa-tuotantoymp\u00e4rist\u00f6-267x300.png 267w, https:\/\/www.glucodos.com\/wp-content\/uploads\/2019\/04\/Glucodos-Statement-Allergen-List_Allergeenivapaa-tuotantoymp\u00e4rist\u00f6-768x861.png 768w, https:\/\/www.glucodos.com\/wp-content\/uploads\/2019\/04\/Glucodos-Statement-Allergen-List_Allergeenivapaa-tuotantoymp\u00e4rist\u00f6.png 1594w\" sizes=\"(max-width: 913px) 100vw, 913px\" \/><\/a><\/figure>\n\n\n\n<figure class=\"wp-block-image\"><img loading=\"lazy\" decoding=\"async\" width=\"1024\" height=\"683\" src=\"https:\/\/www.glucodos.com\/wp-content\/uploads\/2019\/04\/GlucoDos-75-tuoteperhe-valmistetaan-allergeenivapaassa-tuotantoymp\u00e4rist\u00f6ss\u00e4-4640-1024x683.jpg\" alt=\"GlucoDos glukosedryck \u00e4r fr\u00e5n allergenfri produktionsmilj\u00f6\" class=\"wp-image-718\" srcset=\"https:\/\/www.glucodos.com\/wp-content\/uploads\/2019\/04\/GlucoDos-75-tuoteperhe-valmistetaan-allergeenivapaassa-tuotantoymp\u00e4rist\u00f6ss\u00e4-4640-1024x683.jpg 1024w, https:\/\/www.glucodos.com\/wp-content\/uploads\/2019\/04\/GlucoDos-75-tuoteperhe-valmistetaan-allergeenivapaassa-tuotantoymp\u00e4rist\u00f6ss\u00e4-4640-300x200.jpg 300w, https:\/\/www.glucodos.com\/wp-content\/uploads\/2019\/04\/GlucoDos-75-tuoteperhe-valmistetaan-allergeenivapaassa-tuotantoymp\u00e4rist\u00f6ss\u00e4-4640-768x512.jpg 768w, https:\/\/www.glucodos.com\/wp-content\/uploads\/2019\/04\/GlucoDos-75-tuoteperhe-valmistetaan-allergeenivapaassa-tuotantoymp\u00e4rist\u00f6ss\u00e4-4640.jpg 1200w\" sizes=\"(max-width: 1024px) 100vw, 1024px\" \/><\/figure>\n\n\n\n<h2 class=\"wp-block-heading\">Good reliable products and minimal ingredients<\/h2>\n\n\n\n<p>We have limited the amount of raw materials in our glucose drinks to a minimum.<\/p>\n\n\n\n<h4 class=\"wp-block-heading\"><strong>GlucoDos Makia 75g\/300ml:<\/strong><\/h4>\n\n\n\n<p>Neutral, designed for sensitive users who don&#8217;t want flavoring. Minimized amount of ingredients to make the product easy and affordable.<\/p>\n\n\n\n<p>Content: water, glucose (glucose monohydrate (82,5g)), citric acid (E-330), sodium benzoate (E-211), no flavor<\/p>\n\n\n\n<p>New GlucoDos Makia 75g \/ 300ml:<br>\nContent: water, glucose (glucose monohydrate (82,5g)), citric acid (E-330), potassium sorbate (E-202), no flavoring<\/p>\n\n\n\n<h4 class=\"wp-block-heading\"><strong>GlucoDos Lemon 75g\/300ml:<\/strong><\/h4>\n\n\n\n<p>Fresh, natural lemon flavor<br>Content: water, glucose (glucose monohydrate (82,5g)), citric acid (E-330), sodium benzoate (E-211), lemon flavor<br><\/p>\n\n\n\n<p>New Glucodos Lemon 75g \/ 300ml:<br>Content: water, glucose (glucose monohydrate (82,5g)), citric acid (E-330), potassium sorbate (E-202), lemon flavor<\/p>\n\n\n\n<h4 class=\"wp-block-heading\"><strong>GlucoDos Rasberry 75g\/300ml:<\/strong><\/h4>\n\n\n\n<p>For Nordic taste, synthetic flavor<\/p>\n\n\n\n<p>Content: water, glucose (glucose monohydrate (82,5g)), citric acid (E-330), sodium benzoate (E-211), artificial raspberry flavor<\/p>\n\n\n\n<p>For more information on our production, products, allergens or quality control, please contact Lablemon.<\/p>\n\n\n\n<p>We are happy to tell you more about our GlucoDos glucose drinks. <a href=\"https:\/\/www.glucodos.com\/order-glucodos-for-ogtt\/?lang=en\">Contact us!<\/a><\/p>\n\n\n\n<p>Learn more about our <a href=\"https:\/\/www.glucodos.com\/the-best-glucose-drink\/?lang=en\">glucose drinks here.<\/a><\/p>\n","protected":false},"excerpt":{"rendered":"<p>Allergen free production environment Our glucose beverage production line is designed and used almost exclusively for the production of glucose drinks. Glucose beverage production environment is allergen free. Cereals, eggs, crustaceans, fish, nuts, soy, milk, peanut, celery, mustard, sesame seeds &hellip; <a class=\"kt-excerpt-readmore\" href=\"https:\/\/www.glucodos.com\/en\/glucodos-allergen-free\/\" aria-label=\"Allergen free production environment\">Read More<\/a><\/p>\n","protected":false},"author":1,"featured_media":0,"parent":0,"menu_order":0,"comment_status":"closed","ping_status":"closed","template":"","meta":{"footnotes":""},"yoast_head":"<!-- This site is optimized with the Yoast SEO plugin v24.5 - https:\/\/yoast.com\/wordpress\/plugins\/seo\/ -->\n<title>Allergen free production environment - Glucodos Minimum Ingredients<\/title>\n<meta name=\"description\" content=\"Glucose drink production environment is allergen free. Cereals, eggs, crustaceans, fish, nuts, etc. are not stored in the same production facilities.\" \/>\n<meta name=\"robots\" content=\"index, follow, max-snippet:-1, max-image-preview:large, max-video-preview:-1\" \/>\n<link rel=\"canonical\" href=\"https:\/\/www.glucodos.com\/en\/glucodos-allergen-free\/\" \/>\n<meta property=\"og:locale\" content=\"en_US\" \/>\n<meta property=\"og:type\" content=\"article\" \/>\n<meta property=\"og:title\" content=\"Allergen free production environment - Glucodos Minimum Ingredients\" \/>\n<meta property=\"og:description\" content=\"Glucose drink production environment is allergen free. Cereals, eggs, crustaceans, fish, nuts, etc. are not stored in the same production facilities.\" \/>\n<meta property=\"og:url\" content=\"https:\/\/www.glucodos.com\/en\/glucodos-allergen-free\/\" \/>\n<meta property=\"og:site_name\" content=\"Glucodos\" \/>\n<meta property=\"article:modified_time\" content=\"2019-04-17T20:47:55+00:00\" \/>\n<meta property=\"og:image\" content=\"https:\/\/www.glucodos.com\/wp-content\/uploads\/2019\/04\/GlucoDos-75-tuoteperhe-valmistetaan-allergeenivapaassa-tuotantoymp\u00e4rist\u00f6ss\u00e4-4591-1024x503.jpg\" \/>\n<meta name=\"twitter:card\" content=\"summary_large_image\" \/>\n<meta name=\"twitter:label1\" content=\"Est. reading time\" \/>\n\t<meta name=\"twitter:data1\" content=\"1 minute\" \/>\n<script type=\"application\/ld+json\" class=\"yoast-schema-graph\">{\"@context\":\"https:\/\/schema.org\",\"@graph\":[{\"@type\":\"Article\",\"@id\":\"https:\/\/www.glucodos.com\/en\/glucodos-allergen-free\/#article\",\"isPartOf\":{\"@id\":\"https:\/\/www.glucodos.com\/en\/glucodos-allergen-free\/\"},\"author\":{\"name\":\"admin\",\"@id\":\"https:\/\/www.glucodos.com\/en\/#\/schema\/person\/3c4c59216c0d550fe2be0da5537e9621\"},\"headline\":\"Allergen free production environment\",\"datePublished\":\"2019-04-17T18:03:02+00:00\",\"dateModified\":\"2019-04-17T20:47:55+00:00\",\"mainEntityOfPage\":{\"@id\":\"https:\/\/www.glucodos.com\/en\/glucodos-allergen-free\/\"},\"wordCount\":254,\"publisher\":{\"@id\":\"https:\/\/www.glucodos.com\/en\/#organization\"},\"inLanguage\":\"en-US\"},{\"@type\":\"WebPage\",\"@id\":\"https:\/\/www.glucodos.com\/en\/glucodos-allergen-free\/\",\"url\":\"https:\/\/www.glucodos.com\/en\/glucodos-allergen-free\/\",\"name\":\"Allergen free production environment - Glucodos Minimum Ingredients\",\"isPartOf\":{\"@id\":\"https:\/\/www.glucodos.com\/en\/#website\"},\"datePublished\":\"2019-04-17T18:03:02+00:00\",\"dateModified\":\"2019-04-17T20:47:55+00:00\",\"description\":\"Glucose drink production environment is allergen free. Cereals, eggs, crustaceans, fish, nuts, etc. are not stored in the same production facilities.\",\"breadcrumb\":{\"@id\":\"https:\/\/www.glucodos.com\/en\/glucodos-allergen-free\/#breadcrumb\"},\"inLanguage\":\"en-US\",\"potentialAction\":[{\"@type\":\"ReadAction\",\"target\":[\"https:\/\/www.glucodos.com\/en\/glucodos-allergen-free\/\"]}]},{\"@type\":\"BreadcrumbList\",\"@id\":\"https:\/\/www.glucodos.com\/en\/glucodos-allergen-free\/#breadcrumb\",\"itemListElement\":[{\"@type\":\"ListItem\",\"position\":1,\"name\":\"Home\",\"item\":\"https:\/\/www.glucodos.com\/en\/\"},{\"@type\":\"ListItem\",\"position\":2,\"name\":\"Allergen free production environment\"}]},{\"@type\":\"WebSite\",\"@id\":\"https:\/\/www.glucodos.com\/en\/#website\",\"url\":\"https:\/\/www.glucodos.com\/en\/\",\"name\":\"Glucodos\",\"description\":\"K&auml;ytt&ouml;valmis glukoosijuoma\",\"publisher\":{\"@id\":\"https:\/\/www.glucodos.com\/en\/#organization\"},\"potentialAction\":[{\"@type\":\"SearchAction\",\"target\":{\"@type\":\"EntryPoint\",\"urlTemplate\":\"https:\/\/www.glucodos.com\/en\/?s={search_term_string}\"},\"query-input\":{\"@type\":\"PropertyValueSpecification\",\"valueRequired\":true,\"valueName\":\"search_term_string\"}}],\"inLanguage\":\"en-US\"},{\"@type\":\"Organization\",\"@id\":\"https:\/\/www.glucodos.com\/en\/#organization\",\"name\":\"Lablemon International\",\"url\":\"https:\/\/www.glucodos.com\/en\/\",\"logo\":{\"@type\":\"ImageObject\",\"inLanguage\":\"en-US\",\"@id\":\"https:\/\/www.glucodos.com\/en\/#\/schema\/logo\/image\/\",\"url\":\"https:\/\/www.glucodos.com\/wp-content\/uploads\/2018\/11\/Lablemon_Logo_Heti-k\u00e4ytt\u00f6valmis-Glucodos-gukoosijuoma-2015_vector.png\",\"contentUrl\":\"https:\/\/www.glucodos.com\/wp-content\/uploads\/2018\/11\/Lablemon_Logo_Heti-k\u00e4ytt\u00f6valmis-Glucodos-gukoosijuoma-2015_vector.png\",\"width\":198,\"height\":110,\"caption\":\"Lablemon International\"},\"image\":{\"@id\":\"https:\/\/www.glucodos.com\/en\/#\/schema\/logo\/image\/\"}},{\"@type\":\"Person\",\"@id\":\"https:\/\/www.glucodos.com\/en\/#\/schema\/person\/3c4c59216c0d550fe2be0da5537e9621\",\"name\":\"admin\",\"image\":{\"@type\":\"ImageObject\",\"inLanguage\":\"en-US\",\"@id\":\"https:\/\/www.glucodos.com\/en\/#\/schema\/person\/image\/\",\"url\":\"https:\/\/secure.gravatar.com\/avatar\/42104cb832536137a64def7a31e59743?s=96&d=mm&r=g\",\"contentUrl\":\"https:\/\/secure.gravatar.com\/avatar\/42104cb832536137a64def7a31e59743?s=96&d=mm&r=g\",\"caption\":\"admin\"}}]}<\/script>\n<!-- \/ Yoast SEO plugin. -->","yoast_head_json":{"title":"Allergen free production environment - Glucodos Minimum Ingredients","description":"Glucose drink production environment is allergen free. Cereals, eggs, crustaceans, fish, nuts, etc. are not stored in the same production facilities.","robots":{"index":"index","follow":"follow","max-snippet":"max-snippet:-1","max-image-preview":"max-image-preview:large","max-video-preview":"max-video-preview:-1"},"canonical":"https:\/\/www.glucodos.com\/en\/glucodos-allergen-free\/","og_locale":"en_US","og_type":"article","og_title":"Allergen free production environment - Glucodos Minimum Ingredients","og_description":"Glucose drink production environment is allergen free. Cereals, eggs, crustaceans, fish, nuts, etc. are not stored in the same production facilities.","og_url":"https:\/\/www.glucodos.com\/en\/glucodos-allergen-free\/","og_site_name":"Glucodos","article_modified_time":"2019-04-17T20:47:55+00:00","og_image":[{"url":"https:\/\/www.glucodos.com\/wp-content\/uploads\/2019\/04\/GlucoDos-75-tuoteperhe-valmistetaan-allergeenivapaassa-tuotantoymp\u00e4rist\u00f6ss\u00e4-4591-1024x503.jpg","type":"","width":"","height":""}],"twitter_card":"summary_large_image","twitter_misc":{"Est. reading time":"1 minute"},"schema":{"@context":"https:\/\/schema.org","@graph":[{"@type":"Article","@id":"https:\/\/www.glucodos.com\/en\/glucodos-allergen-free\/#article","isPartOf":{"@id":"https:\/\/www.glucodos.com\/en\/glucodos-allergen-free\/"},"author":{"name":"admin","@id":"https:\/\/www.glucodos.com\/en\/#\/schema\/person\/3c4c59216c0d550fe2be0da5537e9621"},"headline":"Allergen free production environment","datePublished":"2019-04-17T18:03:02+00:00","dateModified":"2019-04-17T20:47:55+00:00","mainEntityOfPage":{"@id":"https:\/\/www.glucodos.com\/en\/glucodos-allergen-free\/"},"wordCount":254,"publisher":{"@id":"https:\/\/www.glucodos.com\/en\/#organization"},"inLanguage":"en-US"},{"@type":"WebPage","@id":"https:\/\/www.glucodos.com\/en\/glucodos-allergen-free\/","url":"https:\/\/www.glucodos.com\/en\/glucodos-allergen-free\/","name":"Allergen free production environment - Glucodos Minimum Ingredients","isPartOf":{"@id":"https:\/\/www.glucodos.com\/en\/#website"},"datePublished":"2019-04-17T18:03:02+00:00","dateModified":"2019-04-17T20:47:55+00:00","description":"Glucose drink production environment is allergen free. Cereals, eggs, crustaceans, fish, nuts, etc. are not stored in the same production facilities.","breadcrumb":{"@id":"https:\/\/www.glucodos.com\/en\/glucodos-allergen-free\/#breadcrumb"},"inLanguage":"en-US","potentialAction":[{"@type":"ReadAction","target":["https:\/\/www.glucodos.com\/en\/glucodos-allergen-free\/"]}]},{"@type":"BreadcrumbList","@id":"https:\/\/www.glucodos.com\/en\/glucodos-allergen-free\/#breadcrumb","itemListElement":[{"@type":"ListItem","position":1,"name":"Home","item":"https:\/\/www.glucodos.com\/en\/"},{"@type":"ListItem","position":2,"name":"Allergen free production environment"}]},{"@type":"WebSite","@id":"https:\/\/www.glucodos.com\/en\/#website","url":"https:\/\/www.glucodos.com\/en\/","name":"Glucodos","description":"K&auml;ytt&ouml;valmis glukoosijuoma","publisher":{"@id":"https:\/\/www.glucodos.com\/en\/#organization"},"potentialAction":[{"@type":"SearchAction","target":{"@type":"EntryPoint","urlTemplate":"https:\/\/www.glucodos.com\/en\/?s={search_term_string}"},"query-input":{"@type":"PropertyValueSpecification","valueRequired":true,"valueName":"search_term_string"}}],"inLanguage":"en-US"},{"@type":"Organization","@id":"https:\/\/www.glucodos.com\/en\/#organization","name":"Lablemon International","url":"https:\/\/www.glucodos.com\/en\/","logo":{"@type":"ImageObject","inLanguage":"en-US","@id":"https:\/\/www.glucodos.com\/en\/#\/schema\/logo\/image\/","url":"https:\/\/www.glucodos.com\/wp-content\/uploads\/2018\/11\/Lablemon_Logo_Heti-k\u00e4ytt\u00f6valmis-Glucodos-gukoosijuoma-2015_vector.png","contentUrl":"https:\/\/www.glucodos.com\/wp-content\/uploads\/2018\/11\/Lablemon_Logo_Heti-k\u00e4ytt\u00f6valmis-Glucodos-gukoosijuoma-2015_vector.png","width":198,"height":110,"caption":"Lablemon International"},"image":{"@id":"https:\/\/www.glucodos.com\/en\/#\/schema\/logo\/image\/"}},{"@type":"Person","@id":"https:\/\/www.glucodos.com\/en\/#\/schema\/person\/3c4c59216c0d550fe2be0da5537e9621","name":"admin","image":{"@type":"ImageObject","inLanguage":"en-US","@id":"https:\/\/www.glucodos.com\/en\/#\/schema\/person\/image\/","url":"https:\/\/secure.gravatar.com\/avatar\/42104cb832536137a64def7a31e59743?s=96&d=mm&r=g","contentUrl":"https:\/\/secure.gravatar.com\/avatar\/42104cb832536137a64def7a31e59743?s=96&d=mm&r=g","caption":"admin"}}]}},"_links":{"self":[{"href":"https:\/\/www.glucodos.com\/en\/wp-json\/wp\/v2\/pages\/738"}],"collection":[{"href":"https:\/\/www.glucodos.com\/en\/wp-json\/wp\/v2\/pages"}],"about":[{"href":"https:\/\/www.glucodos.com\/en\/wp-json\/wp\/v2\/types\/page"}],"author":[{"embeddable":true,"href":"https:\/\/www.glucodos.com\/en\/wp-json\/wp\/v2\/users\/1"}],"replies":[{"embeddable":true,"href":"https:\/\/www.glucodos.com\/en\/wp-json\/wp\/v2\/comments?post=738"}],"version-history":[{"count":12,"href":"https:\/\/www.glucodos.com\/en\/wp-json\/wp\/v2\/pages\/738\/revisions"}],"predecessor-version":[{"id":767,"href":"https:\/\/www.glucodos.com\/en\/wp-json\/wp\/v2\/pages\/738\/revisions\/767"}],"wp:attachment":[{"href":"https:\/\/www.glucodos.com\/en\/wp-json\/wp\/v2\/media?parent=738"}],"curies":[{"name":"wp","href":"https:\/\/api.w.org\/{rel}","templated":true}]}}