{"id":171,"date":"2018-10-27T09:51:22","date_gmt":"2018-10-27T09:51:22","guid":{"rendered":"http:\/\/www.glucodos.com\/?page_id=171"},"modified":"2023-11-06T15:39:48","modified_gmt":"2023-11-06T15:39:48","slug":"telli-glukoosijook-glucodos","status":"publish","type":"page","link":"https:\/\/www.glucodos.com\/et\/telli-glukoosijook-glucodos\/","title":{"rendered":"Telli GlucoDos!"},"content":{"rendered":"<h2><a href=\"https:\/\/www.glucodos.com\/wp-content\/uploads\/2019\/04\/GlucoDos-Tuoteperhe-4503-3.jpg\"><img loading=\"lazy\" decoding=\"async\" class=\"alignnone size-full wp-image-627\" src=\"https:\/\/www.glucodos.com\/wp-content\/uploads\/2019\/04\/GlucoDos-Tuoteperhe-4503-3.jpg\" alt=\"\" width=\"1200\" height=\"677\" srcset=\"https:\/\/www.glucodos.com\/wp-content\/uploads\/2019\/04\/GlucoDos-Tuoteperhe-4503-3.jpg 1200w, https:\/\/www.glucodos.com\/wp-content\/uploads\/2019\/04\/GlucoDos-Tuoteperhe-4503-3-300x169.jpg 300w, https:\/\/www.glucodos.com\/wp-content\/uploads\/2019\/04\/GlucoDos-Tuoteperhe-4503-3-768x433.jpg 768w, https:\/\/www.glucodos.com\/wp-content\/uploads\/2019\/04\/GlucoDos-Tuoteperhe-4503-3-1024x578.jpg 1024w\" sizes=\"(max-width: 1200px) 100vw, 1200px\" \/><\/a><strong>Kust saab tellida Glucodos ?<\/strong><\/h2>\n<p>Gl\u00fckoosijook GlucoDos kergesti.\u00a0Pudelid on pakitud 20-pudelistesse kastidesse, mida on lihtne s\u00e4ilitada.<\/p>\n<div class=\"\">\n<p>Kirjuta e-posti oma kontaktandmed ja vajaminev kogus, saad e-posti teel pakkumise ja v\u00f5id tellimuse kinnitada.<\/p>\n<\/div>\n<h2>M\u00fc\u00fck ja klienditeenindus<a href=\"https:\/\/www.glucodos.com\/wp-content\/uploads\/2019\/04\/Glukoosijuomaa-l\u00f6ytyy-Magnum-Medicalin-varastosta-3-eri-makua-Glucodos-makia-Glucodos-Vadelma-ja-Glucodos-sitruuna.-4640.jpg\"><img loading=\"lazy\" decoding=\"async\" class=\"size-full wp-image-591 alignright\" src=\"https:\/\/www.glucodos.com\/wp-content\/uploads\/2019\/04\/Glukoosijuomaa-l\u00f6ytyy-Magnum-Medicalin-varastosta-3-eri-makua-Glucodos-makia-Glucodos-Vadelma-ja-Glucodos-sitruuna.-4640.jpg\" alt=\"Gl\u00fckoosijoogi v\u00f5ib leida Magnum Medicali poest, kus on 3 erinevat maitset, Glucodos makia, Glucodos Vaarika ja Glucodos sidrunit.\" width=\"320\" height=\"480\" srcset=\"https:\/\/www.glucodos.com\/wp-content\/uploads\/2019\/04\/Glukoosijuomaa-l\u00f6ytyy-Magnum-Medicalin-varastosta-3-eri-makua-Glucodos-makia-Glucodos-Vadelma-ja-Glucodos-sitruuna.-4640.jpg 320w, https:\/\/www.glucodos.com\/wp-content\/uploads\/2019\/04\/Glukoosijuomaa-l\u00f6ytyy-Magnum-Medicalin-varastosta-3-eri-makua-Glucodos-makia-Glucodos-Vadelma-ja-Glucodos-sitruuna.-4640-200x300.jpg 200w\" sizes=\"(max-width: 320px) 100vw, 320px\" \/><\/a><\/h2>\n<p class=\"p1\"><a href=\"https:\/\/learn4more.lpages.co\/glucose-drink-glucodos-free-quotation\/\">Hinnapakkumise taotlus<\/a><br \/>\n<a href=\"mailto:myynti@lablemon.com\">myynti ( at ) lablemon.com<\/a><\/p>\n<h3>Telli gl\u00fckoosijook GlucoDos<strong class=\"\"><br \/>\n<\/strong><\/h3>\n<div class=\"\">E-posti teel:\u00a0<a class=\"\" href=\"mailto:info@magnummedical.fi\">info@magnummedical.fi<\/a><\/div>\n<div class=\"\">Faksi teel: +358 20 759 8890<\/div>\n<div class=\"\">\n<p>Telefoni teel: +358 20 759 8897<\/p>\n<\/div>\n<div class=\"\"><strong class=\"\">Magnum Medical Finland Oy<br class=\"\" \/><\/strong>Heidehofintie 2<br class=\"\" \/>01300 Vantaa<\/div>\n<div class=\"\"><a class=\"\" href=\"http:\/\/www.magnummedical.fi\/\" target=\"_blank\" rel=\"noopener noreferrer\">www.magnummedical.fi<\/a><\/div>\n<div><\/div>\n<h3>Lisateavet selle:<\/h3>\n<div>\n<p>Glucodos Youtube: <a href=\"https:\/\/www.youtube.com\/channel\/UCUkq2vIriyJUsF_uXkAoq_Q\">Lablemon Youtube <\/a><\/p>\n<p>Glucodos SlideShare: <a href=\"https:\/\/www.slideshare.net\/lablemon\/glucodos-ready-to-use-glucose-drink-presentation-2018\">Glucodos j\u00e4rgmise<\/a><\/p>\n<div id=\"tw-target-text-container\" class=\"gsrt tw-ta-container tw-nfl\">\n<p id=\"tw-target-text\" class=\"tw-data-text tw-ta tw-text-medium\" dir=\"ltr\" data-placeholder=\"K\u00e4\u00e4nn\u00f6s\"><a href=\"http:\/\/eepurl.com\/dLD-Bk\"><span lang=\"et\" tabindex=\"0\">Telli meie GlucoDose uudiskiri siin!<\/span><\/a><\/p>\n<\/div>\n<\/div>\n","protected":false},"excerpt":{"rendered":"<p>Kust saab tellida Glucodos ? Gl\u00fckoosijook GlucoDos kergesti.\u00a0Pudelid on pakitud 20-pudelistesse kastidesse, mida on lihtne s\u00e4ilitada. Kirjuta e-posti oma kontaktandmed ja vajaminev kogus, saad e-posti teel pakkumise ja v\u00f5id tellimuse kinnitada. M\u00fc\u00fck ja klienditeenindus Hinnapakkumise taotlus myynti ( at ) &hellip; <a class=\"kt-excerpt-readmore\" href=\"https:\/\/www.glucodos.com\/et\/telli-glukoosijook-glucodos\/\" aria-label=\"Telli GlucoDos!\">Read More<\/a><\/p>\n","protected":false},"author":1,"featured_media":152,"parent":0,"menu_order":0,"comment_status":"closed","ping_status":"closed","template":"page-fullwidth.php","meta":{"footnotes":""},"yoast_head":"<!-- This site is optimized with the Yoast SEO plugin v24.5 - https:\/\/yoast.com\/wordpress\/plugins\/seo\/ -->\n<title>Telli GlucoDos! - Glucodos 75g \/ 300ml - Kiire tarne Eesti<\/title>\n<meta name=\"description\" content=\"Telli Gl\u00fckoosijook GlucoDos kergesti! Pudelid on pakitud 20-pudelistesse kastidesse, mida on lihtne s\u00e4ilitada. Glucodos 75g \/ 300ml\" \/>\n<meta name=\"robots\" content=\"index, follow, max-snippet:-1, max-image-preview:large, max-video-preview:-1\" \/>\n<link rel=\"canonical\" href=\"https:\/\/www.glucodos.com\/et\/telli-glukoosijook-glucodos\/\" \/>\n<meta property=\"og:locale\" content=\"et_EE\" \/>\n<meta property=\"og:type\" content=\"article\" \/>\n<meta property=\"og:title\" content=\"Telli GlucoDos! - Glucodos 75g \/ 300ml - Kiire tarne Eesti\" \/>\n<meta property=\"og:description\" content=\"Telli Gl\u00fckoosijook GlucoDos kergesti! Pudelid on pakitud 20-pudelistesse kastidesse, mida on lihtne s\u00e4ilitada. Glucodos 75g \/ 300ml\" \/>\n<meta property=\"og:url\" content=\"https:\/\/www.glucodos.com\/et\/telli-glukoosijook-glucodos\/\" \/>\n<meta property=\"og:site_name\" content=\"Glucodos\" \/>\n<meta property=\"article:modified_time\" content=\"2023-11-06T15:39:48+00:00\" \/>\n<meta property=\"og:image\" content=\"https:\/\/www.glucodos.com\/wp-content\/uploads\/2018\/10\/Glucodos-etu-lemon-kuva-1600-.jpg\" \/>\n\t<meta property=\"og:image:width\" content=\"1600\" \/>\n\t<meta property=\"og:image:height\" content=\"706\" \/>\n\t<meta property=\"og:image:type\" content=\"image\/jpeg\" \/>\n<meta name=\"twitter:card\" content=\"summary_large_image\" \/>\n<meta name=\"twitter:label1\" content=\"Est. reading time\" \/>\n\t<meta name=\"twitter:data1\" content=\"1 minut\" \/>\n<script type=\"application\/ld+json\" class=\"yoast-schema-graph\">{\"@context\":\"https:\/\/schema.org\",\"@graph\":[{\"@type\":\"Article\",\"@id\":\"https:\/\/www.glucodos.com\/et\/telli-glukoosijook-glucodos\/#article\",\"isPartOf\":{\"@id\":\"https:\/\/www.glucodos.com\/et\/telli-glukoosijook-glucodos\/\"},\"author\":{\"name\":\"admin\",\"@id\":\"https:\/\/www.glucodos.com\/et\/#\/schema\/person\/3c4c59216c0d550fe2be0da5537e9621\"},\"headline\":\"Telli GlucoDos!\",\"datePublished\":\"2018-10-27T09:51:22+00:00\",\"dateModified\":\"2023-11-06T15:39:48+00:00\",\"mainEntityOfPage\":{\"@id\":\"https:\/\/www.glucodos.com\/et\/telli-glukoosijook-glucodos\/\"},\"wordCount\":84,\"publisher\":{\"@id\":\"https:\/\/www.glucodos.com\/et\/#organization\"},\"image\":{\"@id\":\"https:\/\/www.glucodos.com\/et\/telli-glukoosijook-glucodos\/#primaryimage\"},\"thumbnailUrl\":\"https:\/\/www.glucodos.com\/wp-content\/uploads\/2018\/10\/Glucodos-etu-lemon-kuva-1600-.jpg\",\"inLanguage\":\"et\"},{\"@type\":\"WebPage\",\"@id\":\"https:\/\/www.glucodos.com\/et\/telli-glukoosijook-glucodos\/\",\"url\":\"https:\/\/www.glucodos.com\/et\/telli-glukoosijook-glucodos\/\",\"name\":\"Telli GlucoDos! - Glucodos 75g \/ 300ml - Kiire tarne Eesti\",\"isPartOf\":{\"@id\":\"https:\/\/www.glucodos.com\/et\/#website\"},\"primaryImageOfPage\":{\"@id\":\"https:\/\/www.glucodos.com\/et\/telli-glukoosijook-glucodos\/#primaryimage\"},\"image\":{\"@id\":\"https:\/\/www.glucodos.com\/et\/telli-glukoosijook-glucodos\/#primaryimage\"},\"thumbnailUrl\":\"https:\/\/www.glucodos.com\/wp-content\/uploads\/2018\/10\/Glucodos-etu-lemon-kuva-1600-.jpg\",\"datePublished\":\"2018-10-27T09:51:22+00:00\",\"dateModified\":\"2023-11-06T15:39:48+00:00\",\"description\":\"Telli Gl\u00fckoosijook GlucoDos kergesti! Pudelid on pakitud 20-pudelistesse kastidesse, mida on lihtne s\u00e4ilitada. Glucodos 75g \/ 300ml\",\"breadcrumb\":{\"@id\":\"https:\/\/www.glucodos.com\/et\/telli-glukoosijook-glucodos\/#breadcrumb\"},\"inLanguage\":\"et\",\"potentialAction\":[{\"@type\":\"ReadAction\",\"target\":[\"https:\/\/www.glucodos.com\/et\/telli-glukoosijook-glucodos\/\"]}]},{\"@type\":\"ImageObject\",\"inLanguage\":\"et\",\"@id\":\"https:\/\/www.glucodos.com\/et\/telli-glukoosijook-glucodos\/#primaryimage\",\"url\":\"https:\/\/www.glucodos.com\/wp-content\/uploads\/2018\/10\/Glucodos-etu-lemon-kuva-1600-.jpg\",\"contentUrl\":\"https:\/\/www.glucodos.com\/wp-content\/uploads\/2018\/10\/Glucodos-etu-lemon-kuva-1600-.jpg\",\"width\":1600,\"height\":706,\"caption\":\"Glucodos Lemon on k\u00f5igile v\u00e4rske gl\u00fckoosijook\"},{\"@type\":\"BreadcrumbList\",\"@id\":\"https:\/\/www.glucodos.com\/et\/telli-glukoosijook-glucodos\/#breadcrumb\",\"itemListElement\":[{\"@type\":\"ListItem\",\"position\":1,\"name\":\"Home\",\"item\":\"https:\/\/www.glucodos.com\/et\/\"},{\"@type\":\"ListItem\",\"position\":2,\"name\":\"Telli GlucoDos!\"}]},{\"@type\":\"WebSite\",\"@id\":\"https:\/\/www.glucodos.com\/et\/#website\",\"url\":\"https:\/\/www.glucodos.com\/et\/\",\"name\":\"Glucodos\",\"description\":\"K&auml;ytt&ouml;valmis glukoosijuoma\",\"publisher\":{\"@id\":\"https:\/\/www.glucodos.com\/et\/#organization\"},\"potentialAction\":[{\"@type\":\"SearchAction\",\"target\":{\"@type\":\"EntryPoint\",\"urlTemplate\":\"https:\/\/www.glucodos.com\/et\/?s={search_term_string}\"},\"query-input\":{\"@type\":\"PropertyValueSpecification\",\"valueRequired\":true,\"valueName\":\"search_term_string\"}}],\"inLanguage\":\"et\"},{\"@type\":\"Organization\",\"@id\":\"https:\/\/www.glucodos.com\/et\/#organization\",\"name\":\"Lablemon International\",\"url\":\"https:\/\/www.glucodos.com\/et\/\",\"logo\":{\"@type\":\"ImageObject\",\"inLanguage\":\"et\",\"@id\":\"https:\/\/www.glucodos.com\/et\/#\/schema\/logo\/image\/\",\"url\":\"https:\/\/www.glucodos.com\/wp-content\/uploads\/2018\/11\/Lablemon_Logo_Heti-k\u00e4ytt\u00f6valmis-Glucodos-gukoosijuoma-2015_vector.png\",\"contentUrl\":\"https:\/\/www.glucodos.com\/wp-content\/uploads\/2018\/11\/Lablemon_Logo_Heti-k\u00e4ytt\u00f6valmis-Glucodos-gukoosijuoma-2015_vector.png\",\"width\":198,\"height\":110,\"caption\":\"Lablemon International\"},\"image\":{\"@id\":\"https:\/\/www.glucodos.com\/et\/#\/schema\/logo\/image\/\"}},{\"@type\":\"Person\",\"@id\":\"https:\/\/www.glucodos.com\/et\/#\/schema\/person\/3c4c59216c0d550fe2be0da5537e9621\",\"name\":\"admin\",\"image\":{\"@type\":\"ImageObject\",\"inLanguage\":\"et\",\"@id\":\"https:\/\/www.glucodos.com\/et\/#\/schema\/person\/image\/\",\"url\":\"https:\/\/secure.gravatar.com\/avatar\/42104cb832536137a64def7a31e59743?s=96&d=mm&r=g\",\"contentUrl\":\"https:\/\/secure.gravatar.com\/avatar\/42104cb832536137a64def7a31e59743?s=96&d=mm&r=g\",\"caption\":\"admin\"}}]}<\/script>\n<!-- \/ Yoast SEO plugin. -->","yoast_head_json":{"title":"Telli GlucoDos! - Glucodos 75g \/ 300ml - Kiire tarne Eesti","description":"Telli Gl\u00fckoosijook GlucoDos kergesti! Pudelid on pakitud 20-pudelistesse kastidesse, mida on lihtne s\u00e4ilitada. Glucodos 75g \/ 300ml","robots":{"index":"index","follow":"follow","max-snippet":"max-snippet:-1","max-image-preview":"max-image-preview:large","max-video-preview":"max-video-preview:-1"},"canonical":"https:\/\/www.glucodos.com\/et\/telli-glukoosijook-glucodos\/","og_locale":"et_EE","og_type":"article","og_title":"Telli GlucoDos! - Glucodos 75g \/ 300ml - Kiire tarne Eesti","og_description":"Telli Gl\u00fckoosijook GlucoDos kergesti! Pudelid on pakitud 20-pudelistesse kastidesse, mida on lihtne s\u00e4ilitada. Glucodos 75g \/ 300ml","og_url":"https:\/\/www.glucodos.com\/et\/telli-glukoosijook-glucodos\/","og_site_name":"Glucodos","article_modified_time":"2023-11-06T15:39:48+00:00","og_image":[{"width":1600,"height":706,"url":"https:\/\/www.glucodos.com\/wp-content\/uploads\/2018\/10\/Glucodos-etu-lemon-kuva-1600-.jpg","type":"image\/jpeg"}],"twitter_card":"summary_large_image","twitter_misc":{"Est. reading time":"1 minut"},"schema":{"@context":"https:\/\/schema.org","@graph":[{"@type":"Article","@id":"https:\/\/www.glucodos.com\/et\/telli-glukoosijook-glucodos\/#article","isPartOf":{"@id":"https:\/\/www.glucodos.com\/et\/telli-glukoosijook-glucodos\/"},"author":{"name":"admin","@id":"https:\/\/www.glucodos.com\/et\/#\/schema\/person\/3c4c59216c0d550fe2be0da5537e9621"},"headline":"Telli GlucoDos!","datePublished":"2018-10-27T09:51:22+00:00","dateModified":"2023-11-06T15:39:48+00:00","mainEntityOfPage":{"@id":"https:\/\/www.glucodos.com\/et\/telli-glukoosijook-glucodos\/"},"wordCount":84,"publisher":{"@id":"https:\/\/www.glucodos.com\/et\/#organization"},"image":{"@id":"https:\/\/www.glucodos.com\/et\/telli-glukoosijook-glucodos\/#primaryimage"},"thumbnailUrl":"https:\/\/www.glucodos.com\/wp-content\/uploads\/2018\/10\/Glucodos-etu-lemon-kuva-1600-.jpg","inLanguage":"et"},{"@type":"WebPage","@id":"https:\/\/www.glucodos.com\/et\/telli-glukoosijook-glucodos\/","url":"https:\/\/www.glucodos.com\/et\/telli-glukoosijook-glucodos\/","name":"Telli GlucoDos! - Glucodos 75g \/ 300ml - Kiire tarne Eesti","isPartOf":{"@id":"https:\/\/www.glucodos.com\/et\/#website"},"primaryImageOfPage":{"@id":"https:\/\/www.glucodos.com\/et\/telli-glukoosijook-glucodos\/#primaryimage"},"image":{"@id":"https:\/\/www.glucodos.com\/et\/telli-glukoosijook-glucodos\/#primaryimage"},"thumbnailUrl":"https:\/\/www.glucodos.com\/wp-content\/uploads\/2018\/10\/Glucodos-etu-lemon-kuva-1600-.jpg","datePublished":"2018-10-27T09:51:22+00:00","dateModified":"2023-11-06T15:39:48+00:00","description":"Telli Gl\u00fckoosijook GlucoDos kergesti! Pudelid on pakitud 20-pudelistesse kastidesse, mida on lihtne s\u00e4ilitada. Glucodos 75g \/ 300ml","breadcrumb":{"@id":"https:\/\/www.glucodos.com\/et\/telli-glukoosijook-glucodos\/#breadcrumb"},"inLanguage":"et","potentialAction":[{"@type":"ReadAction","target":["https:\/\/www.glucodos.com\/et\/telli-glukoosijook-glucodos\/"]}]},{"@type":"ImageObject","inLanguage":"et","@id":"https:\/\/www.glucodos.com\/et\/telli-glukoosijook-glucodos\/#primaryimage","url":"https:\/\/www.glucodos.com\/wp-content\/uploads\/2018\/10\/Glucodos-etu-lemon-kuva-1600-.jpg","contentUrl":"https:\/\/www.glucodos.com\/wp-content\/uploads\/2018\/10\/Glucodos-etu-lemon-kuva-1600-.jpg","width":1600,"height":706,"caption":"Glucodos Lemon on k\u00f5igile v\u00e4rske gl\u00fckoosijook"},{"@type":"BreadcrumbList","@id":"https:\/\/www.glucodos.com\/et\/telli-glukoosijook-glucodos\/#breadcrumb","itemListElement":[{"@type":"ListItem","position":1,"name":"Home","item":"https:\/\/www.glucodos.com\/et\/"},{"@type":"ListItem","position":2,"name":"Telli GlucoDos!"}]},{"@type":"WebSite","@id":"https:\/\/www.glucodos.com\/et\/#website","url":"https:\/\/www.glucodos.com\/et\/","name":"Glucodos","description":"K&auml;ytt&ouml;valmis glukoosijuoma","publisher":{"@id":"https:\/\/www.glucodos.com\/et\/#organization"},"potentialAction":[{"@type":"SearchAction","target":{"@type":"EntryPoint","urlTemplate":"https:\/\/www.glucodos.com\/et\/?s={search_term_string}"},"query-input":{"@type":"PropertyValueSpecification","valueRequired":true,"valueName":"search_term_string"}}],"inLanguage":"et"},{"@type":"Organization","@id":"https:\/\/www.glucodos.com\/et\/#organization","name":"Lablemon International","url":"https:\/\/www.glucodos.com\/et\/","logo":{"@type":"ImageObject","inLanguage":"et","@id":"https:\/\/www.glucodos.com\/et\/#\/schema\/logo\/image\/","url":"https:\/\/www.glucodos.com\/wp-content\/uploads\/2018\/11\/Lablemon_Logo_Heti-k\u00e4ytt\u00f6valmis-Glucodos-gukoosijuoma-2015_vector.png","contentUrl":"https:\/\/www.glucodos.com\/wp-content\/uploads\/2018\/11\/Lablemon_Logo_Heti-k\u00e4ytt\u00f6valmis-Glucodos-gukoosijuoma-2015_vector.png","width":198,"height":110,"caption":"Lablemon International"},"image":{"@id":"https:\/\/www.glucodos.com\/et\/#\/schema\/logo\/image\/"}},{"@type":"Person","@id":"https:\/\/www.glucodos.com\/et\/#\/schema\/person\/3c4c59216c0d550fe2be0da5537e9621","name":"admin","image":{"@type":"ImageObject","inLanguage":"et","@id":"https:\/\/www.glucodos.com\/et\/#\/schema\/person\/image\/","url":"https:\/\/secure.gravatar.com\/avatar\/42104cb832536137a64def7a31e59743?s=96&d=mm&r=g","contentUrl":"https:\/\/secure.gravatar.com\/avatar\/42104cb832536137a64def7a31e59743?s=96&d=mm&r=g","caption":"admin"}}]}},"_links":{"self":[{"href":"https:\/\/www.glucodos.com\/et\/wp-json\/wp\/v2\/pages\/171"}],"collection":[{"href":"https:\/\/www.glucodos.com\/et\/wp-json\/wp\/v2\/pages"}],"about":[{"href":"https:\/\/www.glucodos.com\/et\/wp-json\/wp\/v2\/types\/page"}],"author":[{"embeddable":true,"href":"https:\/\/www.glucodos.com\/et\/wp-json\/wp\/v2\/users\/1"}],"replies":[{"embeddable":true,"href":"https:\/\/www.glucodos.com\/et\/wp-json\/wp\/v2\/comments?post=171"}],"version-history":[{"count":20,"href":"https:\/\/www.glucodos.com\/et\/wp-json\/wp\/v2\/pages\/171\/revisions"}],"predecessor-version":[{"id":984,"href":"https:\/\/www.glucodos.com\/et\/wp-json\/wp\/v2\/pages\/171\/revisions\/984"}],"wp:featuredmedia":[{"embeddable":true,"href":"https:\/\/www.glucodos.com\/et\/wp-json\/wp\/v2\/media\/152"}],"wp:attachment":[{"href":"https:\/\/www.glucodos.com\/et\/wp-json\/wp\/v2\/media?parent=171"}],"curies":[{"name":"wp","href":"https:\/\/api.w.org\/{rel}","templated":true}]}}