{"id":175,"date":"2018-10-27T09:55:26","date_gmt":"2018-10-27T09:55:26","guid":{"rendered":"http:\/\/www.glucodos.com\/?page_id=175"},"modified":"2024-01-30T08:37:50","modified_gmt":"2024-01-30T08:37:50","slug":"glukoosijoogi-glucodos","status":"publish","type":"page","link":"https:\/\/www.glucodos.com\/et\/glukoosijoogi-glucodos\/","title":{"rendered":"GlucoDos 75g Sidrun"},"content":{"rendered":"<h2><strong>Sidrunimaitseline Gl\u00fckoosijoogi <a href=\"https:\/\/www.glucodos.com\/wp-content\/uploads\/2019\/04\/GlucoDos-75-Lemon-300ml-4534.jpg\"><img loading=\"lazy\" decoding=\"async\" class=\"size-full wp-image-655 alignright\" src=\"https:\/\/www.glucodos.com\/wp-content\/uploads\/2019\/04\/GlucoDos-75-Lemon-300ml-4534.jpg\" alt=\"\" width=\"323\" height=\"480\" srcset=\"https:\/\/www.glucodos.com\/wp-content\/uploads\/2019\/04\/GlucoDos-75-Lemon-300ml-4534.jpg 323w, https:\/\/www.glucodos.com\/wp-content\/uploads\/2019\/04\/GlucoDos-75-Lemon-300ml-4534-202x300.jpg 202w\" sizes=\"(max-width: 323px) 100vw, 323px\" \/><\/a><\/strong><\/h2>\n<p>Uued v\u00e4rsked maitsed: sidrun<br class=\"\" \/>Gl\u00fckoosisisaldus: 75 g<br class=\"\" \/>Maht: 300 ml<\/p>\n<p><strong>S\u00e4ilivus ja s\u00e4ilitustingimused:<\/strong><\/p>\n<p>S\u00e4ilitada toatemperatuuril tootega kaasas olevas pappkastis, joogi s\u00e4ilivusaeg on 18 kuud alates tarnimisest.<\/p>\n<p><strong>Kasutamine:<\/strong><\/p>\n<p>Juua jahedalt. Enne kasutamist on soovitatav hoida u 24 tundi k\u00fclmkapis.<br class=\"\" \/>Enne kasutamist kergelt loksutada.<\/p>\n<p><strong>Pakendi suurused:<\/strong><\/p>\n<p>Pudeldatud 300 ml PET-plastpudelitesse<br class=\"\" \/>Kastis 20 pudelit<\/p>\n<h2><strong>Tooted:\u00a0<\/strong><strong class=\"\">GlucoDos 75g Sidrun<\/strong><\/h2>\n<p>Meie uurimis- ja arendusmeeskond on minimeerinud ahviliste kasutamist. GlucoDos Lemon on sidrunimaitseline jook, mis on loomuliku sidruniga uskumatu.<\/p>\n<p class=\"p1\">Tootekood: 670008<br \/>\nGl\u00fckoosisisaldus: 75g<br \/>\nSisaldab: gl\u00fckoos 75 g, vesi, E330, sidruni aroomiaine, E211<\/p>\n<h2><strong>Kasutusvalmis gl\u00fckoosijoogi GlucoDos eelised<a href=\"https:\/\/www.glucodos.com\/wp-content\/uploads\/2019\/04\/GlucoDos-75-300ml-LOT-expire-date-4573.jpg\"><img loading=\"lazy\" decoding=\"async\" class=\"size-full wp-image-668 alignright\" src=\"https:\/\/www.glucodos.com\/wp-content\/uploads\/2019\/04\/GlucoDos-75-300ml-LOT-expire-date-4573.jpg\" alt=\"\" width=\"320\" height=\"480\" srcset=\"https:\/\/www.glucodos.com\/wp-content\/uploads\/2019\/04\/GlucoDos-75-300ml-LOT-expire-date-4573.jpg 320w, https:\/\/www.glucodos.com\/wp-content\/uploads\/2019\/04\/GlucoDos-75-300ml-LOT-expire-date-4573-200x300.jpg 200w\" sizes=\"(max-width: 320px) 100vw, 320px\" \/><\/a><\/strong><\/h2>\n<ul class=\"\">\n<li style=\"list-style-type: none;\">\n<ul class=\"\">\n<li class=\"\">\n<div class=\"\">Joogid on v\u00e4rske maitsega ja lihtsalt tarbitavad<\/div>\n<\/li>\n<\/ul>\n<\/li>\n<\/ul>\n<ul class=\"\">\n<li style=\"list-style-type: none;\">\n<ul class=\"\">\n<li class=\"\">\n<div class=\"\">Lihtne kasutada, kasutajas\u00f5bralik kasutusvalmis gl\u00fckoosijook<\/div>\n<\/li>\n<\/ul>\n<\/li>\n<\/ul>\n<ul class=\"\">\n<li style=\"list-style-type: none;\">\n<ul class=\"\">\n<li class=\"\">\n<div class=\"\">Pikk s\u00e4ilivusaeg, toatemperatuuril<\/div>\n<\/li>\n<\/ul>\n<\/li>\n<\/ul>\n<ul class=\"\">\n<li style=\"list-style-type: none;\">\n<ul class=\"\">\n<li class=\"\">\n<div class=\"\">GlucoDosi tooted ei sisalda lenduvat s\u00fcsihapet (maitse s\u00e4ilib)<\/div>\n<\/li>\n<\/ul>\n<\/li>\n<\/ul>\n<ul class=\"\">\n<li style=\"list-style-type: none;\">\n<ul class=\"\">\n<li class=\"\">\n<div class=\"\">GlucoDosi tooted tarnitakse PET-plastpudelites, mida on lihtne transportida ja ladustada<\/div>\n<\/li>\n<\/ul>\n<\/li>\n<\/ul>\n<ul class=\"\">\n<li style=\"list-style-type: none;\">\n<ul class=\"\">\n<li class=\"\">\n<div class=\"\">Pappkastis on pudeleid mugav hoida<\/div>\n<\/li>\n<li class=\"\">\n<div class=\"\">Pudelid ja karbid on taaskasutatavad v\u00f5i p\u00f5letamisk\u00f5lblikud j\u00e4\u00e4tmed<\/div>\n<\/li>\n<\/ul>\n<\/li>\n<\/ul>\n<ul class=\"\">\n<li style=\"list-style-type: none;\">\n<ul class=\"\">\n<li class=\"\">\n<div class=\"\">\u00dchtlase kvaliteediga partiid<\/div>\n<\/li>\n<\/ul>\n<\/li>\n<\/ul>\n<ul class=\"\">\n<li style=\"list-style-type: none;\">\n<ul class=\"\">\n<li class=\"\">\n<div class=\"\">Tarnekindlus l\u00e4bi <a href=\"https:\/\/magnummedical.fi\/en\/\">Magnum Medical Oy<\/a><\/div>\n<\/li>\n<\/ul>\n<\/li>\n<\/ul>\n<h5><\/h5>\n<h4>Palun lugege meie gl\u00fckoosijoogi<br \/>\n<a href=\"https:\/\/www.glucodos.com\/glucodos-neutraalne-glukoosijoogi\/?lang=et\">GlucoDos Makia (neutraalne)<\/a> ja <a href=\"https:\/\/www.glucodos.com\/glukoosijoogi-vaarikas-glucodos-2\/?lang=et\">GlucoDos Vaarikas<\/a>!<\/h4>\n<p><a href=\"http:\/\/www.glucodos.com\/wp-content\/uploads\/2018\/10\/GlucoDos_Lemon_etiketti_2015.jpg\"><img loading=\"lazy\" decoding=\"async\" class=\"alignnone wp-image-153 size-full\" src=\"http:\/\/www.glucodos.com\/wp-content\/uploads\/2018\/10\/GlucoDos_Lemon_etiketti_2015.jpg\" alt=\"Kasutusvalmis gl\u00fckoosijoogi Glucodos 75g Sidrun - S\u00e4ilitada toatemperatuuril tootega kaasas olevas pappkastis, joogi s\u00e4ilivusaeg on 18 kuud alates tarnimisest.\" width=\"669\" height=\"590\" srcset=\"https:\/\/www.glucodos.com\/wp-content\/uploads\/2018\/10\/GlucoDos_Lemon_etiketti_2015.jpg 669w, https:\/\/www.glucodos.com\/wp-content\/uploads\/2018\/10\/GlucoDos_Lemon_etiketti_2015-300x265.jpg 300w\" sizes=\"(max-width: 669px) 100vw, 669px\" \/><\/a><\/p>\n","protected":false},"excerpt":{"rendered":"<p>Sidrunimaitseline Gl\u00fckoosijoogi Uued v\u00e4rsked maitsed: sidrunGl\u00fckoosisisaldus: 75 gMaht: 300 ml S\u00e4ilivus ja s\u00e4ilitustingimused: S\u00e4ilitada toatemperatuuril tootega kaasas olevas pappkastis, joogi s\u00e4ilivusaeg on 18 kuud alates tarnimisest. Kasutamine: Juua jahedalt. Enne kasutamist on soovitatav hoida u 24 tundi k\u00fclmkapis.Enne kasutamist kergelt &hellip; <a class=\"kt-excerpt-readmore\" href=\"https:\/\/www.glucodos.com\/et\/glukoosijoogi-glucodos\/\" aria-label=\"GlucoDos 75g Sidrun\">Read More<\/a><\/p>\n","protected":false},"author":1,"featured_media":0,"parent":0,"menu_order":0,"comment_status":"closed","ping_status":"closed","template":"page-fullwidth.php","meta":{"footnotes":""},"yoast_head":"<!-- This site is optimized with the Yoast SEO plugin v24.5 - https:\/\/yoast.com\/wordpress\/plugins\/seo\/ -->\n<title>Gl\u00fckoosijoogi GlucoDos 75g Sidrun - Glucodos Kasutusvalmis 75g\/300ml<\/title>\n<meta name=\"description\" content=\"Kasutusvalmis gl\u00fckoosijoogi Glucodos 75g - S\u00e4ilitada toatemperatuuril tootega kaasas olevas pappkastis, joogi s\u00e4ilivusaeg on 18 kuud alates tarnimisest.\" \/>\n<meta name=\"robots\" content=\"index, follow, max-snippet:-1, max-image-preview:large, max-video-preview:-1\" \/>\n<link rel=\"canonical\" href=\"https:\/\/www.glucodos.com\/et\/glukoosijoogi-glucodos\/\" \/>\n<meta property=\"og:locale\" content=\"et_EE\" \/>\n<meta property=\"og:type\" content=\"article\" \/>\n<meta property=\"og:title\" content=\"Gl\u00fckoosijoogi GlucoDos 75g Sidrun - Glucodos Kasutusvalmis 75g\/300ml\" \/>\n<meta property=\"og:description\" content=\"Kasutusvalmis gl\u00fckoosijoogi Glucodos 75g - S\u00e4ilitada toatemperatuuril tootega kaasas olevas pappkastis, joogi s\u00e4ilivusaeg on 18 kuud alates tarnimisest.\" \/>\n<meta property=\"og:url\" content=\"https:\/\/www.glucodos.com\/et\/glukoosijoogi-glucodos\/\" \/>\n<meta property=\"og:site_name\" content=\"Glucodos\" \/>\n<meta property=\"article:modified_time\" content=\"2024-01-30T08:37:50+00:00\" \/>\n<meta property=\"og:image\" content=\"https:\/\/www.glucodos.com\/wp-content\/uploads\/2019\/04\/GlucoDos-75-Lemon-300ml-4534.jpg\" \/>\n<meta name=\"twitter:card\" content=\"summary_large_image\" \/>\n<meta name=\"twitter:label1\" content=\"Est. reading time\" \/>\n\t<meta name=\"twitter:data1\" content=\"2 minutit\" \/>\n<script type=\"application\/ld+json\" class=\"yoast-schema-graph\">{\"@context\":\"https:\/\/schema.org\",\"@graph\":[{\"@type\":\"Article\",\"@id\":\"https:\/\/www.glucodos.com\/et\/glukoosijoogi-glucodos\/#article\",\"isPartOf\":{\"@id\":\"https:\/\/www.glucodos.com\/et\/glukoosijoogi-glucodos\/\"},\"author\":{\"name\":\"admin\",\"@id\":\"https:\/\/www.glucodos.com\/et\/#\/schema\/person\/3c4c59216c0d550fe2be0da5537e9621\"},\"headline\":\"GlucoDos 75g Sidrun\",\"datePublished\":\"2018-10-27T09:55:26+00:00\",\"dateModified\":\"2024-01-30T08:37:50+00:00\",\"mainEntityOfPage\":{\"@id\":\"https:\/\/www.glucodos.com\/et\/glukoosijoogi-glucodos\/\"},\"wordCount\":171,\"publisher\":{\"@id\":\"https:\/\/www.glucodos.com\/et\/#organization\"},\"image\":{\"@id\":\"https:\/\/www.glucodos.com\/et\/glukoosijoogi-glucodos\/#primaryimage\"},\"thumbnailUrl\":\"https:\/\/www.glucodos.com\/wp-content\/uploads\/2019\/04\/GlucoDos-75-Lemon-300ml-4534.jpg\",\"inLanguage\":\"et\"},{\"@type\":\"WebPage\",\"@id\":\"https:\/\/www.glucodos.com\/et\/glukoosijoogi-glucodos\/\",\"url\":\"https:\/\/www.glucodos.com\/et\/glukoosijoogi-glucodos\/\",\"name\":\"Gl\u00fckoosijoogi GlucoDos 75g Sidrun - Glucodos Kasutusvalmis 75g\/300ml\",\"isPartOf\":{\"@id\":\"https:\/\/www.glucodos.com\/et\/#website\"},\"primaryImageOfPage\":{\"@id\":\"https:\/\/www.glucodos.com\/et\/glukoosijoogi-glucodos\/#primaryimage\"},\"image\":{\"@id\":\"https:\/\/www.glucodos.com\/et\/glukoosijoogi-glucodos\/#primaryimage\"},\"thumbnailUrl\":\"https:\/\/www.glucodos.com\/wp-content\/uploads\/2019\/04\/GlucoDos-75-Lemon-300ml-4534.jpg\",\"datePublished\":\"2018-10-27T09:55:26+00:00\",\"dateModified\":\"2024-01-30T08:37:50+00:00\",\"description\":\"Kasutusvalmis gl\u00fckoosijoogi Glucodos 75g - S\u00e4ilitada toatemperatuuril tootega kaasas olevas pappkastis, joogi s\u00e4ilivusaeg on 18 kuud alates tarnimisest.\",\"breadcrumb\":{\"@id\":\"https:\/\/www.glucodos.com\/et\/glukoosijoogi-glucodos\/#breadcrumb\"},\"inLanguage\":\"et\",\"potentialAction\":[{\"@type\":\"ReadAction\",\"target\":[\"https:\/\/www.glucodos.com\/et\/glukoosijoogi-glucodos\/\"]}]},{\"@type\":\"ImageObject\",\"inLanguage\":\"et\",\"@id\":\"https:\/\/www.glucodos.com\/et\/glukoosijoogi-glucodos\/#primaryimage\",\"url\":\"https:\/\/www.glucodos.com\/wp-content\/uploads\/2019\/04\/GlucoDos-75-Lemon-300ml-4534.jpg\",\"contentUrl\":\"https:\/\/www.glucodos.com\/wp-content\/uploads\/2019\/04\/GlucoDos-75-Lemon-300ml-4534.jpg\"},{\"@type\":\"BreadcrumbList\",\"@id\":\"https:\/\/www.glucodos.com\/et\/glukoosijoogi-glucodos\/#breadcrumb\",\"itemListElement\":[{\"@type\":\"ListItem\",\"position\":1,\"name\":\"Home\",\"item\":\"https:\/\/www.glucodos.com\/et\/\"},{\"@type\":\"ListItem\",\"position\":2,\"name\":\"GlucoDos 75g Sidrun\"}]},{\"@type\":\"WebSite\",\"@id\":\"https:\/\/www.glucodos.com\/et\/#website\",\"url\":\"https:\/\/www.glucodos.com\/et\/\",\"name\":\"Glucodos\",\"description\":\"K&auml;ytt&ouml;valmis glukoosijuoma\",\"publisher\":{\"@id\":\"https:\/\/www.glucodos.com\/et\/#organization\"},\"potentialAction\":[{\"@type\":\"SearchAction\",\"target\":{\"@type\":\"EntryPoint\",\"urlTemplate\":\"https:\/\/www.glucodos.com\/et\/?s={search_term_string}\"},\"query-input\":{\"@type\":\"PropertyValueSpecification\",\"valueRequired\":true,\"valueName\":\"search_term_string\"}}],\"inLanguage\":\"et\"},{\"@type\":\"Organization\",\"@id\":\"https:\/\/www.glucodos.com\/et\/#organization\",\"name\":\"Lablemon International\",\"url\":\"https:\/\/www.glucodos.com\/et\/\",\"logo\":{\"@type\":\"ImageObject\",\"inLanguage\":\"et\",\"@id\":\"https:\/\/www.glucodos.com\/et\/#\/schema\/logo\/image\/\",\"url\":\"https:\/\/www.glucodos.com\/wp-content\/uploads\/2018\/11\/Lablemon_Logo_Heti-k\u00e4ytt\u00f6valmis-Glucodos-gukoosijuoma-2015_vector.png\",\"contentUrl\":\"https:\/\/www.glucodos.com\/wp-content\/uploads\/2018\/11\/Lablemon_Logo_Heti-k\u00e4ytt\u00f6valmis-Glucodos-gukoosijuoma-2015_vector.png\",\"width\":198,\"height\":110,\"caption\":\"Lablemon International\"},\"image\":{\"@id\":\"https:\/\/www.glucodos.com\/et\/#\/schema\/logo\/image\/\"}},{\"@type\":\"Person\",\"@id\":\"https:\/\/www.glucodos.com\/et\/#\/schema\/person\/3c4c59216c0d550fe2be0da5537e9621\",\"name\":\"admin\",\"image\":{\"@type\":\"ImageObject\",\"inLanguage\":\"et\",\"@id\":\"https:\/\/www.glucodos.com\/et\/#\/schema\/person\/image\/\",\"url\":\"https:\/\/secure.gravatar.com\/avatar\/42104cb832536137a64def7a31e59743?s=96&d=mm&r=g\",\"contentUrl\":\"https:\/\/secure.gravatar.com\/avatar\/42104cb832536137a64def7a31e59743?s=96&d=mm&r=g\",\"caption\":\"admin\"}}]}<\/script>\n<!-- \/ Yoast SEO plugin. -->","yoast_head_json":{"title":"Gl\u00fckoosijoogi GlucoDos 75g Sidrun - Glucodos Kasutusvalmis 75g\/300ml","description":"Kasutusvalmis gl\u00fckoosijoogi Glucodos 75g - S\u00e4ilitada toatemperatuuril tootega kaasas olevas pappkastis, joogi s\u00e4ilivusaeg on 18 kuud alates tarnimisest.","robots":{"index":"index","follow":"follow","max-snippet":"max-snippet:-1","max-image-preview":"max-image-preview:large","max-video-preview":"max-video-preview:-1"},"canonical":"https:\/\/www.glucodos.com\/et\/glukoosijoogi-glucodos\/","og_locale":"et_EE","og_type":"article","og_title":"Gl\u00fckoosijoogi GlucoDos 75g Sidrun - Glucodos Kasutusvalmis 75g\/300ml","og_description":"Kasutusvalmis gl\u00fckoosijoogi Glucodos 75g - S\u00e4ilitada toatemperatuuril tootega kaasas olevas pappkastis, joogi s\u00e4ilivusaeg on 18 kuud alates tarnimisest.","og_url":"https:\/\/www.glucodos.com\/et\/glukoosijoogi-glucodos\/","og_site_name":"Glucodos","article_modified_time":"2024-01-30T08:37:50+00:00","og_image":[{"url":"https:\/\/www.glucodos.com\/wp-content\/uploads\/2019\/04\/GlucoDos-75-Lemon-300ml-4534.jpg","type":"","width":"","height":""}],"twitter_card":"summary_large_image","twitter_misc":{"Est. reading time":"2 minutit"},"schema":{"@context":"https:\/\/schema.org","@graph":[{"@type":"Article","@id":"https:\/\/www.glucodos.com\/et\/glukoosijoogi-glucodos\/#article","isPartOf":{"@id":"https:\/\/www.glucodos.com\/et\/glukoosijoogi-glucodos\/"},"author":{"name":"admin","@id":"https:\/\/www.glucodos.com\/et\/#\/schema\/person\/3c4c59216c0d550fe2be0da5537e9621"},"headline":"GlucoDos 75g Sidrun","datePublished":"2018-10-27T09:55:26+00:00","dateModified":"2024-01-30T08:37:50+00:00","mainEntityOfPage":{"@id":"https:\/\/www.glucodos.com\/et\/glukoosijoogi-glucodos\/"},"wordCount":171,"publisher":{"@id":"https:\/\/www.glucodos.com\/et\/#organization"},"image":{"@id":"https:\/\/www.glucodos.com\/et\/glukoosijoogi-glucodos\/#primaryimage"},"thumbnailUrl":"https:\/\/www.glucodos.com\/wp-content\/uploads\/2019\/04\/GlucoDos-75-Lemon-300ml-4534.jpg","inLanguage":"et"},{"@type":"WebPage","@id":"https:\/\/www.glucodos.com\/et\/glukoosijoogi-glucodos\/","url":"https:\/\/www.glucodos.com\/et\/glukoosijoogi-glucodos\/","name":"Gl\u00fckoosijoogi GlucoDos 75g Sidrun - Glucodos Kasutusvalmis 75g\/300ml","isPartOf":{"@id":"https:\/\/www.glucodos.com\/et\/#website"},"primaryImageOfPage":{"@id":"https:\/\/www.glucodos.com\/et\/glukoosijoogi-glucodos\/#primaryimage"},"image":{"@id":"https:\/\/www.glucodos.com\/et\/glukoosijoogi-glucodos\/#primaryimage"},"thumbnailUrl":"https:\/\/www.glucodos.com\/wp-content\/uploads\/2019\/04\/GlucoDos-75-Lemon-300ml-4534.jpg","datePublished":"2018-10-27T09:55:26+00:00","dateModified":"2024-01-30T08:37:50+00:00","description":"Kasutusvalmis gl\u00fckoosijoogi Glucodos 75g - S\u00e4ilitada toatemperatuuril tootega kaasas olevas pappkastis, joogi s\u00e4ilivusaeg on 18 kuud alates tarnimisest.","breadcrumb":{"@id":"https:\/\/www.glucodos.com\/et\/glukoosijoogi-glucodos\/#breadcrumb"},"inLanguage":"et","potentialAction":[{"@type":"ReadAction","target":["https:\/\/www.glucodos.com\/et\/glukoosijoogi-glucodos\/"]}]},{"@type":"ImageObject","inLanguage":"et","@id":"https:\/\/www.glucodos.com\/et\/glukoosijoogi-glucodos\/#primaryimage","url":"https:\/\/www.glucodos.com\/wp-content\/uploads\/2019\/04\/GlucoDos-75-Lemon-300ml-4534.jpg","contentUrl":"https:\/\/www.glucodos.com\/wp-content\/uploads\/2019\/04\/GlucoDos-75-Lemon-300ml-4534.jpg"},{"@type":"BreadcrumbList","@id":"https:\/\/www.glucodos.com\/et\/glukoosijoogi-glucodos\/#breadcrumb","itemListElement":[{"@type":"ListItem","position":1,"name":"Home","item":"https:\/\/www.glucodos.com\/et\/"},{"@type":"ListItem","position":2,"name":"GlucoDos 75g Sidrun"}]},{"@type":"WebSite","@id":"https:\/\/www.glucodos.com\/et\/#website","url":"https:\/\/www.glucodos.com\/et\/","name":"Glucodos","description":"K&auml;ytt&ouml;valmis glukoosijuoma","publisher":{"@id":"https:\/\/www.glucodos.com\/et\/#organization"},"potentialAction":[{"@type":"SearchAction","target":{"@type":"EntryPoint","urlTemplate":"https:\/\/www.glucodos.com\/et\/?s={search_term_string}"},"query-input":{"@type":"PropertyValueSpecification","valueRequired":true,"valueName":"search_term_string"}}],"inLanguage":"et"},{"@type":"Organization","@id":"https:\/\/www.glucodos.com\/et\/#organization","name":"Lablemon International","url":"https:\/\/www.glucodos.com\/et\/","logo":{"@type":"ImageObject","inLanguage":"et","@id":"https:\/\/www.glucodos.com\/et\/#\/schema\/logo\/image\/","url":"https:\/\/www.glucodos.com\/wp-content\/uploads\/2018\/11\/Lablemon_Logo_Heti-k\u00e4ytt\u00f6valmis-Glucodos-gukoosijuoma-2015_vector.png","contentUrl":"https:\/\/www.glucodos.com\/wp-content\/uploads\/2018\/11\/Lablemon_Logo_Heti-k\u00e4ytt\u00f6valmis-Glucodos-gukoosijuoma-2015_vector.png","width":198,"height":110,"caption":"Lablemon International"},"image":{"@id":"https:\/\/www.glucodos.com\/et\/#\/schema\/logo\/image\/"}},{"@type":"Person","@id":"https:\/\/www.glucodos.com\/et\/#\/schema\/person\/3c4c59216c0d550fe2be0da5537e9621","name":"admin","image":{"@type":"ImageObject","inLanguage":"et","@id":"https:\/\/www.glucodos.com\/et\/#\/schema\/person\/image\/","url":"https:\/\/secure.gravatar.com\/avatar\/42104cb832536137a64def7a31e59743?s=96&d=mm&r=g","contentUrl":"https:\/\/secure.gravatar.com\/avatar\/42104cb832536137a64def7a31e59743?s=96&d=mm&r=g","caption":"admin"}}]}},"_links":{"self":[{"href":"https:\/\/www.glucodos.com\/et\/wp-json\/wp\/v2\/pages\/175"}],"collection":[{"href":"https:\/\/www.glucodos.com\/et\/wp-json\/wp\/v2\/pages"}],"about":[{"href":"https:\/\/www.glucodos.com\/et\/wp-json\/wp\/v2\/types\/page"}],"author":[{"embeddable":true,"href":"https:\/\/www.glucodos.com\/et\/wp-json\/wp\/v2\/users\/1"}],"replies":[{"embeddable":true,"href":"https:\/\/www.glucodos.com\/et\/wp-json\/wp\/v2\/comments?post=175"}],"version-history":[{"count":17,"href":"https:\/\/www.glucodos.com\/et\/wp-json\/wp\/v2\/pages\/175\/revisions"}],"predecessor-version":[{"id":1010,"href":"https:\/\/www.glucodos.com\/et\/wp-json\/wp\/v2\/pages\/175\/revisions\/1010"}],"wp:attachment":[{"href":"https:\/\/www.glucodos.com\/et\/wp-json\/wp\/v2\/media?parent=175"}],"curies":[{"name":"wp","href":"https:\/\/api.w.org\/{rel}","templated":true}]}}