{"id":178,"date":"2018-10-27T09:57:48","date_gmt":"2018-10-27T09:57:48","guid":{"rendered":"http:\/\/www.glucodos.com\/?page_id=178"},"modified":"2023-11-03T23:19:01","modified_gmt":"2023-11-03T23:19:01","slug":"parim-kasutusvalmis-glukoosijook","status":"publish","type":"page","link":"https:\/\/www.glucodos.com\/et\/parim-kasutusvalmis-glukoosijook\/","title":{"rendered":"Gl\u00fckoosijook 75g\/300ml toode"},"content":{"rendered":"<h1><a href=\"https:\/\/www.glucodos.com\/wp-content\/uploads\/2019\/04\/GlucoDos-Tuoteperhe-kaikki-4546.jpg\"><img loading=\"lazy\" decoding=\"async\" class=\"alignnone size-full wp-image-638\" src=\"https:\/\/www.glucodos.com\/wp-content\/uploads\/2019\/04\/GlucoDos-Tuoteperhe-kaikki-4546.jpg\" alt=\"\" width=\"1200\" height=\"545\" srcset=\"https:\/\/www.glucodos.com\/wp-content\/uploads\/2019\/04\/GlucoDos-Tuoteperhe-kaikki-4546.jpg 1200w, https:\/\/www.glucodos.com\/wp-content\/uploads\/2019\/04\/GlucoDos-Tuoteperhe-kaikki-4546-300x136.jpg 300w, https:\/\/www.glucodos.com\/wp-content\/uploads\/2019\/04\/GlucoDos-Tuoteperhe-kaikki-4546-768x349.jpg 768w, https:\/\/www.glucodos.com\/wp-content\/uploads\/2019\/04\/GlucoDos-Tuoteperhe-kaikki-4546-1024x465.jpg 1024w\" sizes=\"(max-width: 1200px) 100vw, 1200px\" \/><\/a><\/h1>\n<h1>Gl\u00fckoosijook 75g\/300ml toode<\/h1>\n<p>Meie gl\u00fckoosijoogid sobivad p\u00f5hjamaise maitse-eelistusega. Variandid on sidrunimaitseline sidruni maitsega\u00a0<strong class=\"\"><a href=\"https:\/\/www.glucodos.com\/glukoosijoogi-glucodos\/?lang=et\">GlucoDos Lemon<\/a>,<\/strong>\u00a0vaarikas maitsega\u00a0<strong class=\"\"><a href=\"https:\/\/www.glucodos.com\/glukoosijoogi-vaarikas-glucodos-2\/?lang=et\">GlucoDos Vaarikas<\/a><\/strong>\u00a0ja neutraalne maitsega<a href=\"https:\/\/www.glucodos.com\/glucodos-neutraalne-glukoosijoogi\/?lang=et\"> <strong class=\"\">GlucoDos Makia<\/strong><\/a>. Ehkki gl\u00fckoosijoogid on tavaliselt magusad ja imalad, on GlucoDos magususe tasakaalustanud ning teiste maitsete abil v\u00e4rskeks muutnud. GlucoDos maitseb k\u00f5ige paremini k\u00fclmalt ning me soovitamegi seda enne nautimist k\u00fclmkapis hoida.<\/p>\n<h2 class=\"\"><span class=\"\">Parimas vormis<a href=\"http:\/\/www.glucodos.com\/wp-content\/uploads\/2018\/10\/raikas_glukoosijuoma.jpg\"><img loading=\"lazy\" decoding=\"async\" class=\"alignright wp-image-155 size-full\" src=\"https:\/\/www.glucodos.com\/wp-content\/uploads\/2018\/10\/raikas_glukoosijuoma.jpg\" alt=\"Gl\u00fckoosijookid ja energia uuenemine sobivad ideaalselt! Gl\u00fckoosijook toode.\" width=\"300\" height=\"450\" srcset=\"https:\/\/www.glucodos.com\/wp-content\/uploads\/2018\/10\/raikas_glukoosijuoma.jpg 300w, https:\/\/www.glucodos.com\/wp-content\/uploads\/2018\/10\/raikas_glukoosijuoma-200x300.jpg 200w\" sizes=\"(max-width: 300px) 100vw, 300px\" \/><\/a><\/span><\/h2>\n<p>GlucoDos kasutusvalmis gl\u00fckoosijook s\u00e4\u00e4stab sind joogi segamisest. Jook on kohe kasutusvalmis, gl\u00fckoosisisaldus 75 g. Jook on pakitud keskkonnas\u00f5bralikku PET-plastpudelisse, seega pole ohtu, et pudel puruneb. Plastpudeleid on lihtne k\u00e4sitseda ja s\u00e4ilitada.<\/p>\n<h2 class=\"\">Parim kasutusvalmis gl\u00fckoosijook s\u00e4ilitamiseks<\/h2>\n<p>GlucoDosi gl\u00fckoosijook tarnitakse 20 pudeliga pappkastis, milles plastpudeleid on lihtne transportida ja ladustada. Plastpudelid ei klirise ega purune transpordil ning neid on kerge \u00fcmber paigutada. Pudeleid s\u00e4ilitatakse toatemperatuuril ning need ei v\u00f5ta k\u00fclmkambrist ruumi \u00e4ra. Gl\u00fckoosijoogi eeliseks on pikk s\u00e4ilivusaeg: 18 kuud alates tellimisest. GlucoDos ei sisalda s\u00fcsihapet ning selle v\u00e4rske maitse s\u00e4ilib pikalt ka s\u00e4ilitamisel.\u00a0<span lang=\"et\" tabindex=\"0\">Lisateave <a href=\"https:\/\/www.glucodos.com\/glukoosijoogi-glucodos\/?lang=et\">sidrunimaitselise<\/a>, <a href=\"https:\/\/www.glucodos.com\/glukoosijoogi-vaarikas-glucodos-2\/?lang=et\">vaarika maitsega<\/a> v\u00f5i <a href=\"https:\/\/www.glucodos.com\/glucodos-neutraalne-glukoosijoogi\/?lang=et\">magusa<\/a> gl\u00fckoosijooki kohta.<\/span><\/p>\n<h2 id=\"tw-target-text\" class=\"tw-data-text tw-ta tw-text-small\" dir=\"ltr\" data-placeholder=\"K\u00e4\u00e4nn\u00f6s\"><span lang=\"et\" tabindex=\"0\">Avasta Glucodose tutvustusvideo ja gl\u00fckoosijookide s\u00e4ilitamine<\/span><\/h2>\n<div class=\"entry-content-asset videofit\"><iframe loading=\"lazy\" title=\"Glucose Drink \/ Glukosdryck GLUCODOS  75g Ready-to-use for health care professionals and athletes\" width=\"1140\" height=\"641\" src=\"https:\/\/www.youtube.com\/embed\/gQFE8yjw4Rs?feature=oembed\" frameborder=\"0\" allow=\"accelerometer; autoplay; clipboard-write; encrypted-media; gyroscope; picture-in-picture; web-share\" allowfullscreen><\/iframe><\/div>\n","protected":false},"excerpt":{"rendered":"<p>Gl\u00fckoosijook 75g\/300ml toode Meie gl\u00fckoosijoogid sobivad p\u00f5hjamaise maitse-eelistusega. Variandid on sidrunimaitseline sidruni maitsega\u00a0GlucoDos Lemon,\u00a0vaarikas maitsega\u00a0GlucoDos Vaarikas\u00a0ja neutraalne maitsega GlucoDos Makia. Ehkki gl\u00fckoosijoogid on tavaliselt magusad ja imalad, on GlucoDos magususe tasakaalustanud ning teiste maitsete abil v\u00e4rskeks muutnud. GlucoDos maitseb k\u00f5ige &hellip; <a class=\"kt-excerpt-readmore\" href=\"https:\/\/www.glucodos.com\/et\/parim-kasutusvalmis-glukoosijook\/\" aria-label=\"Gl\u00fckoosijook 75g\/300ml toode\">Read More<\/a><\/p>\n","protected":false},"author":1,"featured_media":0,"parent":0,"menu_order":0,"comment_status":"closed","ping_status":"closed","template":"page-fullwidth.php","meta":{"footnotes":""},"yoast_head":"<!-- This site is optimized with the Yoast SEO plugin v24.5 - https:\/\/yoast.com\/wordpress\/plugins\/seo\/ -->\n<title>Gl\u00fckoosijook 75g\/300ml toode - Glucodos Kasutusvalmis gl\u00fckoosijook<\/title>\n<meta name=\"description\" content=\"Parim kasutusvalmis gl\u00fckoosijook GlucoDos 75g\/300ml. Meie gl\u00fckoosijoogid sobivad p\u00f5hjamaise maitse-eelistusega; Sidrun, Vaarikas, Neutraalne.\" \/>\n<meta name=\"robots\" content=\"index, follow, max-snippet:-1, max-image-preview:large, max-video-preview:-1\" \/>\n<link rel=\"canonical\" href=\"https:\/\/www.glucodos.com\/et\/parim-kasutusvalmis-glukoosijook\/\" \/>\n<meta property=\"og:locale\" content=\"et_EE\" \/>\n<meta property=\"og:type\" content=\"article\" \/>\n<meta property=\"og:title\" content=\"Gl\u00fckoosijook 75g\/300ml toode - Glucodos Kasutusvalmis gl\u00fckoosijook\" \/>\n<meta property=\"og:description\" content=\"Parim kasutusvalmis gl\u00fckoosijook GlucoDos 75g\/300ml. Meie gl\u00fckoosijoogid sobivad p\u00f5hjamaise maitse-eelistusega; Sidrun, Vaarikas, Neutraalne.\" \/>\n<meta property=\"og:url\" content=\"https:\/\/www.glucodos.com\/et\/parim-kasutusvalmis-glukoosijook\/\" \/>\n<meta property=\"og:site_name\" content=\"Glucodos\" \/>\n<meta property=\"article:modified_time\" content=\"2023-11-03T23:19:01+00:00\" \/>\n<meta property=\"og:image\" content=\"https:\/\/www.glucodos.com\/wp-content\/uploads\/2019\/04\/GlucoDos-Tuoteperhe-kaikki-4546.jpg\" \/>\n<meta name=\"twitter:card\" content=\"summary_large_image\" \/>\n<meta name=\"twitter:label1\" content=\"Est. reading time\" \/>\n\t<meta name=\"twitter:data1\" content=\"2 minutit\" \/>\n<script type=\"application\/ld+json\" class=\"yoast-schema-graph\">{\"@context\":\"https:\/\/schema.org\",\"@graph\":[{\"@type\":\"Article\",\"@id\":\"https:\/\/www.glucodos.com\/et\/parim-kasutusvalmis-glukoosijook\/#article\",\"isPartOf\":{\"@id\":\"https:\/\/www.glucodos.com\/et\/parim-kasutusvalmis-glukoosijook\/\"},\"author\":{\"name\":\"admin\",\"@id\":\"https:\/\/www.glucodos.com\/et\/#\/schema\/person\/3c4c59216c0d550fe2be0da5537e9621\"},\"headline\":\"Gl\u00fckoosijook 75g\/300ml toode\",\"datePublished\":\"2018-10-27T09:57:48+00:00\",\"dateModified\":\"2023-11-03T23:19:01+00:00\",\"mainEntityOfPage\":{\"@id\":\"https:\/\/www.glucodos.com\/et\/parim-kasutusvalmis-glukoosijook\/\"},\"wordCount\":205,\"publisher\":{\"@id\":\"https:\/\/www.glucodos.com\/et\/#organization\"},\"image\":{\"@id\":\"https:\/\/www.glucodos.com\/et\/parim-kasutusvalmis-glukoosijook\/#primaryimage\"},\"thumbnailUrl\":\"https:\/\/www.glucodos.com\/wp-content\/uploads\/2019\/04\/GlucoDos-Tuoteperhe-kaikki-4546.jpg\",\"inLanguage\":\"et\"},{\"@type\":\"WebPage\",\"@id\":\"https:\/\/www.glucodos.com\/et\/parim-kasutusvalmis-glukoosijook\/\",\"url\":\"https:\/\/www.glucodos.com\/et\/parim-kasutusvalmis-glukoosijook\/\",\"name\":\"Gl\u00fckoosijook 75g\/300ml toode - Glucodos Kasutusvalmis gl\u00fckoosijook\",\"isPartOf\":{\"@id\":\"https:\/\/www.glucodos.com\/et\/#website\"},\"primaryImageOfPage\":{\"@id\":\"https:\/\/www.glucodos.com\/et\/parim-kasutusvalmis-glukoosijook\/#primaryimage\"},\"image\":{\"@id\":\"https:\/\/www.glucodos.com\/et\/parim-kasutusvalmis-glukoosijook\/#primaryimage\"},\"thumbnailUrl\":\"https:\/\/www.glucodos.com\/wp-content\/uploads\/2019\/04\/GlucoDos-Tuoteperhe-kaikki-4546.jpg\",\"datePublished\":\"2018-10-27T09:57:48+00:00\",\"dateModified\":\"2023-11-03T23:19:01+00:00\",\"description\":\"Parim kasutusvalmis gl\u00fckoosijook GlucoDos 75g\/300ml. Meie gl\u00fckoosijoogid sobivad p\u00f5hjamaise maitse-eelistusega; Sidrun, Vaarikas, Neutraalne.\",\"breadcrumb\":{\"@id\":\"https:\/\/www.glucodos.com\/et\/parim-kasutusvalmis-glukoosijook\/#breadcrumb\"},\"inLanguage\":\"et\",\"potentialAction\":[{\"@type\":\"ReadAction\",\"target\":[\"https:\/\/www.glucodos.com\/et\/parim-kasutusvalmis-glukoosijook\/\"]}]},{\"@type\":\"ImageObject\",\"inLanguage\":\"et\",\"@id\":\"https:\/\/www.glucodos.com\/et\/parim-kasutusvalmis-glukoosijook\/#primaryimage\",\"url\":\"https:\/\/www.glucodos.com\/wp-content\/uploads\/2019\/04\/GlucoDos-Tuoteperhe-kaikki-4546.jpg\",\"contentUrl\":\"https:\/\/www.glucodos.com\/wp-content\/uploads\/2019\/04\/GlucoDos-Tuoteperhe-kaikki-4546.jpg\"},{\"@type\":\"BreadcrumbList\",\"@id\":\"https:\/\/www.glucodos.com\/et\/parim-kasutusvalmis-glukoosijook\/#breadcrumb\",\"itemListElement\":[{\"@type\":\"ListItem\",\"position\":1,\"name\":\"Home\",\"item\":\"https:\/\/www.glucodos.com\/et\/\"},{\"@type\":\"ListItem\",\"position\":2,\"name\":\"Gl\u00fckoosijook 75g\/300ml toode\"}]},{\"@type\":\"WebSite\",\"@id\":\"https:\/\/www.glucodos.com\/et\/#website\",\"url\":\"https:\/\/www.glucodos.com\/et\/\",\"name\":\"Glucodos\",\"description\":\"K&auml;ytt&ouml;valmis glukoosijuoma\",\"publisher\":{\"@id\":\"https:\/\/www.glucodos.com\/et\/#organization\"},\"potentialAction\":[{\"@type\":\"SearchAction\",\"target\":{\"@type\":\"EntryPoint\",\"urlTemplate\":\"https:\/\/www.glucodos.com\/et\/?s={search_term_string}\"},\"query-input\":{\"@type\":\"PropertyValueSpecification\",\"valueRequired\":true,\"valueName\":\"search_term_string\"}}],\"inLanguage\":\"et\"},{\"@type\":\"Organization\",\"@id\":\"https:\/\/www.glucodos.com\/et\/#organization\",\"name\":\"Lablemon International\",\"url\":\"https:\/\/www.glucodos.com\/et\/\",\"logo\":{\"@type\":\"ImageObject\",\"inLanguage\":\"et\",\"@id\":\"https:\/\/www.glucodos.com\/et\/#\/schema\/logo\/image\/\",\"url\":\"https:\/\/www.glucodos.com\/wp-content\/uploads\/2018\/11\/Lablemon_Logo_Heti-k\u00e4ytt\u00f6valmis-Glucodos-gukoosijuoma-2015_vector.png\",\"contentUrl\":\"https:\/\/www.glucodos.com\/wp-content\/uploads\/2018\/11\/Lablemon_Logo_Heti-k\u00e4ytt\u00f6valmis-Glucodos-gukoosijuoma-2015_vector.png\",\"width\":198,\"height\":110,\"caption\":\"Lablemon International\"},\"image\":{\"@id\":\"https:\/\/www.glucodos.com\/et\/#\/schema\/logo\/image\/\"}},{\"@type\":\"Person\",\"@id\":\"https:\/\/www.glucodos.com\/et\/#\/schema\/person\/3c4c59216c0d550fe2be0da5537e9621\",\"name\":\"admin\",\"image\":{\"@type\":\"ImageObject\",\"inLanguage\":\"et\",\"@id\":\"https:\/\/www.glucodos.com\/et\/#\/schema\/person\/image\/\",\"url\":\"https:\/\/secure.gravatar.com\/avatar\/42104cb832536137a64def7a31e59743?s=96&d=mm&r=g\",\"contentUrl\":\"https:\/\/secure.gravatar.com\/avatar\/42104cb832536137a64def7a31e59743?s=96&d=mm&r=g\",\"caption\":\"admin\"}}]}<\/script>\n<!-- \/ Yoast SEO plugin. -->","yoast_head_json":{"title":"Gl\u00fckoosijook 75g\/300ml toode - Glucodos Kasutusvalmis gl\u00fckoosijook","description":"Parim kasutusvalmis gl\u00fckoosijook GlucoDos 75g\/300ml. Meie gl\u00fckoosijoogid sobivad p\u00f5hjamaise maitse-eelistusega; Sidrun, Vaarikas, Neutraalne.","robots":{"index":"index","follow":"follow","max-snippet":"max-snippet:-1","max-image-preview":"max-image-preview:large","max-video-preview":"max-video-preview:-1"},"canonical":"https:\/\/www.glucodos.com\/et\/parim-kasutusvalmis-glukoosijook\/","og_locale":"et_EE","og_type":"article","og_title":"Gl\u00fckoosijook 75g\/300ml toode - Glucodos Kasutusvalmis gl\u00fckoosijook","og_description":"Parim kasutusvalmis gl\u00fckoosijook GlucoDos 75g\/300ml. Meie gl\u00fckoosijoogid sobivad p\u00f5hjamaise maitse-eelistusega; Sidrun, Vaarikas, Neutraalne.","og_url":"https:\/\/www.glucodos.com\/et\/parim-kasutusvalmis-glukoosijook\/","og_site_name":"Glucodos","article_modified_time":"2023-11-03T23:19:01+00:00","og_image":[{"url":"https:\/\/www.glucodos.com\/wp-content\/uploads\/2019\/04\/GlucoDos-Tuoteperhe-kaikki-4546.jpg","type":"","width":"","height":""}],"twitter_card":"summary_large_image","twitter_misc":{"Est. reading time":"2 minutit"},"schema":{"@context":"https:\/\/schema.org","@graph":[{"@type":"Article","@id":"https:\/\/www.glucodos.com\/et\/parim-kasutusvalmis-glukoosijook\/#article","isPartOf":{"@id":"https:\/\/www.glucodos.com\/et\/parim-kasutusvalmis-glukoosijook\/"},"author":{"name":"admin","@id":"https:\/\/www.glucodos.com\/et\/#\/schema\/person\/3c4c59216c0d550fe2be0da5537e9621"},"headline":"Gl\u00fckoosijook 75g\/300ml toode","datePublished":"2018-10-27T09:57:48+00:00","dateModified":"2023-11-03T23:19:01+00:00","mainEntityOfPage":{"@id":"https:\/\/www.glucodos.com\/et\/parim-kasutusvalmis-glukoosijook\/"},"wordCount":205,"publisher":{"@id":"https:\/\/www.glucodos.com\/et\/#organization"},"image":{"@id":"https:\/\/www.glucodos.com\/et\/parim-kasutusvalmis-glukoosijook\/#primaryimage"},"thumbnailUrl":"https:\/\/www.glucodos.com\/wp-content\/uploads\/2019\/04\/GlucoDos-Tuoteperhe-kaikki-4546.jpg","inLanguage":"et"},{"@type":"WebPage","@id":"https:\/\/www.glucodos.com\/et\/parim-kasutusvalmis-glukoosijook\/","url":"https:\/\/www.glucodos.com\/et\/parim-kasutusvalmis-glukoosijook\/","name":"Gl\u00fckoosijook 75g\/300ml toode - Glucodos Kasutusvalmis gl\u00fckoosijook","isPartOf":{"@id":"https:\/\/www.glucodos.com\/et\/#website"},"primaryImageOfPage":{"@id":"https:\/\/www.glucodos.com\/et\/parim-kasutusvalmis-glukoosijook\/#primaryimage"},"image":{"@id":"https:\/\/www.glucodos.com\/et\/parim-kasutusvalmis-glukoosijook\/#primaryimage"},"thumbnailUrl":"https:\/\/www.glucodos.com\/wp-content\/uploads\/2019\/04\/GlucoDos-Tuoteperhe-kaikki-4546.jpg","datePublished":"2018-10-27T09:57:48+00:00","dateModified":"2023-11-03T23:19:01+00:00","description":"Parim kasutusvalmis gl\u00fckoosijook GlucoDos 75g\/300ml. Meie gl\u00fckoosijoogid sobivad p\u00f5hjamaise maitse-eelistusega; Sidrun, Vaarikas, Neutraalne.","breadcrumb":{"@id":"https:\/\/www.glucodos.com\/et\/parim-kasutusvalmis-glukoosijook\/#breadcrumb"},"inLanguage":"et","potentialAction":[{"@type":"ReadAction","target":["https:\/\/www.glucodos.com\/et\/parim-kasutusvalmis-glukoosijook\/"]}]},{"@type":"ImageObject","inLanguage":"et","@id":"https:\/\/www.glucodos.com\/et\/parim-kasutusvalmis-glukoosijook\/#primaryimage","url":"https:\/\/www.glucodos.com\/wp-content\/uploads\/2019\/04\/GlucoDos-Tuoteperhe-kaikki-4546.jpg","contentUrl":"https:\/\/www.glucodos.com\/wp-content\/uploads\/2019\/04\/GlucoDos-Tuoteperhe-kaikki-4546.jpg"},{"@type":"BreadcrumbList","@id":"https:\/\/www.glucodos.com\/et\/parim-kasutusvalmis-glukoosijook\/#breadcrumb","itemListElement":[{"@type":"ListItem","position":1,"name":"Home","item":"https:\/\/www.glucodos.com\/et\/"},{"@type":"ListItem","position":2,"name":"Gl\u00fckoosijook 75g\/300ml toode"}]},{"@type":"WebSite","@id":"https:\/\/www.glucodos.com\/et\/#website","url":"https:\/\/www.glucodos.com\/et\/","name":"Glucodos","description":"K&auml;ytt&ouml;valmis glukoosijuoma","publisher":{"@id":"https:\/\/www.glucodos.com\/et\/#organization"},"potentialAction":[{"@type":"SearchAction","target":{"@type":"EntryPoint","urlTemplate":"https:\/\/www.glucodos.com\/et\/?s={search_term_string}"},"query-input":{"@type":"PropertyValueSpecification","valueRequired":true,"valueName":"search_term_string"}}],"inLanguage":"et"},{"@type":"Organization","@id":"https:\/\/www.glucodos.com\/et\/#organization","name":"Lablemon International","url":"https:\/\/www.glucodos.com\/et\/","logo":{"@type":"ImageObject","inLanguage":"et","@id":"https:\/\/www.glucodos.com\/et\/#\/schema\/logo\/image\/","url":"https:\/\/www.glucodos.com\/wp-content\/uploads\/2018\/11\/Lablemon_Logo_Heti-k\u00e4ytt\u00f6valmis-Glucodos-gukoosijuoma-2015_vector.png","contentUrl":"https:\/\/www.glucodos.com\/wp-content\/uploads\/2018\/11\/Lablemon_Logo_Heti-k\u00e4ytt\u00f6valmis-Glucodos-gukoosijuoma-2015_vector.png","width":198,"height":110,"caption":"Lablemon International"},"image":{"@id":"https:\/\/www.glucodos.com\/et\/#\/schema\/logo\/image\/"}},{"@type":"Person","@id":"https:\/\/www.glucodos.com\/et\/#\/schema\/person\/3c4c59216c0d550fe2be0da5537e9621","name":"admin","image":{"@type":"ImageObject","inLanguage":"et","@id":"https:\/\/www.glucodos.com\/et\/#\/schema\/person\/image\/","url":"https:\/\/secure.gravatar.com\/avatar\/42104cb832536137a64def7a31e59743?s=96&d=mm&r=g","contentUrl":"https:\/\/secure.gravatar.com\/avatar\/42104cb832536137a64def7a31e59743?s=96&d=mm&r=g","caption":"admin"}}]}},"_links":{"self":[{"href":"https:\/\/www.glucodos.com\/et\/wp-json\/wp\/v2\/pages\/178"}],"collection":[{"href":"https:\/\/www.glucodos.com\/et\/wp-json\/wp\/v2\/pages"}],"about":[{"href":"https:\/\/www.glucodos.com\/et\/wp-json\/wp\/v2\/types\/page"}],"author":[{"embeddable":true,"href":"https:\/\/www.glucodos.com\/et\/wp-json\/wp\/v2\/users\/1"}],"replies":[{"embeddable":true,"href":"https:\/\/www.glucodos.com\/et\/wp-json\/wp\/v2\/comments?post=178"}],"version-history":[{"count":19,"href":"https:\/\/www.glucodos.com\/et\/wp-json\/wp\/v2\/pages\/178\/revisions"}],"predecessor-version":[{"id":885,"href":"https:\/\/www.glucodos.com\/et\/wp-json\/wp\/v2\/pages\/178\/revisions\/885"}],"wp:attachment":[{"href":"https:\/\/www.glucodos.com\/et\/wp-json\/wp\/v2\/media?parent=178"}],"curies":[{"name":"wp","href":"https:\/\/api.w.org\/{rel}","templated":true}]}}