{"id":180,"date":"2018-10-27T09:59:23","date_gmt":"2018-10-27T09:59:23","guid":{"rendered":"http:\/\/www.glucodos.com\/?page_id=180"},"modified":"2023-11-06T16:22:21","modified_gmt":"2023-11-06T16:22:21","slug":"mitmeotstarbeline-glukoosijook","status":"publish","type":"page","link":"https:\/\/www.glucodos.com\/et\/","title":{"rendered":"Mitmeotstarbeline gl\u00fckoosijook"},"content":{"rendered":"<div class=\"\">\n<h1>Mitmeotstarbeline gl\u00fckoosijook<\/h1>\n<p>GlucoDos on v\u00e4rske ja maitsev gl\u00fckoosijook, mida kasutavad nii sportlased kui ka tervishoiulaborid. Euroopas juba laialdaselt kasutusel olev toode on n\u00fc\u00fcd saadaval ka Soomes. GlucoDosi tugev k\u00fclg on hea maitse k\u00f5rval ka see, et tarnekatkestusi ei saa tekkida. GlucoDosi abil tagad, et gl\u00fckoosijook sinu sahvris otsa ei saa!<\/p>\n<\/div>\n<p>GlucoDos-gl\u00fckoosi jook sobib n\u00e4iteks. sportlaste toitumise, energia taaskasutamise ja suhkru tasakaalu stabiliseerimise jaoks. GlucoDos Gl\u00fckoosijook sobib ka h\u00fcpogl\u00fckeemia raviks, n\u00e4iteks vastavalt diabeedi f\u00f6deratsiooni soovitustele ja tervishoiut\u00f6\u00f6tajate juhendamisel k\u00f5igis olukordades, kus on vaja puhast, kiiresti imenduvat s\u00fcsivesikut. Loe rohkem gl\u00fckoosijooki toote kohta (<a href=\"https:\/\/www.glucodos.com\/et\/glukoosijoogi-glucodos\/\">Glucodos 75g \/ 300ml sidrun<\/a>, <a href=\"https:\/\/www.glucodos.com\/et\/glukoosijoogi-vaarikas-glucodos-2\/\">Glucodos 75g \/ 300ml vaarikas<\/a> ja <a href=\"https:\/\/www.glucodos.com\/et\/glucodos-neutraalne-glukoosijoogi\/\">Glucodos 75g \/ 300ml magus (neutraalne)<\/a>) ja <a href=\"https:\/\/learn4more.lpages.co\/glucose-drink-glucodos-free-quotation\/\">k\u00fcsi pakkumist<\/a>!<\/p>\n<p dir=\"ltr\" data-placeholder=\"K\u00e4\u00e4nn\u00f6s\">\u00a0<\/p>\n\n\n<figure class=\"wp-block-gallery has-nested-images columns-default is-cropped wp-block-gallery-1 is-layout-flex wp-block-gallery-is-layout-flex\">\n<figure class=\"wp-block-image size-large\"><a href=\"https:\/\/www.glucodos.com\/et\/glukoosijoogi-glucodos\/\"><img loading=\"lazy\" decoding=\"async\" width=\"480\" height=\"480\" data-id=\"924\" src=\"https:\/\/www.glucodos.com\/wp-content\/uploads\/2023\/11\/Glucose-75g-Lemon-Drink-300ml-Glucodos-products-from-Lablemon-034534.jpg\" alt=\"Gl\u00fckoosilahus gl\u00fckoosijook 75g\/300ml Glucodos Lemon Bottle on lihtsalt kasutatav gl\u00fckoositoode\" class=\"wp-image-924\" srcset=\"https:\/\/www.glucodos.com\/wp-content\/uploads\/2023\/11\/Glucose-75g-Lemon-Drink-300ml-Glucodos-products-from-Lablemon-034534.jpg 480w, https:\/\/www.glucodos.com\/wp-content\/uploads\/2023\/11\/Glucose-75g-Lemon-Drink-300ml-Glucodos-products-from-Lablemon-034534-300x300.jpg 300w, https:\/\/www.glucodos.com\/wp-content\/uploads\/2023\/11\/Glucose-75g-Lemon-Drink-300ml-Glucodos-products-from-Lablemon-034534-150x150.jpg 150w\" sizes=\"(max-width: 480px) 100vw, 480px\" \/><\/a><figcaption class=\"wp-element-caption\">Gl\u00fckoosijoogi 75g\/300ml Sidrun<\/figcaption><\/figure>\n\n\n\n<figure class=\"wp-block-image size-large\"><a href=\"https:\/\/www.glucodos.com\/et\/glukoosijoogi-vaarikas-glucodos-2\/\"><img loading=\"lazy\" decoding=\"async\" width=\"480\" height=\"480\" data-id=\"927\" src=\"https:\/\/www.glucodos.com\/wp-content\/uploads\/2023\/11\/Glucose-75-Raspberry-Drink-300ml-Glucodos-products-from-Lablemon.jpg\" alt=\"Glukoosi 75g lemon flavored drink 300ml Glucodos\" class=\"wp-image-927\" srcset=\"https:\/\/www.glucodos.com\/wp-content\/uploads\/2023\/11\/Glucose-75-Raspberry-Drink-300ml-Glucodos-products-from-Lablemon.jpg 480w, https:\/\/www.glucodos.com\/wp-content\/uploads\/2023\/11\/Glucose-75-Raspberry-Drink-300ml-Glucodos-products-from-Lablemon-300x300.jpg 300w, https:\/\/www.glucodos.com\/wp-content\/uploads\/2023\/11\/Glucose-75-Raspberry-Drink-300ml-Glucodos-products-from-Lablemon-150x150.jpg 150w\" sizes=\"(max-width: 480px) 100vw, 480px\" \/><\/a><figcaption class=\"wp-element-caption\">Gl\u00fckoosijoogi 75g\/300ml Vaarikas<\/figcaption><\/figure>\n\n\n\n<figure class=\"wp-block-image size-large\"><a href=\"https:\/\/www.glucodos.com\/et\/glucodos-neutraalne-glukoosijoogi\/\"><img loading=\"lazy\" decoding=\"async\" width=\"480\" height=\"480\" data-id=\"925\" src=\"https:\/\/www.glucodos.com\/wp-content\/uploads\/2023\/11\/Glucose-75g-Neutral-sweet-Drink-300ml-Glucodos-products-from-Lablemon-024523.jpg\" alt=\"Glukoosi 75g lemon flavored drink 300ml Glucodos\" class=\"wp-image-925\" srcset=\"https:\/\/www.glucodos.com\/wp-content\/uploads\/2023\/11\/Glucose-75g-Neutral-sweet-Drink-300ml-Glucodos-products-from-Lablemon-024523.jpg 480w, https:\/\/www.glucodos.com\/wp-content\/uploads\/2023\/11\/Glucose-75g-Neutral-sweet-Drink-300ml-Glucodos-products-from-Lablemon-024523-300x300.jpg 300w, https:\/\/www.glucodos.com\/wp-content\/uploads\/2023\/11\/Glucose-75g-Neutral-sweet-Drink-300ml-Glucodos-products-from-Lablemon-024523-150x150.jpg 150w\" sizes=\"(max-width: 480px) 100vw, 480px\" \/><\/a><figcaption class=\"wp-element-caption\">Gl\u00fckoosijoogi 75g\/300ml Neutraalne<\/figcaption><\/figure>\n<\/figure>\n\n\n\n<p> <\/p>\n\n\n\n<h2 class=\"wp-block-heading\">K\u00fcsi pakkumist gl\u00fckoosijoogist!<\/h2>\n\n\n\n<p>Olete otsinud usaldusv\u00e4\u00e4rset gl\u00fckoosijooki, n\u00e4iteks gl\u00fckoosipulbri kasutamise asendamiseks? Vajate kohe valmistatud ja kergesti joodavat gl\u00fckoosilahust? Glucodos on t\u00e4pselt see. K\u00f5rgekvaliteediline, kergesti joodav ja usaldusv\u00e4\u00e4rne toode \u00fchtlase kvaliteediga \u2013 Glucodos on \u00f5ige valik, kui vajate mitmeid maitseid ja mugavat kasutajakogemust. Kas teadsite, et Glucodose gl\u00fckoosijook on gluteenivaba, loomsetest toodetest vaba (sobib veganitele) ja sobib ka Halal-kasutajatele!<\/p>\n\n\n\n<p>Kas vajate pakkumist Glucodose gl\u00fckoosijoogi kohta? See on lihtne! Kl\u00f5psake allolevat linki, ja peagi saate v\u00f5imaluse Glucodost oma ettev\u00f5ttes proovida. Pakkuge oma klientidele parimat kogemust Glucodose abil.<\/p>\n\n\n\n<p><a href=\"https:\/\/learn4more.lpages.co\/glucose-drink-glucodos-free-quotation\/\">Kas olete huvitatud? K\u00fcsige pakkumist gl\u00fckoosijoogi kohta siin.<\/a><\/p>\n\n\n\n<p id=\"tw-target-text\">&nbsp;<\/p>\n\n\n\n<h1 class=\"wp-block-heading\">Gl\u00fckoosijook, mis ei l\u00f5pe otsa<\/h1>\n\n\n\n<p>Vajad kiiresti gl\u00fckoosijooki? Tagame tarne juba 24 tunni jooksul alates tellimusest. Hoolitseme, et saad toote oma k\u00e4sutusse v\u00f5imalikult kiiresti p\u00e4rast tellimuse esitamist. GlucoDosi ladustamise ja jaotamisega tegeleb Soomes tuntud <a href=\"http:\/\/www.magnummedical.fi\">Magnum Medical<\/a>, mis tagab paindliku, kiire ja usaldusv\u00e4\u00e4rse jaotusteenuse k\u00f5ikjal Balti riigid.&nbsp;Lisateave<a href=\"https:\/\/www.glucodos.com\/glukoosijoogi-glucodos\/?lang=et\"> sidrunimaitselise<\/a>, <a href=\"https:\/\/www.glucodos.com\/glukoosijoogi-vaarikas-glucodos-2\/?lang=et\">vaarika maitseg<\/a>a v\u00f5i <a href=\"https:\/\/www.glucodos.com\/glucodos-neutraalne-glukoosijoogi\/?lang=et\">magusa<\/a> gl\u00fckoosijooki kohta.<\/p>\n\n\n\n<p id=\"tw-target-text\">Telli meie GlucoDose uudiskiri <a href=\"http:\/\/eepurl.com\/dLD-Bk\" target=\"_blank\" rel=\"noreferrer noopener\">siin!<\/a><\/p>\n\n\n\n<figure class=\"wp-block-image size-large\"><a href=\"https:\/\/www.glucodos.com\/wp-content\/uploads\/2023\/11\/Glucose-Drink-Banner-Glucose-75-Drink-Glucodos-products-from-Lablemon-014604-1024x393.jpg\"><img loading=\"lazy\" decoding=\"async\" width=\"1024\" height=\"393\" src=\"https:\/\/www.glucodos.com\/wp-content\/uploads\/2023\/11\/Glucose-Drink-Banner-Glucose-75-Drink-Glucodos-products-from-Lablemon-014604-1024x393.jpg\" alt=\"\" class=\"wp-image-942\" srcset=\"https:\/\/www.glucodos.com\/wp-content\/uploads\/2023\/11\/Glucose-Drink-Banner-Glucose-75-Drink-Glucodos-products-from-Lablemon-014604-1024x393.jpg 1024w, https:\/\/www.glucodos.com\/wp-content\/uploads\/2023\/11\/Glucose-Drink-Banner-Glucose-75-Drink-Glucodos-products-from-Lablemon-014604-300x115.jpg 300w, https:\/\/www.glucodos.com\/wp-content\/uploads\/2023\/11\/Glucose-Drink-Banner-Glucose-75-Drink-Glucodos-products-from-Lablemon-014604-768x295.jpg 768w, https:\/\/www.glucodos.com\/wp-content\/uploads\/2023\/11\/Glucose-Drink-Banner-Glucose-75-Drink-Glucodos-products-from-Lablemon-014604.jpg 1200w\" sizes=\"(max-width: 1024px) 100vw, 1024px\" \/><\/a><\/figure>\n","protected":false},"excerpt":{"rendered":"<p>Mitmeotstarbeline gl\u00fckoosijook GlucoDos on v\u00e4rske ja maitsev gl\u00fckoosijook, mida kasutavad nii sportlased kui ka tervishoiulaborid. Euroopas juba laialdaselt kasutusel olev toode on n\u00fc\u00fcd saadaval ka Soomes. GlucoDosi tugev k\u00fclg on hea maitse k\u00f5rval ka see, et tarnekatkestusi ei saa tekkida. &hellip; <a class=\"kt-excerpt-readmore\" href=\"https:\/\/www.glucodos.com\/et\/\" aria-label=\"Mitmeotstarbeline gl\u00fckoosijook\">Read More<\/a><\/p>\n","protected":false},"author":1,"featured_media":0,"parent":0,"menu_order":0,"comment_status":"closed","ping_status":"open","template":"page-fullwidth.php","meta":{"footnotes":""},"yoast_head":"<!-- This site is optimized with the Yoast SEO plugin v24.5 - https:\/\/yoast.com\/wordpress\/plugins\/seo\/ -->\n<title>Mitmeotstarbeline gl\u00fckoosijook - Glucodos usaldusv\u00e4\u00e4rne gl\u00fckoosijook<\/title>\n<meta name=\"description\" content=\"Gl\u00fckoosijook GlucoDos 75\/300ml on v\u00e4rske ja maitsev gl\u00fckoosijook, mida kasutavad nii sportlased kui ka tervishoiulaborid. Telli, Kiire Tarne!\" \/>\n<meta name=\"robots\" content=\"index, follow, max-snippet:-1, max-image-preview:large, max-video-preview:-1\" \/>\n<link rel=\"canonical\" href=\"https:\/\/www.glucodos.com\/et\/\" \/>\n<meta property=\"og:locale\" content=\"et_EE\" \/>\n<meta property=\"og:type\" content=\"article\" \/>\n<meta property=\"og:title\" content=\"Mitmeotstarbeline gl\u00fckoosijook - Glucodos usaldusv\u00e4\u00e4rne gl\u00fckoosijook\" \/>\n<meta property=\"og:description\" content=\"Gl\u00fckoosijook GlucoDos 75\/300ml on v\u00e4rske ja maitsev gl\u00fckoosijook, mida kasutavad nii sportlased kui ka tervishoiulaborid. Telli, Kiire Tarne!\" \/>\n<meta property=\"og:url\" content=\"https:\/\/www.glucodos.com\/et\/\" \/>\n<meta property=\"og:site_name\" content=\"Glucodos\" \/>\n<meta property=\"article:modified_time\" content=\"2023-11-06T16:22:21+00:00\" \/>\n<meta property=\"og:image\" content=\"https:\/\/www.glucodos.com\/wp-content\/uploads\/2023\/11\/Glucose-75g-Lemon-Drink-300ml-Glucodos-products-from-Lablemon-034534.jpg\" \/>\n<meta name=\"twitter:card\" content=\"summary_large_image\" \/>\n<meta name=\"twitter:label1\" content=\"Est. reading time\" \/>\n\t<meta name=\"twitter:data1\" content=\"3 minutit\" \/>\n<script type=\"application\/ld+json\" class=\"yoast-schema-graph\">{\"@context\":\"https:\/\/schema.org\",\"@graph\":[{\"@type\":\"Article\",\"@id\":\"https:\/\/www.glucodos.com\/et\/#article\",\"isPartOf\":{\"@id\":\"https:\/\/www.glucodos.com\/et\/\"},\"author\":{\"name\":\"admin\",\"@id\":\"https:\/\/www.glucodos.com\/et\/#\/schema\/person\/3c4c59216c0d550fe2be0da5537e9621\"},\"headline\":\"Mitmeotstarbeline gl\u00fckoosijook\",\"datePublished\":\"2018-10-27T09:59:23+00:00\",\"dateModified\":\"2023-11-06T16:22:21+00:00\",\"mainEntityOfPage\":{\"@id\":\"https:\/\/www.glucodos.com\/et\/\"},\"wordCount\":324,\"publisher\":{\"@id\":\"https:\/\/www.glucodos.com\/et\/#organization\"},\"image\":{\"@id\":\"https:\/\/www.glucodos.com\/et\/#primaryimage\"},\"thumbnailUrl\":\"https:\/\/www.glucodos.com\/wp-content\/uploads\/2023\/11\/Glucose-75g-Lemon-Drink-300ml-Glucodos-products-from-Lablemon-034534.jpg\",\"inLanguage\":\"et\"},{\"@type\":\"WebPage\",\"@id\":\"https:\/\/www.glucodos.com\/et\/\",\"url\":\"https:\/\/www.glucodos.com\/et\/\",\"name\":\"Mitmeotstarbeline gl\u00fckoosijook - Glucodos usaldusv\u00e4\u00e4rne gl\u00fckoosijook\",\"isPartOf\":{\"@id\":\"https:\/\/www.glucodos.com\/et\/#website\"},\"primaryImageOfPage\":{\"@id\":\"https:\/\/www.glucodos.com\/et\/#primaryimage\"},\"image\":{\"@id\":\"https:\/\/www.glucodos.com\/et\/#primaryimage\"},\"thumbnailUrl\":\"https:\/\/www.glucodos.com\/wp-content\/uploads\/2023\/11\/Glucose-75g-Lemon-Drink-300ml-Glucodos-products-from-Lablemon-034534.jpg\",\"datePublished\":\"2018-10-27T09:59:23+00:00\",\"dateModified\":\"2023-11-06T16:22:21+00:00\",\"description\":\"Gl\u00fckoosijook GlucoDos 75\/300ml on v\u00e4rske ja maitsev gl\u00fckoosijook, mida kasutavad nii sportlased kui ka tervishoiulaborid. Telli, Kiire Tarne!\",\"breadcrumb\":{\"@id\":\"https:\/\/www.glucodos.com\/et\/#breadcrumb\"},\"inLanguage\":\"et\",\"potentialAction\":[{\"@type\":\"ReadAction\",\"target\":[\"https:\/\/www.glucodos.com\/et\/\"]}]},{\"@type\":\"ImageObject\",\"inLanguage\":\"et\",\"@id\":\"https:\/\/www.glucodos.com\/et\/#primaryimage\",\"url\":\"https:\/\/www.glucodos.com\/wp-content\/uploads\/2023\/11\/Glucose-75g-Lemon-Drink-300ml-Glucodos-products-from-Lablemon-034534.jpg\",\"contentUrl\":\"https:\/\/www.glucodos.com\/wp-content\/uploads\/2023\/11\/Glucose-75g-Lemon-Drink-300ml-Glucodos-products-from-Lablemon-034534.jpg\"},{\"@type\":\"BreadcrumbList\",\"@id\":\"https:\/\/www.glucodos.com\/et\/#breadcrumb\",\"itemListElement\":[{\"@type\":\"ListItem\",\"position\":1,\"name\":\"Home\",\"item\":\"https:\/\/www.glucodos.com\/et\/\"},{\"@type\":\"ListItem\",\"position\":2,\"name\":\"Mitmeotstarbeline gl\u00fckoosijook\"}]},{\"@type\":\"WebSite\",\"@id\":\"https:\/\/www.glucodos.com\/et\/#website\",\"url\":\"https:\/\/www.glucodos.com\/et\/\",\"name\":\"Glucodos\",\"description\":\"K&auml;ytt&ouml;valmis glukoosijuoma\",\"publisher\":{\"@id\":\"https:\/\/www.glucodos.com\/et\/#organization\"},\"potentialAction\":[{\"@type\":\"SearchAction\",\"target\":{\"@type\":\"EntryPoint\",\"urlTemplate\":\"https:\/\/www.glucodos.com\/et\/?s={search_term_string}\"},\"query-input\":{\"@type\":\"PropertyValueSpecification\",\"valueRequired\":true,\"valueName\":\"search_term_string\"}}],\"inLanguage\":\"et\"},{\"@type\":\"Organization\",\"@id\":\"https:\/\/www.glucodos.com\/et\/#organization\",\"name\":\"Lablemon International\",\"url\":\"https:\/\/www.glucodos.com\/et\/\",\"logo\":{\"@type\":\"ImageObject\",\"inLanguage\":\"et\",\"@id\":\"https:\/\/www.glucodos.com\/et\/#\/schema\/logo\/image\/\",\"url\":\"https:\/\/www.glucodos.com\/wp-content\/uploads\/2018\/11\/Lablemon_Logo_Heti-k\u00e4ytt\u00f6valmis-Glucodos-gukoosijuoma-2015_vector.png\",\"contentUrl\":\"https:\/\/www.glucodos.com\/wp-content\/uploads\/2018\/11\/Lablemon_Logo_Heti-k\u00e4ytt\u00f6valmis-Glucodos-gukoosijuoma-2015_vector.png\",\"width\":198,\"height\":110,\"caption\":\"Lablemon International\"},\"image\":{\"@id\":\"https:\/\/www.glucodos.com\/et\/#\/schema\/logo\/image\/\"}},{\"@type\":\"Person\",\"@id\":\"https:\/\/www.glucodos.com\/et\/#\/schema\/person\/3c4c59216c0d550fe2be0da5537e9621\",\"name\":\"admin\",\"image\":{\"@type\":\"ImageObject\",\"inLanguage\":\"et\",\"@id\":\"https:\/\/www.glucodos.com\/et\/#\/schema\/person\/image\/\",\"url\":\"https:\/\/secure.gravatar.com\/avatar\/42104cb832536137a64def7a31e59743?s=96&d=mm&r=g\",\"contentUrl\":\"https:\/\/secure.gravatar.com\/avatar\/42104cb832536137a64def7a31e59743?s=96&d=mm&r=g\",\"caption\":\"admin\"}}]}<\/script>\n<!-- \/ Yoast SEO plugin. -->","yoast_head_json":{"title":"Mitmeotstarbeline gl\u00fckoosijook - Glucodos usaldusv\u00e4\u00e4rne gl\u00fckoosijook","description":"Gl\u00fckoosijook GlucoDos 75\/300ml on v\u00e4rske ja maitsev gl\u00fckoosijook, mida kasutavad nii sportlased kui ka tervishoiulaborid. Telli, Kiire Tarne!","robots":{"index":"index","follow":"follow","max-snippet":"max-snippet:-1","max-image-preview":"max-image-preview:large","max-video-preview":"max-video-preview:-1"},"canonical":"https:\/\/www.glucodos.com\/et\/","og_locale":"et_EE","og_type":"article","og_title":"Mitmeotstarbeline gl\u00fckoosijook - Glucodos usaldusv\u00e4\u00e4rne gl\u00fckoosijook","og_description":"Gl\u00fckoosijook GlucoDos 75\/300ml on v\u00e4rske ja maitsev gl\u00fckoosijook, mida kasutavad nii sportlased kui ka tervishoiulaborid. Telli, Kiire Tarne!","og_url":"https:\/\/www.glucodos.com\/et\/","og_site_name":"Glucodos","article_modified_time":"2023-11-06T16:22:21+00:00","og_image":[{"url":"https:\/\/www.glucodos.com\/wp-content\/uploads\/2023\/11\/Glucose-75g-Lemon-Drink-300ml-Glucodos-products-from-Lablemon-034534.jpg","type":"","width":"","height":""}],"twitter_card":"summary_large_image","twitter_misc":{"Est. reading time":"3 minutit"},"schema":{"@context":"https:\/\/schema.org","@graph":[{"@type":"Article","@id":"https:\/\/www.glucodos.com\/et\/#article","isPartOf":{"@id":"https:\/\/www.glucodos.com\/et\/"},"author":{"name":"admin","@id":"https:\/\/www.glucodos.com\/et\/#\/schema\/person\/3c4c59216c0d550fe2be0da5537e9621"},"headline":"Mitmeotstarbeline gl\u00fckoosijook","datePublished":"2018-10-27T09:59:23+00:00","dateModified":"2023-11-06T16:22:21+00:00","mainEntityOfPage":{"@id":"https:\/\/www.glucodos.com\/et\/"},"wordCount":324,"publisher":{"@id":"https:\/\/www.glucodos.com\/et\/#organization"},"image":{"@id":"https:\/\/www.glucodos.com\/et\/#primaryimage"},"thumbnailUrl":"https:\/\/www.glucodos.com\/wp-content\/uploads\/2023\/11\/Glucose-75g-Lemon-Drink-300ml-Glucodos-products-from-Lablemon-034534.jpg","inLanguage":"et"},{"@type":"WebPage","@id":"https:\/\/www.glucodos.com\/et\/","url":"https:\/\/www.glucodos.com\/et\/","name":"Mitmeotstarbeline gl\u00fckoosijook - Glucodos usaldusv\u00e4\u00e4rne gl\u00fckoosijook","isPartOf":{"@id":"https:\/\/www.glucodos.com\/et\/#website"},"primaryImageOfPage":{"@id":"https:\/\/www.glucodos.com\/et\/#primaryimage"},"image":{"@id":"https:\/\/www.glucodos.com\/et\/#primaryimage"},"thumbnailUrl":"https:\/\/www.glucodos.com\/wp-content\/uploads\/2023\/11\/Glucose-75g-Lemon-Drink-300ml-Glucodos-products-from-Lablemon-034534.jpg","datePublished":"2018-10-27T09:59:23+00:00","dateModified":"2023-11-06T16:22:21+00:00","description":"Gl\u00fckoosijook GlucoDos 75\/300ml on v\u00e4rske ja maitsev gl\u00fckoosijook, mida kasutavad nii sportlased kui ka tervishoiulaborid. Telli, Kiire Tarne!","breadcrumb":{"@id":"https:\/\/www.glucodos.com\/et\/#breadcrumb"},"inLanguage":"et","potentialAction":[{"@type":"ReadAction","target":["https:\/\/www.glucodos.com\/et\/"]}]},{"@type":"ImageObject","inLanguage":"et","@id":"https:\/\/www.glucodos.com\/et\/#primaryimage","url":"https:\/\/www.glucodos.com\/wp-content\/uploads\/2023\/11\/Glucose-75g-Lemon-Drink-300ml-Glucodos-products-from-Lablemon-034534.jpg","contentUrl":"https:\/\/www.glucodos.com\/wp-content\/uploads\/2023\/11\/Glucose-75g-Lemon-Drink-300ml-Glucodos-products-from-Lablemon-034534.jpg"},{"@type":"BreadcrumbList","@id":"https:\/\/www.glucodos.com\/et\/#breadcrumb","itemListElement":[{"@type":"ListItem","position":1,"name":"Home","item":"https:\/\/www.glucodos.com\/et\/"},{"@type":"ListItem","position":2,"name":"Mitmeotstarbeline gl\u00fckoosijook"}]},{"@type":"WebSite","@id":"https:\/\/www.glucodos.com\/et\/#website","url":"https:\/\/www.glucodos.com\/et\/","name":"Glucodos","description":"K&auml;ytt&ouml;valmis glukoosijuoma","publisher":{"@id":"https:\/\/www.glucodos.com\/et\/#organization"},"potentialAction":[{"@type":"SearchAction","target":{"@type":"EntryPoint","urlTemplate":"https:\/\/www.glucodos.com\/et\/?s={search_term_string}"},"query-input":{"@type":"PropertyValueSpecification","valueRequired":true,"valueName":"search_term_string"}}],"inLanguage":"et"},{"@type":"Organization","@id":"https:\/\/www.glucodos.com\/et\/#organization","name":"Lablemon International","url":"https:\/\/www.glucodos.com\/et\/","logo":{"@type":"ImageObject","inLanguage":"et","@id":"https:\/\/www.glucodos.com\/et\/#\/schema\/logo\/image\/","url":"https:\/\/www.glucodos.com\/wp-content\/uploads\/2018\/11\/Lablemon_Logo_Heti-k\u00e4ytt\u00f6valmis-Glucodos-gukoosijuoma-2015_vector.png","contentUrl":"https:\/\/www.glucodos.com\/wp-content\/uploads\/2018\/11\/Lablemon_Logo_Heti-k\u00e4ytt\u00f6valmis-Glucodos-gukoosijuoma-2015_vector.png","width":198,"height":110,"caption":"Lablemon International"},"image":{"@id":"https:\/\/www.glucodos.com\/et\/#\/schema\/logo\/image\/"}},{"@type":"Person","@id":"https:\/\/www.glucodos.com\/et\/#\/schema\/person\/3c4c59216c0d550fe2be0da5537e9621","name":"admin","image":{"@type":"ImageObject","inLanguage":"et","@id":"https:\/\/www.glucodos.com\/et\/#\/schema\/person\/image\/","url":"https:\/\/secure.gravatar.com\/avatar\/42104cb832536137a64def7a31e59743?s=96&d=mm&r=g","contentUrl":"https:\/\/secure.gravatar.com\/avatar\/42104cb832536137a64def7a31e59743?s=96&d=mm&r=g","caption":"admin"}}]}},"_links":{"self":[{"href":"https:\/\/www.glucodos.com\/et\/wp-json\/wp\/v2\/pages\/180"}],"collection":[{"href":"https:\/\/www.glucodos.com\/et\/wp-json\/wp\/v2\/pages"}],"about":[{"href":"https:\/\/www.glucodos.com\/et\/wp-json\/wp\/v2\/types\/page"}],"author":[{"embeddable":true,"href":"https:\/\/www.glucodos.com\/et\/wp-json\/wp\/v2\/users\/1"}],"replies":[{"embeddable":true,"href":"https:\/\/www.glucodos.com\/et\/wp-json\/wp\/v2\/comments?post=180"}],"version-history":[{"count":29,"href":"https:\/\/www.glucodos.com\/et\/wp-json\/wp\/v2\/pages\/180\/revisions"}],"predecessor-version":[{"id":1003,"href":"https:\/\/www.glucodos.com\/et\/wp-json\/wp\/v2\/pages\/180\/revisions\/1003"}],"wp:attachment":[{"href":"https:\/\/www.glucodos.com\/et\/wp-json\/wp\/v2\/media?parent=180"}],"curies":[{"name":"wp","href":"https:\/\/api.w.org\/{rel}","templated":true}]}}