{"id":428,"date":"2019-02-21T10:05:39","date_gmt":"2019-02-21T10:05:39","guid":{"rendered":"https:\/\/www.glucodos.com\/?page_id=428"},"modified":"2023-11-02T08:35:51","modified_gmt":"2023-11-02T08:35:51","slug":"glucodos-neutraalne-glukoosijoogi","status":"publish","type":"page","link":"https:\/\/www.glucodos.com\/et\/glucodos-neutraalne-glukoosijoogi\/","title":{"rendered":"GlucoDos 75g neutraalne"},"content":{"rendered":"<h2><strong>Neutraalne Gl\u00fckoosijoogi <a href=\"https:\/\/www.glucodos.com\/wp-content\/uploads\/2019\/04\/GlucoDos-75-MAKIA-300ml-4523.jpg\"><img loading=\"lazy\" decoding=\"async\" class=\"size-full wp-image-695 alignright\" src=\"https:\/\/www.glucodos.com\/wp-content\/uploads\/2019\/04\/GlucoDos-75-MAKIA-300ml-4523.jpg\" alt=\"\" width=\"320\" height=\"480\" srcset=\"https:\/\/www.glucodos.com\/wp-content\/uploads\/2019\/04\/GlucoDos-75-MAKIA-300ml-4523.jpg 320w, https:\/\/www.glucodos.com\/wp-content\/uploads\/2019\/04\/GlucoDos-75-MAKIA-300ml-4523-200x300.jpg 200w\" sizes=\"(max-width: 320px) 100vw, 320px\" \/><\/a><\/strong><\/h2>\n<p>Uued v\u00e4rsked maitsed: neutraalne, maitseta<br class=\"\" \/>Gl\u00fckoosisisaldus: 75 g<br class=\"\" \/>Maht: 300 ml<\/p>\n<p><strong>S\u00e4ilivus ja s\u00e4ilitustingimused:<\/strong><\/p>\n<p>S\u00e4ilitada toatemperatuuril tootega kaasas olevas pappkastis, joogi s\u00e4ilivusaeg on 18 kuud alates tarnimisest.<\/p>\n<p><strong>Kasutamine:<\/strong><\/p>\n<p>Juua jahedalt. Enne kasutamist on soovitatav hoida u 24 tundi k\u00fclmkapis.<br class=\"\" \/>Enne kasutamist kergelt loksutada.<\/p>\n<p><strong>Pakendi suurused:<\/strong><\/p>\n<p>Pudeldatud 300 ml PET-plastpudelitesse<br class=\"\" \/>Kastis 20 pudelit<\/p>\n<h2><strong>Tooted:\u00a0<\/strong><strong class=\"\">GlucoDos 75g neutraalne<\/strong><\/h2>\n<p>Meie uurimis- ja arendusmeeskond on minimeerinud ahviliste kasutamist. Neutraalne gl\u00fckoosijoogi GlucoDos Makia\u00a0maitse ilma maitseta. See on m\u00f5eldud kasutajatele, kellel esineb allergiaid l\u00f5hna- ja maitseainete suhtes.<\/p>\n<p><span class=\"\">Tootekood: 670022<br class=\"\" \/>Gl\u00fckoosisisaldus: 75g<br class=\"\" \/>Sisaldab: gl\u00fckoos 75 g, vesi, E330, E211<\/span><\/p>\n<h2><strong>Kasutusvalmis gl\u00fckoosijoogi GlucoDos eelised<a href=\"https:\/\/www.glucodos.com\/wp-content\/uploads\/2019\/04\/GlucoDos-75-300ml-LOT-expire-date-4573.jpg\"><img loading=\"lazy\" decoding=\"async\" class=\"size-full wp-image-668 alignright\" src=\"https:\/\/www.glucodos.com\/wp-content\/uploads\/2019\/04\/GlucoDos-75-300ml-LOT-expire-date-4573.jpg\" alt=\"\" width=\"320\" height=\"480\" srcset=\"https:\/\/www.glucodos.com\/wp-content\/uploads\/2019\/04\/GlucoDos-75-300ml-LOT-expire-date-4573.jpg 320w, https:\/\/www.glucodos.com\/wp-content\/uploads\/2019\/04\/GlucoDos-75-300ml-LOT-expire-date-4573-200x300.jpg 200w\" sizes=\"(max-width: 320px) 100vw, 320px\" \/><\/a><\/strong><\/h2>\n<div>\n<ul>\n<li>Lablemoni gl\u00fckoosijoogid on lihtne juua ja neil on neutraalne v\u00f5i v\u00e4rske maitse<\/li>\n<li>Sobib tsitruselistele allergikutele<\/li>\n<li>Minimaalset inkredientide kogumist on lihtsam kasutada v\u00e4ga tundlike kasutajate jaoks<\/li>\n<li>GlucoDos toodang on sama suur \/ 75g \/ 300ml, mis muudab planeerimise ja t\u00f6\u00f6voo lihtsamaks<\/li>\n<li>Lihtne kasutada, kasutajas\u00f5bralik kasutusvalmis gl\u00fckoosijook<\/li>\n<li>Pikk s\u00e4ilivusaeg, toatemperatuuril &gt; 18 kuud alates tellimisest<\/li>\n<li>GlucoDosi tooted ei sisalda lenduvat s\u00fcsihapet (maitse s\u00e4ilib)<\/li>\n<li>GlucoDosi tooted tarnitakse PET-plastpudelites, mida on lihtne transportida ja ladustada<\/li>\n<li>Pappkastis on pudeleid mugav hoida<\/li>\n<li>Pudelid ja karbid on taaskasutatavad v\u00f5i p\u00f5letamisk\u00f5lblikud j\u00e4\u00e4tmed<\/li>\n<li>\u00dchtlase kvaliteediga partiid<\/li>\n<li>Tarnekindlus l\u00e4bi <a href=\"https:\/\/magnummedical.fi\/en\/\">Magnum Medical Oy<\/a><\/li>\n<\/ul>\n<\/div>\n<h4>Palun lugege meie gl\u00fckoosijoogi<br \/>\n<a href=\"https:\/\/www.glucodos.com\/glukoosijoogi-glucodos\/?lang=et\">GlucoDos Sidrun<\/a> ja <a href=\"https:\/\/www.glucodos.com\/glukoosijoogi-vaarikas-glucodos-2\/?lang=et\">GlucoDos Vaarikas<\/a>!<\/h4>\n<p><a href=\"https:\/\/www.glucodos.com\/wp-content\/uploads\/2019\/02\/GlucoDos-MAKIA.jpg\"><img loading=\"lazy\" decoding=\"async\" class=\"alignnone size-full wp-image-378\" src=\"https:\/\/www.glucodos.com\/wp-content\/uploads\/2019\/02\/GlucoDos-MAKIA.jpg\" alt=\"Glukoosijuoma GlucoDos 75 Makia etiketti\" width=\"669\" height=\"596\" srcset=\"https:\/\/www.glucodos.com\/wp-content\/uploads\/2019\/02\/GlucoDos-MAKIA.jpg 669w, https:\/\/www.glucodos.com\/wp-content\/uploads\/2019\/02\/GlucoDos-MAKIA-300x267.jpg 300w\" sizes=\"(max-width: 669px) 100vw, 669px\" \/><\/a><\/p>\n","protected":false},"excerpt":{"rendered":"<p>Neutraalne Gl\u00fckoosijoogi Uued v\u00e4rsked maitsed: neutraalne, maitsetaGl\u00fckoosisisaldus: 75 gMaht: 300 ml S\u00e4ilivus ja s\u00e4ilitustingimused: S\u00e4ilitada toatemperatuuril tootega kaasas olevas pappkastis, joogi s\u00e4ilivusaeg on 18 kuud alates tarnimisest. Kasutamine: Juua jahedalt. Enne kasutamist on soovitatav hoida u 24 tundi k\u00fclmkapis.Enne kasutamist &hellip; <a class=\"kt-excerpt-readmore\" href=\"https:\/\/www.glucodos.com\/et\/glucodos-neutraalne-glukoosijoogi\/\" aria-label=\"GlucoDos 75g neutraalne\">Read More<\/a><\/p>\n","protected":false},"author":1,"featured_media":0,"parent":0,"menu_order":0,"comment_status":"closed","ping_status":"closed","template":"","meta":{"footnotes":""},"yoast_head":"<!-- This site is optimized with the Yoast SEO plugin v24.5 - https:\/\/yoast.com\/wordpress\/plugins\/seo\/ -->\n<title>GlucoDos 75g neutraalne - Glucodos neutraalne gl\u00fckoosijoogi 300ml<\/title>\n<meta name=\"description\" content=\"GlucoDos Makia on neutraalne gl\u00fckoosijoogi. see on m\u00f5eldud tundlikele kasutajatele. Lablemon on minimeerinud ahistajate kasutamist\" \/>\n<meta name=\"robots\" content=\"index, follow, max-snippet:-1, max-image-preview:large, max-video-preview:-1\" \/>\n<link rel=\"canonical\" href=\"https:\/\/www.glucodos.com\/et\/glucodos-neutraalne-glukoosijoogi\/\" \/>\n<meta property=\"og:locale\" content=\"et_EE\" \/>\n<meta property=\"og:type\" content=\"article\" \/>\n<meta property=\"og:title\" content=\"GlucoDos 75g neutraalne - Glucodos neutraalne gl\u00fckoosijoogi 300ml\" \/>\n<meta property=\"og:description\" content=\"GlucoDos Makia on neutraalne gl\u00fckoosijoogi. see on m\u00f5eldud tundlikele kasutajatele. Lablemon on minimeerinud ahistajate kasutamist\" \/>\n<meta property=\"og:url\" content=\"https:\/\/www.glucodos.com\/et\/glucodos-neutraalne-glukoosijoogi\/\" \/>\n<meta property=\"og:site_name\" content=\"Glucodos\" \/>\n<meta property=\"article:modified_time\" content=\"2023-11-02T08:35:51+00:00\" \/>\n<meta property=\"og:image\" content=\"https:\/\/www.glucodos.com\/wp-content\/uploads\/2019\/04\/GlucoDos-75-MAKIA-300ml-4523.jpg\" \/>\n<meta name=\"twitter:card\" content=\"summary_large_image\" \/>\n<meta name=\"twitter:label1\" content=\"Est. reading time\" \/>\n\t<meta name=\"twitter:data1\" content=\"2 minutit\" \/>\n<script type=\"application\/ld+json\" class=\"yoast-schema-graph\">{\"@context\":\"https:\/\/schema.org\",\"@graph\":[{\"@type\":\"Article\",\"@id\":\"https:\/\/www.glucodos.com\/et\/glucodos-neutraalne-glukoosijoogi\/#article\",\"isPartOf\":{\"@id\":\"https:\/\/www.glucodos.com\/et\/glucodos-neutraalne-glukoosijoogi\/\"},\"author\":{\"name\":\"admin\",\"@id\":\"https:\/\/www.glucodos.com\/et\/#\/schema\/person\/3c4c59216c0d550fe2be0da5537e9621\"},\"headline\":\"GlucoDos 75g neutraalne\",\"datePublished\":\"2019-02-21T10:05:39+00:00\",\"dateModified\":\"2023-11-02T08:35:51+00:00\",\"mainEntityOfPage\":{\"@id\":\"https:\/\/www.glucodos.com\/et\/glucodos-neutraalne-glukoosijoogi\/\"},\"wordCount\":218,\"publisher\":{\"@id\":\"https:\/\/www.glucodos.com\/et\/#organization\"},\"image\":{\"@id\":\"https:\/\/www.glucodos.com\/et\/glucodos-neutraalne-glukoosijoogi\/#primaryimage\"},\"thumbnailUrl\":\"https:\/\/www.glucodos.com\/wp-content\/uploads\/2019\/04\/GlucoDos-75-MAKIA-300ml-4523.jpg\",\"inLanguage\":\"et\"},{\"@type\":\"WebPage\",\"@id\":\"https:\/\/www.glucodos.com\/et\/glucodos-neutraalne-glukoosijoogi\/\",\"url\":\"https:\/\/www.glucodos.com\/et\/glucodos-neutraalne-glukoosijoogi\/\",\"name\":\"GlucoDos 75g neutraalne - Glucodos neutraalne gl\u00fckoosijoogi 300ml\",\"isPartOf\":{\"@id\":\"https:\/\/www.glucodos.com\/et\/#website\"},\"primaryImageOfPage\":{\"@id\":\"https:\/\/www.glucodos.com\/et\/glucodos-neutraalne-glukoosijoogi\/#primaryimage\"},\"image\":{\"@id\":\"https:\/\/www.glucodos.com\/et\/glucodos-neutraalne-glukoosijoogi\/#primaryimage\"},\"thumbnailUrl\":\"https:\/\/www.glucodos.com\/wp-content\/uploads\/2019\/04\/GlucoDos-75-MAKIA-300ml-4523.jpg\",\"datePublished\":\"2019-02-21T10:05:39+00:00\",\"dateModified\":\"2023-11-02T08:35:51+00:00\",\"description\":\"GlucoDos Makia on neutraalne gl\u00fckoosijoogi. see on m\u00f5eldud tundlikele kasutajatele. Lablemon on minimeerinud ahistajate kasutamist\",\"breadcrumb\":{\"@id\":\"https:\/\/www.glucodos.com\/et\/glucodos-neutraalne-glukoosijoogi\/#breadcrumb\"},\"inLanguage\":\"et\",\"potentialAction\":[{\"@type\":\"ReadAction\",\"target\":[\"https:\/\/www.glucodos.com\/et\/glucodos-neutraalne-glukoosijoogi\/\"]}]},{\"@type\":\"ImageObject\",\"inLanguage\":\"et\",\"@id\":\"https:\/\/www.glucodos.com\/et\/glucodos-neutraalne-glukoosijoogi\/#primaryimage\",\"url\":\"https:\/\/www.glucodos.com\/wp-content\/uploads\/2019\/04\/GlucoDos-75-MAKIA-300ml-4523.jpg\",\"contentUrl\":\"https:\/\/www.glucodos.com\/wp-content\/uploads\/2019\/04\/GlucoDos-75-MAKIA-300ml-4523.jpg\"},{\"@type\":\"BreadcrumbList\",\"@id\":\"https:\/\/www.glucodos.com\/et\/glucodos-neutraalne-glukoosijoogi\/#breadcrumb\",\"itemListElement\":[{\"@type\":\"ListItem\",\"position\":1,\"name\":\"Home\",\"item\":\"https:\/\/www.glucodos.com\/et\/\"},{\"@type\":\"ListItem\",\"position\":2,\"name\":\"GlucoDos 75g neutraalne\"}]},{\"@type\":\"WebSite\",\"@id\":\"https:\/\/www.glucodos.com\/et\/#website\",\"url\":\"https:\/\/www.glucodos.com\/et\/\",\"name\":\"Glucodos\",\"description\":\"K&auml;ytt&ouml;valmis glukoosijuoma\",\"publisher\":{\"@id\":\"https:\/\/www.glucodos.com\/et\/#organization\"},\"potentialAction\":[{\"@type\":\"SearchAction\",\"target\":{\"@type\":\"EntryPoint\",\"urlTemplate\":\"https:\/\/www.glucodos.com\/et\/?s={search_term_string}\"},\"query-input\":{\"@type\":\"PropertyValueSpecification\",\"valueRequired\":true,\"valueName\":\"search_term_string\"}}],\"inLanguage\":\"et\"},{\"@type\":\"Organization\",\"@id\":\"https:\/\/www.glucodos.com\/et\/#organization\",\"name\":\"Lablemon International\",\"url\":\"https:\/\/www.glucodos.com\/et\/\",\"logo\":{\"@type\":\"ImageObject\",\"inLanguage\":\"et\",\"@id\":\"https:\/\/www.glucodos.com\/et\/#\/schema\/logo\/image\/\",\"url\":\"https:\/\/www.glucodos.com\/wp-content\/uploads\/2018\/11\/Lablemon_Logo_Heti-k\u00e4ytt\u00f6valmis-Glucodos-gukoosijuoma-2015_vector.png\",\"contentUrl\":\"https:\/\/www.glucodos.com\/wp-content\/uploads\/2018\/11\/Lablemon_Logo_Heti-k\u00e4ytt\u00f6valmis-Glucodos-gukoosijuoma-2015_vector.png\",\"width\":198,\"height\":110,\"caption\":\"Lablemon International\"},\"image\":{\"@id\":\"https:\/\/www.glucodos.com\/et\/#\/schema\/logo\/image\/\"}},{\"@type\":\"Person\",\"@id\":\"https:\/\/www.glucodos.com\/et\/#\/schema\/person\/3c4c59216c0d550fe2be0da5537e9621\",\"name\":\"admin\",\"image\":{\"@type\":\"ImageObject\",\"inLanguage\":\"et\",\"@id\":\"https:\/\/www.glucodos.com\/et\/#\/schema\/person\/image\/\",\"url\":\"https:\/\/secure.gravatar.com\/avatar\/42104cb832536137a64def7a31e59743?s=96&d=mm&r=g\",\"contentUrl\":\"https:\/\/secure.gravatar.com\/avatar\/42104cb832536137a64def7a31e59743?s=96&d=mm&r=g\",\"caption\":\"admin\"}}]}<\/script>\n<!-- \/ Yoast SEO plugin. -->","yoast_head_json":{"title":"GlucoDos 75g neutraalne - Glucodos neutraalne gl\u00fckoosijoogi 300ml","description":"GlucoDos Makia on neutraalne gl\u00fckoosijoogi. see on m\u00f5eldud tundlikele kasutajatele. Lablemon on minimeerinud ahistajate kasutamist","robots":{"index":"index","follow":"follow","max-snippet":"max-snippet:-1","max-image-preview":"max-image-preview:large","max-video-preview":"max-video-preview:-1"},"canonical":"https:\/\/www.glucodos.com\/et\/glucodos-neutraalne-glukoosijoogi\/","og_locale":"et_EE","og_type":"article","og_title":"GlucoDos 75g neutraalne - Glucodos neutraalne gl\u00fckoosijoogi 300ml","og_description":"GlucoDos Makia on neutraalne gl\u00fckoosijoogi. see on m\u00f5eldud tundlikele kasutajatele. Lablemon on minimeerinud ahistajate kasutamist","og_url":"https:\/\/www.glucodos.com\/et\/glucodos-neutraalne-glukoosijoogi\/","og_site_name":"Glucodos","article_modified_time":"2023-11-02T08:35:51+00:00","og_image":[{"url":"https:\/\/www.glucodos.com\/wp-content\/uploads\/2019\/04\/GlucoDos-75-MAKIA-300ml-4523.jpg","type":"","width":"","height":""}],"twitter_card":"summary_large_image","twitter_misc":{"Est. reading time":"2 minutit"},"schema":{"@context":"https:\/\/schema.org","@graph":[{"@type":"Article","@id":"https:\/\/www.glucodos.com\/et\/glucodos-neutraalne-glukoosijoogi\/#article","isPartOf":{"@id":"https:\/\/www.glucodos.com\/et\/glucodos-neutraalne-glukoosijoogi\/"},"author":{"name":"admin","@id":"https:\/\/www.glucodos.com\/et\/#\/schema\/person\/3c4c59216c0d550fe2be0da5537e9621"},"headline":"GlucoDos 75g neutraalne","datePublished":"2019-02-21T10:05:39+00:00","dateModified":"2023-11-02T08:35:51+00:00","mainEntityOfPage":{"@id":"https:\/\/www.glucodos.com\/et\/glucodos-neutraalne-glukoosijoogi\/"},"wordCount":218,"publisher":{"@id":"https:\/\/www.glucodos.com\/et\/#organization"},"image":{"@id":"https:\/\/www.glucodos.com\/et\/glucodos-neutraalne-glukoosijoogi\/#primaryimage"},"thumbnailUrl":"https:\/\/www.glucodos.com\/wp-content\/uploads\/2019\/04\/GlucoDos-75-MAKIA-300ml-4523.jpg","inLanguage":"et"},{"@type":"WebPage","@id":"https:\/\/www.glucodos.com\/et\/glucodos-neutraalne-glukoosijoogi\/","url":"https:\/\/www.glucodos.com\/et\/glucodos-neutraalne-glukoosijoogi\/","name":"GlucoDos 75g neutraalne - Glucodos neutraalne gl\u00fckoosijoogi 300ml","isPartOf":{"@id":"https:\/\/www.glucodos.com\/et\/#website"},"primaryImageOfPage":{"@id":"https:\/\/www.glucodos.com\/et\/glucodos-neutraalne-glukoosijoogi\/#primaryimage"},"image":{"@id":"https:\/\/www.glucodos.com\/et\/glucodos-neutraalne-glukoosijoogi\/#primaryimage"},"thumbnailUrl":"https:\/\/www.glucodos.com\/wp-content\/uploads\/2019\/04\/GlucoDos-75-MAKIA-300ml-4523.jpg","datePublished":"2019-02-21T10:05:39+00:00","dateModified":"2023-11-02T08:35:51+00:00","description":"GlucoDos Makia on neutraalne gl\u00fckoosijoogi. see on m\u00f5eldud tundlikele kasutajatele. Lablemon on minimeerinud ahistajate kasutamist","breadcrumb":{"@id":"https:\/\/www.glucodos.com\/et\/glucodos-neutraalne-glukoosijoogi\/#breadcrumb"},"inLanguage":"et","potentialAction":[{"@type":"ReadAction","target":["https:\/\/www.glucodos.com\/et\/glucodos-neutraalne-glukoosijoogi\/"]}]},{"@type":"ImageObject","inLanguage":"et","@id":"https:\/\/www.glucodos.com\/et\/glucodos-neutraalne-glukoosijoogi\/#primaryimage","url":"https:\/\/www.glucodos.com\/wp-content\/uploads\/2019\/04\/GlucoDos-75-MAKIA-300ml-4523.jpg","contentUrl":"https:\/\/www.glucodos.com\/wp-content\/uploads\/2019\/04\/GlucoDos-75-MAKIA-300ml-4523.jpg"},{"@type":"BreadcrumbList","@id":"https:\/\/www.glucodos.com\/et\/glucodos-neutraalne-glukoosijoogi\/#breadcrumb","itemListElement":[{"@type":"ListItem","position":1,"name":"Home","item":"https:\/\/www.glucodos.com\/et\/"},{"@type":"ListItem","position":2,"name":"GlucoDos 75g neutraalne"}]},{"@type":"WebSite","@id":"https:\/\/www.glucodos.com\/et\/#website","url":"https:\/\/www.glucodos.com\/et\/","name":"Glucodos","description":"K&auml;ytt&ouml;valmis glukoosijuoma","publisher":{"@id":"https:\/\/www.glucodos.com\/et\/#organization"},"potentialAction":[{"@type":"SearchAction","target":{"@type":"EntryPoint","urlTemplate":"https:\/\/www.glucodos.com\/et\/?s={search_term_string}"},"query-input":{"@type":"PropertyValueSpecification","valueRequired":true,"valueName":"search_term_string"}}],"inLanguage":"et"},{"@type":"Organization","@id":"https:\/\/www.glucodos.com\/et\/#organization","name":"Lablemon International","url":"https:\/\/www.glucodos.com\/et\/","logo":{"@type":"ImageObject","inLanguage":"et","@id":"https:\/\/www.glucodos.com\/et\/#\/schema\/logo\/image\/","url":"https:\/\/www.glucodos.com\/wp-content\/uploads\/2018\/11\/Lablemon_Logo_Heti-k\u00e4ytt\u00f6valmis-Glucodos-gukoosijuoma-2015_vector.png","contentUrl":"https:\/\/www.glucodos.com\/wp-content\/uploads\/2018\/11\/Lablemon_Logo_Heti-k\u00e4ytt\u00f6valmis-Glucodos-gukoosijuoma-2015_vector.png","width":198,"height":110,"caption":"Lablemon International"},"image":{"@id":"https:\/\/www.glucodos.com\/et\/#\/schema\/logo\/image\/"}},{"@type":"Person","@id":"https:\/\/www.glucodos.com\/et\/#\/schema\/person\/3c4c59216c0d550fe2be0da5537e9621","name":"admin","image":{"@type":"ImageObject","inLanguage":"et","@id":"https:\/\/www.glucodos.com\/et\/#\/schema\/person\/image\/","url":"https:\/\/secure.gravatar.com\/avatar\/42104cb832536137a64def7a31e59743?s=96&d=mm&r=g","contentUrl":"https:\/\/secure.gravatar.com\/avatar\/42104cb832536137a64def7a31e59743?s=96&d=mm&r=g","caption":"admin"}}]}},"_links":{"self":[{"href":"https:\/\/www.glucodos.com\/et\/wp-json\/wp\/v2\/pages\/428"}],"collection":[{"href":"https:\/\/www.glucodos.com\/et\/wp-json\/wp\/v2\/pages"}],"about":[{"href":"https:\/\/www.glucodos.com\/et\/wp-json\/wp\/v2\/types\/page"}],"author":[{"embeddable":true,"href":"https:\/\/www.glucodos.com\/et\/wp-json\/wp\/v2\/users\/1"}],"replies":[{"embeddable":true,"href":"https:\/\/www.glucodos.com\/et\/wp-json\/wp\/v2\/comments?post=428"}],"version-history":[{"count":6,"href":"https:\/\/www.glucodos.com\/et\/wp-json\/wp\/v2\/pages\/428\/revisions"}],"predecessor-version":[{"id":874,"href":"https:\/\/www.glucodos.com\/et\/wp-json\/wp\/v2\/pages\/428\/revisions\/874"}],"wp:attachment":[{"href":"https:\/\/www.glucodos.com\/et\/wp-json\/wp\/v2\/media?parent=428"}],"curies":[{"name":"wp","href":"https:\/\/api.w.org\/{rel}","templated":true}]}}