{"id":448,"date":"2019-02-21T10:44:44","date_gmt":"2019-02-21T10:44:44","guid":{"rendered":"https:\/\/www.glucodos.com\/?page_id=448"},"modified":"2023-11-02T07:53:21","modified_gmt":"2023-11-02T07:53:21","slug":"glukoosijoogi-vaarikas-glucodos-2","status":"publish","type":"page","link":"https:\/\/www.glucodos.com\/et\/glukoosijoogi-vaarikas-glucodos-2\/","title":{"rendered":"GlucoDos 75g Vaarikas"},"content":{"rendered":"<h2><strong>Vaarikamaitseline Gl\u00fckoosijoogi <a href=\"https:\/\/www.glucodos.com\/wp-content\/uploads\/2019\/04\/GlucoDos-75-Vadelma-300ml-4513.jpg\"><img loading=\"lazy\" decoding=\"async\" class=\"size-full wp-image-704 alignright\" src=\"https:\/\/www.glucodos.com\/wp-content\/uploads\/2019\/04\/GlucoDos-75-Vadelma-300ml-4513.jpg\" alt=\"\" width=\"320\" height=\"480\" srcset=\"https:\/\/www.glucodos.com\/wp-content\/uploads\/2019\/04\/GlucoDos-75-Vadelma-300ml-4513.jpg 320w, https:\/\/www.glucodos.com\/wp-content\/uploads\/2019\/04\/GlucoDos-75-Vadelma-300ml-4513-200x300.jpg 200w\" sizes=\"(max-width: 320px) 100vw, 320px\" \/><\/a><\/strong><\/h2>\n<p>Uued v\u00e4rsked maitsed: vaarikas<br class=\"\" \/>Gl\u00fckoosisisaldus: 75 g<br class=\"\" \/>Maht: 300 ml<\/p>\n<p><strong>S\u00e4ilivus ja s\u00e4ilitustingimused:<\/strong><\/p>\n<p>S\u00e4ilitada toatemperatuuril tootega kaasas olevas pappkastis, joogi s\u00e4ilivusaeg on 18 kuud alates tarnimisest.<\/p>\n<p><strong>Kasutamine:<\/strong><\/p>\n<p>Juua jahedalt. Enne kasutamist on soovitatav hoida u 24 tundi k\u00fclmkapis.<br class=\"\" \/>Enne kasutamist kergelt loksutada.<\/p>\n<p><strong>Pakendi suurused:<\/strong><\/p>\n<p>Pudeldatud 300 ml PET-plastpudelitesse<br class=\"\" \/>Kastis 20 pudelit<\/p>\n<h2><strong>Tooted:\u00a0<\/strong><strong class=\"\">GlucoDos 75g Gl\u00fckoosijoogi Vaarikas<\/strong><\/h2>\n<p>Meie uurimis- ja arendusmeeskond on minimeerinud ahviliste kasutamist. GlucoDos gl\u00fckoosijoogi Vaarikas on vaarikasmaitseline jook, mis on\u00a0s\u00fcnteetiline vaarika maitse.<\/p>\n<p>Tootekood: 670039<br \/>\nGl\u00fckoosisisaldus: 75g<br \/>\nSisaldab: gl\u00fckoos 75 g, vesi, E330, vaarikas aroomiaine, E211<\/p>\n<h2><strong>Kasutusvalmis gl\u00fckoosijoogi GlucoDos eelised<a href=\"https:\/\/www.glucodos.com\/wp-content\/uploads\/2019\/04\/GlucoDos-75-300ml-LOT-expire-date-4573.jpg\"><img loading=\"lazy\" decoding=\"async\" class=\"size-full wp-image-668 alignright\" src=\"https:\/\/www.glucodos.com\/wp-content\/uploads\/2019\/04\/GlucoDos-75-300ml-LOT-expire-date-4573.jpg\" alt=\"\" width=\"320\" height=\"480\" srcset=\"https:\/\/www.glucodos.com\/wp-content\/uploads\/2019\/04\/GlucoDos-75-300ml-LOT-expire-date-4573.jpg 320w, https:\/\/www.glucodos.com\/wp-content\/uploads\/2019\/04\/GlucoDos-75-300ml-LOT-expire-date-4573-200x300.jpg 200w\" sizes=\"(max-width: 320px) 100vw, 320px\" \/><\/a><\/strong><\/h2>\n<ul class=\"\">\n<li style=\"list-style-type: none;\">\n<ul class=\"\">\n<li class=\"\">\n<div class=\"\">Joogid on v\u00e4rske maitsega ja lihtsalt tarbitavad<\/div>\n<\/li>\n<\/ul>\n<\/li>\n<\/ul>\n<ul class=\"\">\n<li style=\"list-style-type: none;\">\n<ul class=\"\">\n<li class=\"\">\n<div class=\"\">Lihtne kasutada, kasutajas\u00f5bralik kasutusvalmis gl\u00fckoosijook<\/div>\n<\/li>\n<\/ul>\n<\/li>\n<\/ul>\n<ul class=\"\">\n<li style=\"list-style-type: none;\">\n<ul class=\"\">\n<li class=\"\">\n<div class=\"\">Pikk s\u00e4ilivusaeg, toatemperatuuril &gt; 18 kuud alates tellimisest<\/div>\n<\/li>\n<\/ul>\n<\/li>\n<\/ul>\n<ul class=\"\">\n<li style=\"list-style-type: none;\">\n<ul class=\"\">\n<li class=\"\">\n<div class=\"\">GlucoDosi tooted ei sisalda lenduvat s\u00fcsihapet (maitse s\u00e4ilib)<\/div>\n<\/li>\n<\/ul>\n<\/li>\n<\/ul>\n<ul class=\"\">\n<li style=\"list-style-type: none;\">\n<ul class=\"\">\n<li class=\"\">\n<div class=\"\">GlucoDosi tooted tarnitakse PET-plastpudelites, mida on lihtne transportida ja ladustada<\/div>\n<\/li>\n<\/ul>\n<\/li>\n<\/ul>\n<ul class=\"\">\n<li style=\"list-style-type: none;\">\n<ul class=\"\">\n<li class=\"\">\n<div class=\"\">Pappkastis on pudeleid mugav hoida<\/div>\n<\/li>\n<\/ul>\n<\/li>\n<\/ul>\n<ul class=\"\">\n<li style=\"list-style-type: none;\">\n<ul class=\"\">\n<li class=\"\">\n<div class=\"\">Pudelid ja karbid on taaskasutatavad v\u00f5i p\u00f5letamisk\u00f5lblikud j\u00e4\u00e4tmed<\/div>\n<\/li>\n<\/ul>\n<\/li>\n<\/ul>\n<ul class=\"\">\n<li style=\"list-style-type: none;\">\n<ul class=\"\">\n<li class=\"\">\n<div class=\"\">\u00dchtlase kvaliteediga partiid<\/div>\n<\/li>\n<li class=\"\">\n<div class=\"\">Tarnekindlus l\u00e4bi <a href=\"https:\/\/magnummedical.fi\/en\/\">Magnum Medical Oy<\/a><\/div>\n<\/li>\n<\/ul>\n<\/li>\n<\/ul>\n<h5><\/h5>\n<h4>Palun lugege meie gl\u00fckoosijoogi<br \/>\n<a href=\"https:\/\/www.glucodos.com\/glucodos-neutraalne-glukoosijoogi\/?lang=et\">GlucoDos Makia (neutraalne)<\/a> ja <a href=\"https:\/\/www.glucodos.com\/glukoosijoogi-glucodos\/?lang=et\">GlucoDos Sidrun<\/a>!<\/h4>\n<p><a href=\"https:\/\/www.glucodos.com\/wp-content\/uploads\/2019\/02\/GlucoDos-VADELMA.jpg\"><img loading=\"lazy\" decoding=\"async\" class=\"alignnone wp-image-382 size-full\" src=\"https:\/\/www.glucodos.com\/wp-content\/uploads\/2019\/02\/GlucoDos-VADELMA.jpg\" alt=\"Glukoosijuoma GlucoDos 75g Vadelma on raikas hyv\u00e4nmakuinen helppo juoma. Gl\u00fckoosijoogi GlucoDos Vaarikas.\" width=\"669\" height=\"596\" srcset=\"https:\/\/www.glucodos.com\/wp-content\/uploads\/2019\/02\/GlucoDos-VADELMA.jpg 669w, https:\/\/www.glucodos.com\/wp-content\/uploads\/2019\/02\/GlucoDos-VADELMA-300x267.jpg 300w\" sizes=\"(max-width: 669px) 100vw, 669px\" \/><\/a><\/p>\n","protected":false},"excerpt":{"rendered":"<p>Vaarikamaitseline Gl\u00fckoosijoogi Uued v\u00e4rsked maitsed: vaarikasGl\u00fckoosisisaldus: 75 gMaht: 300 ml S\u00e4ilivus ja s\u00e4ilitustingimused: S\u00e4ilitada toatemperatuuril tootega kaasas olevas pappkastis, joogi s\u00e4ilivusaeg on 18 kuud alates tarnimisest. Kasutamine: Juua jahedalt. Enne kasutamist on soovitatav hoida u 24 tundi k\u00fclmkapis.Enne kasutamist kergelt &hellip; <a class=\"kt-excerpt-readmore\" href=\"https:\/\/www.glucodos.com\/et\/glukoosijoogi-vaarikas-glucodos-2\/\" aria-label=\"GlucoDos 75g Vaarikas\">Read More<\/a><\/p>\n","protected":false},"author":1,"featured_media":0,"parent":0,"menu_order":0,"comment_status":"closed","ping_status":"closed","template":"","meta":{"footnotes":""},"yoast_head":"<!-- This site is optimized with the Yoast SEO plugin v24.5 - https:\/\/yoast.com\/wordpress\/plugins\/seo\/ -->\n<title>GlucoDos 75g Vaarikas - Glucodos Kasutusvalmis gl\u00fckoosijoogi 300ml<\/title>\n<meta name=\"description\" content=\"GlucoDos 75g\/300ml vaarikas on v\u00e4rske gl\u00fckoosijoogi. See on m\u00f5eldud tundlikele kasutajatele. Lablemon on minimeerinud ahistajate kasutamist.\" \/>\n<meta name=\"robots\" content=\"index, follow, max-snippet:-1, max-image-preview:large, max-video-preview:-1\" \/>\n<link rel=\"canonical\" href=\"https:\/\/www.glucodos.com\/et\/glukoosijoogi-vaarikas-glucodos-2\/\" \/>\n<meta property=\"og:locale\" content=\"et_EE\" \/>\n<meta property=\"og:type\" content=\"article\" \/>\n<meta property=\"og:title\" content=\"GlucoDos 75g Vaarikas - Glucodos Kasutusvalmis gl\u00fckoosijoogi 300ml\" \/>\n<meta property=\"og:description\" content=\"GlucoDos 75g\/300ml vaarikas on v\u00e4rske gl\u00fckoosijoogi. See on m\u00f5eldud tundlikele kasutajatele. Lablemon on minimeerinud ahistajate kasutamist.\" \/>\n<meta property=\"og:url\" content=\"https:\/\/www.glucodos.com\/et\/glukoosijoogi-vaarikas-glucodos-2\/\" \/>\n<meta property=\"og:site_name\" content=\"Glucodos\" \/>\n<meta property=\"article:modified_time\" content=\"2023-11-02T07:53:21+00:00\" \/>\n<meta property=\"og:image\" content=\"https:\/\/www.glucodos.com\/wp-content\/uploads\/2019\/04\/GlucoDos-75-Vadelma-300ml-4513.jpg\" \/>\n<meta name=\"twitter:card\" content=\"summary_large_image\" \/>\n<meta name=\"twitter:label1\" content=\"Est. reading time\" \/>\n\t<meta name=\"twitter:data1\" content=\"2 minutit\" \/>\n<script type=\"application\/ld+json\" class=\"yoast-schema-graph\">{\"@context\":\"https:\/\/schema.org\",\"@graph\":[{\"@type\":\"Article\",\"@id\":\"https:\/\/www.glucodos.com\/et\/glukoosijoogi-vaarikas-glucodos-2\/#article\",\"isPartOf\":{\"@id\":\"https:\/\/www.glucodos.com\/et\/glukoosijoogi-vaarikas-glucodos-2\/\"},\"author\":{\"name\":\"admin\",\"@id\":\"https:\/\/www.glucodos.com\/et\/#\/schema\/person\/3c4c59216c0d550fe2be0da5537e9621\"},\"headline\":\"GlucoDos 75g Vaarikas\",\"datePublished\":\"2019-02-21T10:44:44+00:00\",\"dateModified\":\"2023-11-02T07:53:21+00:00\",\"mainEntityOfPage\":{\"@id\":\"https:\/\/www.glucodos.com\/et\/glukoosijoogi-vaarikas-glucodos-2\/\"},\"wordCount\":180,\"publisher\":{\"@id\":\"https:\/\/www.glucodos.com\/et\/#organization\"},\"image\":{\"@id\":\"https:\/\/www.glucodos.com\/et\/glukoosijoogi-vaarikas-glucodos-2\/#primaryimage\"},\"thumbnailUrl\":\"https:\/\/www.glucodos.com\/wp-content\/uploads\/2019\/04\/GlucoDos-75-Vadelma-300ml-4513.jpg\",\"inLanguage\":\"et\"},{\"@type\":\"WebPage\",\"@id\":\"https:\/\/www.glucodos.com\/et\/glukoosijoogi-vaarikas-glucodos-2\/\",\"url\":\"https:\/\/www.glucodos.com\/et\/glukoosijoogi-vaarikas-glucodos-2\/\",\"name\":\"GlucoDos 75g Vaarikas - Glucodos Kasutusvalmis gl\u00fckoosijoogi 300ml\",\"isPartOf\":{\"@id\":\"https:\/\/www.glucodos.com\/et\/#website\"},\"primaryImageOfPage\":{\"@id\":\"https:\/\/www.glucodos.com\/et\/glukoosijoogi-vaarikas-glucodos-2\/#primaryimage\"},\"image\":{\"@id\":\"https:\/\/www.glucodos.com\/et\/glukoosijoogi-vaarikas-glucodos-2\/#primaryimage\"},\"thumbnailUrl\":\"https:\/\/www.glucodos.com\/wp-content\/uploads\/2019\/04\/GlucoDos-75-Vadelma-300ml-4513.jpg\",\"datePublished\":\"2019-02-21T10:44:44+00:00\",\"dateModified\":\"2023-11-02T07:53:21+00:00\",\"description\":\"GlucoDos 75g\/300ml vaarikas on v\u00e4rske gl\u00fckoosijoogi. See on m\u00f5eldud tundlikele kasutajatele. Lablemon on minimeerinud ahistajate kasutamist.\",\"breadcrumb\":{\"@id\":\"https:\/\/www.glucodos.com\/et\/glukoosijoogi-vaarikas-glucodos-2\/#breadcrumb\"},\"inLanguage\":\"et\",\"potentialAction\":[{\"@type\":\"ReadAction\",\"target\":[\"https:\/\/www.glucodos.com\/et\/glukoosijoogi-vaarikas-glucodos-2\/\"]}]},{\"@type\":\"ImageObject\",\"inLanguage\":\"et\",\"@id\":\"https:\/\/www.glucodos.com\/et\/glukoosijoogi-vaarikas-glucodos-2\/#primaryimage\",\"url\":\"https:\/\/www.glucodos.com\/wp-content\/uploads\/2019\/04\/GlucoDos-75-Vadelma-300ml-4513.jpg\",\"contentUrl\":\"https:\/\/www.glucodos.com\/wp-content\/uploads\/2019\/04\/GlucoDos-75-Vadelma-300ml-4513.jpg\"},{\"@type\":\"BreadcrumbList\",\"@id\":\"https:\/\/www.glucodos.com\/et\/glukoosijoogi-vaarikas-glucodos-2\/#breadcrumb\",\"itemListElement\":[{\"@type\":\"ListItem\",\"position\":1,\"name\":\"Home\",\"item\":\"https:\/\/www.glucodos.com\/et\/\"},{\"@type\":\"ListItem\",\"position\":2,\"name\":\"GlucoDos 75g Vaarikas\"}]},{\"@type\":\"WebSite\",\"@id\":\"https:\/\/www.glucodos.com\/et\/#website\",\"url\":\"https:\/\/www.glucodos.com\/et\/\",\"name\":\"Glucodos\",\"description\":\"K&auml;ytt&ouml;valmis glukoosijuoma\",\"publisher\":{\"@id\":\"https:\/\/www.glucodos.com\/et\/#organization\"},\"potentialAction\":[{\"@type\":\"SearchAction\",\"target\":{\"@type\":\"EntryPoint\",\"urlTemplate\":\"https:\/\/www.glucodos.com\/et\/?s={search_term_string}\"},\"query-input\":{\"@type\":\"PropertyValueSpecification\",\"valueRequired\":true,\"valueName\":\"search_term_string\"}}],\"inLanguage\":\"et\"},{\"@type\":\"Organization\",\"@id\":\"https:\/\/www.glucodos.com\/et\/#organization\",\"name\":\"Lablemon International\",\"url\":\"https:\/\/www.glucodos.com\/et\/\",\"logo\":{\"@type\":\"ImageObject\",\"inLanguage\":\"et\",\"@id\":\"https:\/\/www.glucodos.com\/et\/#\/schema\/logo\/image\/\",\"url\":\"https:\/\/www.glucodos.com\/wp-content\/uploads\/2018\/11\/Lablemon_Logo_Heti-k\u00e4ytt\u00f6valmis-Glucodos-gukoosijuoma-2015_vector.png\",\"contentUrl\":\"https:\/\/www.glucodos.com\/wp-content\/uploads\/2018\/11\/Lablemon_Logo_Heti-k\u00e4ytt\u00f6valmis-Glucodos-gukoosijuoma-2015_vector.png\",\"width\":198,\"height\":110,\"caption\":\"Lablemon International\"},\"image\":{\"@id\":\"https:\/\/www.glucodos.com\/et\/#\/schema\/logo\/image\/\"}},{\"@type\":\"Person\",\"@id\":\"https:\/\/www.glucodos.com\/et\/#\/schema\/person\/3c4c59216c0d550fe2be0da5537e9621\",\"name\":\"admin\",\"image\":{\"@type\":\"ImageObject\",\"inLanguage\":\"et\",\"@id\":\"https:\/\/www.glucodos.com\/et\/#\/schema\/person\/image\/\",\"url\":\"https:\/\/secure.gravatar.com\/avatar\/42104cb832536137a64def7a31e59743?s=96&d=mm&r=g\",\"contentUrl\":\"https:\/\/secure.gravatar.com\/avatar\/42104cb832536137a64def7a31e59743?s=96&d=mm&r=g\",\"caption\":\"admin\"}}]}<\/script>\n<!-- \/ Yoast SEO plugin. -->","yoast_head_json":{"title":"GlucoDos 75g Vaarikas - Glucodos Kasutusvalmis gl\u00fckoosijoogi 300ml","description":"GlucoDos 75g\/300ml vaarikas on v\u00e4rske gl\u00fckoosijoogi. See on m\u00f5eldud tundlikele kasutajatele. Lablemon on minimeerinud ahistajate kasutamist.","robots":{"index":"index","follow":"follow","max-snippet":"max-snippet:-1","max-image-preview":"max-image-preview:large","max-video-preview":"max-video-preview:-1"},"canonical":"https:\/\/www.glucodos.com\/et\/glukoosijoogi-vaarikas-glucodos-2\/","og_locale":"et_EE","og_type":"article","og_title":"GlucoDos 75g Vaarikas - Glucodos Kasutusvalmis gl\u00fckoosijoogi 300ml","og_description":"GlucoDos 75g\/300ml vaarikas on v\u00e4rske gl\u00fckoosijoogi. See on m\u00f5eldud tundlikele kasutajatele. Lablemon on minimeerinud ahistajate kasutamist.","og_url":"https:\/\/www.glucodos.com\/et\/glukoosijoogi-vaarikas-glucodos-2\/","og_site_name":"Glucodos","article_modified_time":"2023-11-02T07:53:21+00:00","og_image":[{"url":"https:\/\/www.glucodos.com\/wp-content\/uploads\/2019\/04\/GlucoDos-75-Vadelma-300ml-4513.jpg","type":"","width":"","height":""}],"twitter_card":"summary_large_image","twitter_misc":{"Est. reading time":"2 minutit"},"schema":{"@context":"https:\/\/schema.org","@graph":[{"@type":"Article","@id":"https:\/\/www.glucodos.com\/et\/glukoosijoogi-vaarikas-glucodos-2\/#article","isPartOf":{"@id":"https:\/\/www.glucodos.com\/et\/glukoosijoogi-vaarikas-glucodos-2\/"},"author":{"name":"admin","@id":"https:\/\/www.glucodos.com\/et\/#\/schema\/person\/3c4c59216c0d550fe2be0da5537e9621"},"headline":"GlucoDos 75g Vaarikas","datePublished":"2019-02-21T10:44:44+00:00","dateModified":"2023-11-02T07:53:21+00:00","mainEntityOfPage":{"@id":"https:\/\/www.glucodos.com\/et\/glukoosijoogi-vaarikas-glucodos-2\/"},"wordCount":180,"publisher":{"@id":"https:\/\/www.glucodos.com\/et\/#organization"},"image":{"@id":"https:\/\/www.glucodos.com\/et\/glukoosijoogi-vaarikas-glucodos-2\/#primaryimage"},"thumbnailUrl":"https:\/\/www.glucodos.com\/wp-content\/uploads\/2019\/04\/GlucoDos-75-Vadelma-300ml-4513.jpg","inLanguage":"et"},{"@type":"WebPage","@id":"https:\/\/www.glucodos.com\/et\/glukoosijoogi-vaarikas-glucodos-2\/","url":"https:\/\/www.glucodos.com\/et\/glukoosijoogi-vaarikas-glucodos-2\/","name":"GlucoDos 75g Vaarikas - Glucodos Kasutusvalmis gl\u00fckoosijoogi 300ml","isPartOf":{"@id":"https:\/\/www.glucodos.com\/et\/#website"},"primaryImageOfPage":{"@id":"https:\/\/www.glucodos.com\/et\/glukoosijoogi-vaarikas-glucodos-2\/#primaryimage"},"image":{"@id":"https:\/\/www.glucodos.com\/et\/glukoosijoogi-vaarikas-glucodos-2\/#primaryimage"},"thumbnailUrl":"https:\/\/www.glucodos.com\/wp-content\/uploads\/2019\/04\/GlucoDos-75-Vadelma-300ml-4513.jpg","datePublished":"2019-02-21T10:44:44+00:00","dateModified":"2023-11-02T07:53:21+00:00","description":"GlucoDos 75g\/300ml vaarikas on v\u00e4rske gl\u00fckoosijoogi. See on m\u00f5eldud tundlikele kasutajatele. Lablemon on minimeerinud ahistajate kasutamist.","breadcrumb":{"@id":"https:\/\/www.glucodos.com\/et\/glukoosijoogi-vaarikas-glucodos-2\/#breadcrumb"},"inLanguage":"et","potentialAction":[{"@type":"ReadAction","target":["https:\/\/www.glucodos.com\/et\/glukoosijoogi-vaarikas-glucodos-2\/"]}]},{"@type":"ImageObject","inLanguage":"et","@id":"https:\/\/www.glucodos.com\/et\/glukoosijoogi-vaarikas-glucodos-2\/#primaryimage","url":"https:\/\/www.glucodos.com\/wp-content\/uploads\/2019\/04\/GlucoDos-75-Vadelma-300ml-4513.jpg","contentUrl":"https:\/\/www.glucodos.com\/wp-content\/uploads\/2019\/04\/GlucoDos-75-Vadelma-300ml-4513.jpg"},{"@type":"BreadcrumbList","@id":"https:\/\/www.glucodos.com\/et\/glukoosijoogi-vaarikas-glucodos-2\/#breadcrumb","itemListElement":[{"@type":"ListItem","position":1,"name":"Home","item":"https:\/\/www.glucodos.com\/et\/"},{"@type":"ListItem","position":2,"name":"GlucoDos 75g Vaarikas"}]},{"@type":"WebSite","@id":"https:\/\/www.glucodos.com\/et\/#website","url":"https:\/\/www.glucodos.com\/et\/","name":"Glucodos","description":"K&auml;ytt&ouml;valmis glukoosijuoma","publisher":{"@id":"https:\/\/www.glucodos.com\/et\/#organization"},"potentialAction":[{"@type":"SearchAction","target":{"@type":"EntryPoint","urlTemplate":"https:\/\/www.glucodos.com\/et\/?s={search_term_string}"},"query-input":{"@type":"PropertyValueSpecification","valueRequired":true,"valueName":"search_term_string"}}],"inLanguage":"et"},{"@type":"Organization","@id":"https:\/\/www.glucodos.com\/et\/#organization","name":"Lablemon International","url":"https:\/\/www.glucodos.com\/et\/","logo":{"@type":"ImageObject","inLanguage":"et","@id":"https:\/\/www.glucodos.com\/et\/#\/schema\/logo\/image\/","url":"https:\/\/www.glucodos.com\/wp-content\/uploads\/2018\/11\/Lablemon_Logo_Heti-k\u00e4ytt\u00f6valmis-Glucodos-gukoosijuoma-2015_vector.png","contentUrl":"https:\/\/www.glucodos.com\/wp-content\/uploads\/2018\/11\/Lablemon_Logo_Heti-k\u00e4ytt\u00f6valmis-Glucodos-gukoosijuoma-2015_vector.png","width":198,"height":110,"caption":"Lablemon International"},"image":{"@id":"https:\/\/www.glucodos.com\/et\/#\/schema\/logo\/image\/"}},{"@type":"Person","@id":"https:\/\/www.glucodos.com\/et\/#\/schema\/person\/3c4c59216c0d550fe2be0da5537e9621","name":"admin","image":{"@type":"ImageObject","inLanguage":"et","@id":"https:\/\/www.glucodos.com\/et\/#\/schema\/person\/image\/","url":"https:\/\/secure.gravatar.com\/avatar\/42104cb832536137a64def7a31e59743?s=96&d=mm&r=g","contentUrl":"https:\/\/secure.gravatar.com\/avatar\/42104cb832536137a64def7a31e59743?s=96&d=mm&r=g","caption":"admin"}}]}},"_links":{"self":[{"href":"https:\/\/www.glucodos.com\/et\/wp-json\/wp\/v2\/pages\/448"}],"collection":[{"href":"https:\/\/www.glucodos.com\/et\/wp-json\/wp\/v2\/pages"}],"about":[{"href":"https:\/\/www.glucodos.com\/et\/wp-json\/wp\/v2\/types\/page"}],"author":[{"embeddable":true,"href":"https:\/\/www.glucodos.com\/et\/wp-json\/wp\/v2\/users\/1"}],"replies":[{"embeddable":true,"href":"https:\/\/www.glucodos.com\/et\/wp-json\/wp\/v2\/comments?post=448"}],"version-history":[{"count":5,"href":"https:\/\/www.glucodos.com\/et\/wp-json\/wp\/v2\/pages\/448\/revisions"}],"predecessor-version":[{"id":853,"href":"https:\/\/www.glucodos.com\/et\/wp-json\/wp\/v2\/pages\/448\/revisions\/853"}],"wp:attachment":[{"href":"https:\/\/www.glucodos.com\/et\/wp-json\/wp\/v2\/media?parent=448"}],"curies":[{"name":"wp","href":"https:\/\/api.w.org\/{rel}","templated":true}]}}