{"id":760,"date":"2019-04-17T20:34:15","date_gmt":"2019-04-17T20:34:15","guid":{"rendered":"https:\/\/www.glucodos.com\/?page_id=760"},"modified":"2019-04-17T20:54:51","modified_gmt":"2019-04-17T20:54:51","slug":"allergeenivaba-tootmise-keskkond","status":"publish","type":"page","link":"https:\/\/www.glucodos.com\/et\/allergeenivaba-tootmise-keskkond\/","title":{"rendered":"Allergeenivaba tootmise keskkond"},"content":{"rendered":"\n<figure class=\"wp-block-image\"><a href=\"https:\/\/www.glucodos.com\/wp-content\/uploads\/2019\/04\/GlucoDos-75-tuoteperhe-valmistetaan-allergeenivapaassa-tuotantoymp\u00e4rist\u00f6ss\u00e4-4591-1024x503.jpg\"><img loading=\"lazy\" decoding=\"async\" width=\"1024\" height=\"503\" src=\"https:\/\/www.glucodos.com\/wp-content\/uploads\/2019\/04\/GlucoDos-75-tuoteperhe-valmistetaan-allergeenivapaassa-tuotantoymp\u00e4rist\u00f6ss\u00e4-4591-1024x503.jpg\" alt=\"Gl\u00fckoosijook GlucoDos 75 tooteperekond on valmistatud allergeenivabas tootmis keskkonnas. Allergeenivaba tootmise keskkond .\" class=\"wp-image-714\" srcset=\"https:\/\/www.glucodos.com\/wp-content\/uploads\/2019\/04\/GlucoDos-75-tuoteperhe-valmistetaan-allergeenivapaassa-tuotantoymp\u00e4rist\u00f6ss\u00e4-4591-1024x503.jpg 1024w, https:\/\/www.glucodos.com\/wp-content\/uploads\/2019\/04\/GlucoDos-75-tuoteperhe-valmistetaan-allergeenivapaassa-tuotantoymp\u00e4rist\u00f6ss\u00e4-4591-300x147.jpg 300w, https:\/\/www.glucodos.com\/wp-content\/uploads\/2019\/04\/GlucoDos-75-tuoteperhe-valmistetaan-allergeenivapaassa-tuotantoymp\u00e4rist\u00f6ss\u00e4-4591-768x377.jpg 768w, https:\/\/www.glucodos.com\/wp-content\/uploads\/2019\/04\/GlucoDos-75-tuoteperhe-valmistetaan-allergeenivapaassa-tuotantoymp\u00e4rist\u00f6ss\u00e4-4591.jpg 1200w\" sizes=\"(max-width: 1024px) 100vw, 1024px\" \/><\/a><\/figure>\n\n\n\n<h2 class=\"wp-block-heading\">Allergeenivaba tootmise keskkond<\/h2>\n\n\n\n<p>Meie gl\u00fckoosijookide tootmisliin on projekteeritud ja kasutatud peaaegu eranditult gl\u00fckoosi jookide tootmiseks. Gl\u00fckoosijookide tootmine on allergeenivaba.<\/p>\n\n\n\n<p><strong>Samades tootmisrajatistes ei s\u00e4ilitata teravilja, mune, koorikloomi, kala, p\u00e4hkleid, soja, piima, maap\u00e4hklit, sellerit, sinepit, seesami seemneid v\u00f5i nende valmistisi.<\/strong><\/p>\n\n\n\n<p>Alltoodud loendist valmistatud valmistised, pooltooted v\u00f5i toorained ei ole meie tootmisrajatistes ega meie GlucoDose gl\u00fckoosi jookides.<\/p>\n\n\n\n<figure class=\"wp-block-image\"><a href=\"https:\/\/www.glucodos.com\/wp-content\/uploads\/2019\/04\/Glucodos-Statement-Allergen-List_Allergeenivapaa-tuotantoymp\u00e4rist\u00f6-913x1024.png\"><img loading=\"lazy\" decoding=\"async\" width=\"913\" height=\"1024\" src=\"https:\/\/www.glucodos.com\/wp-content\/uploads\/2019\/04\/Glucodos-Statement-Allergen-List_Allergeenivapaa-tuotantoymp\u00e4rist\u00f6-913x1024.png\" alt=\"GlucoDos Gl\u00fckoosijookide allergeenid tootmistingimustes. Jah, Allergeenivaba tootmise keskkond .\" class=\"wp-image-573\" srcset=\"https:\/\/www.glucodos.com\/wp-content\/uploads\/2019\/04\/Glucodos-Statement-Allergen-List_Allergeenivapaa-tuotantoymp\u00e4rist\u00f6-913x1024.png 913w, https:\/\/www.glucodos.com\/wp-content\/uploads\/2019\/04\/Glucodos-Statement-Allergen-List_Allergeenivapaa-tuotantoymp\u00e4rist\u00f6-267x300.png 267w, https:\/\/www.glucodos.com\/wp-content\/uploads\/2019\/04\/Glucodos-Statement-Allergen-List_Allergeenivapaa-tuotantoymp\u00e4rist\u00f6-768x861.png 768w, https:\/\/www.glucodos.com\/wp-content\/uploads\/2019\/04\/Glucodos-Statement-Allergen-List_Allergeenivapaa-tuotantoymp\u00e4rist\u00f6.png 1594w\" sizes=\"(max-width: 913px) 100vw, 913px\" \/><\/a><\/figure>\n\n\n\n<figure class=\"wp-block-image\"><img loading=\"lazy\" decoding=\"async\" width=\"1024\" height=\"683\" src=\"https:\/\/www.glucodos.com\/wp-content\/uploads\/2019\/04\/GlucoDos-75-tuoteperhe-valmistetaan-allergeenivapaassa-tuotantoymp\u00e4rist\u00f6ss\u00e4-4640-1024x683.jpg\" alt=\"GlucoDos glukoosijook, Hea toode - minimaalsed koostisosad, Allergeenivaba tootmise keskkond\" class=\"wp-image-719\" srcset=\"https:\/\/www.glucodos.com\/wp-content\/uploads\/2019\/04\/GlucoDos-75-tuoteperhe-valmistetaan-allergeenivapaassa-tuotantoymp\u00e4rist\u00f6ss\u00e4-4640-1024x683.jpg 1024w, https:\/\/www.glucodos.com\/wp-content\/uploads\/2019\/04\/GlucoDos-75-tuoteperhe-valmistetaan-allergeenivapaassa-tuotantoymp\u00e4rist\u00f6ss\u00e4-4640-300x200.jpg 300w, https:\/\/www.glucodos.com\/wp-content\/uploads\/2019\/04\/GlucoDos-75-tuoteperhe-valmistetaan-allergeenivapaassa-tuotantoymp\u00e4rist\u00f6ss\u00e4-4640-768x512.jpg 768w, https:\/\/www.glucodos.com\/wp-content\/uploads\/2019\/04\/GlucoDos-75-tuoteperhe-valmistetaan-allergeenivapaassa-tuotantoymp\u00e4rist\u00f6ss\u00e4-4640.jpg 1200w\" sizes=\"(max-width: 1024px) 100vw, 1024px\" \/><\/figure>\n\n\n\n<h2 class=\"wp-block-heading\">Hea toode &#8211; minimaalsed koostisosad<\/h2>\n\n\n\n<p>Oleme piiranud meie gl\u00fckoosijookide toorainete kogust miinimumini.<\/p>\n\n\n\n<h4 class=\"wp-block-heading\"><strong>GlucoDos Makia 75g\/300ml:<\/strong><\/h4>\n\n\n\n<p>Neutraalne, m\u00f5eldud tundlikele kasutajatele, kes ei soovi l\u00f5hna- ja maitseaineid. Minimeeritud koostisosade kogus, mis muudab toote lihtsaks ja taskukohaseks.<\/p>\n\n\n\n<p>Sisaldus: vesi, gl\u00fckoos (gl\u00fckoosmonoh\u00fcdraat (82,5 g)), sidrunhape (E-330), naatriumbensoaat (E-211), maitse<\/p>\n\n\n\n<p>Uus GlucoDos Makia 75g \/ 300ml:<br>\nSisaldus: vesi, gl\u00fckoos (gl\u00fckoosmonoh\u00fcdraat (82,5 g)), sidrunhape (E-330), kaaliumsorbaat (E-202), maitsestamata<\/p>\n\n\n\n<h4 class=\"wp-block-heading\"><strong>GlucoDos Sidrun 75g\/300ml:<\/strong><\/h4>\n\n\n\n<p>V\u00e4rske, looduslik sidruni maitse<br>\nSisaldus: vesi, gl\u00fckoos (gl\u00fckoosmonoh\u00fcdraat (82,5 g)), sidrunhape (E-330), naatriumbensoaat (E-211), sidruni maitse<\/p>\n\n\n\n<p>us Glucodos Lemon 75g \/ 300ml:<br> Sisaldus: vesi, gl\u00fckoos (gl\u00fckoosmonoh\u00fcdraat (82,5 g)), sidrunhape (E-330), kaaliumsorbaat (E-202), sidrunimaitse<\/p>\n\n\n\n<h4 class=\"wp-block-heading\"><strong>GlucoDos Vaarikas 75g\/300ml:<\/strong><\/h4>\n\n\n\n<p>P\u00f5hjamaade maitse, kuid s\u00fcnteetiline maitse<\/p>\n\n\n\n<p>Sisu: vesi, gl\u00fckoos (gl\u00fckoosmonoh\u00fcdraat (82,5 g)), sidrunhape (E-330), naatriumbensoaat (E-211), kunstlik vaarika maitse<\/p>\n\n\n\n<p>Lisateabe saamiseks meie toodangu, toodete, allergeenide v\u00f5i kvaliteedikontrolli kohta p\u00f6\u00f6rduge Lablemoni poole.<\/p>\n\n\n\n<p>Meil on hea meel teile rohkem teada saada meie GlucoDose gl\u00fckoosi jookidest. <a href=\"https:\/\/www.glucodos.com\/telli-glukoosijook-glucodos\/?lang=et\">V\u00f5tke meiega \u00fchendust!<\/a><\/p>\n\n\n\n<p>Lisateavet meie gl\u00fckoosi jookide kohta <a href=\"https:\/\/www.glucodos.com\/parim-kasutusvalmis-glukoosijook\/?lang=et\">leiate siit.<\/a><\/p>\n","protected":false},"excerpt":{"rendered":"<p>Allergeenivaba tootmise keskkond Meie gl\u00fckoosijookide tootmisliin on projekteeritud ja kasutatud peaaegu eranditult gl\u00fckoosi jookide tootmiseks. Gl\u00fckoosijookide tootmine on allergeenivaba. Samades tootmisrajatistes ei s\u00e4ilitata teravilja, mune, koorikloomi, kala, p\u00e4hkleid, soja, piima, maap\u00e4hklit, sellerit, sinepit, seesami seemneid v\u00f5i nende valmistisi. Alltoodud loendist &hellip; <a class=\"kt-excerpt-readmore\" href=\"https:\/\/www.glucodos.com\/et\/allergeenivaba-tootmise-keskkond\/\" aria-label=\"Allergeenivaba tootmise keskkond\">Read More<\/a><\/p>\n","protected":false},"author":1,"featured_media":0,"parent":0,"menu_order":0,"comment_status":"closed","ping_status":"closed","template":"","meta":{"footnotes":""},"yoast_head":"<!-- This site is optimized with the Yoast SEO plugin v24.5 - https:\/\/yoast.com\/wordpress\/plugins\/seo\/ -->\n<title>Allergeenivaba tootmise keskkond - Glucodos Minimaalsed koostisosad<\/title>\n<meta name=\"description\" content=\"Gl\u00fckoosijookide tootmine on allergeenivaba. Allergeenivaba tootmise keskkond. Samades tootmisrajatistes ei s\u00e4ilitata teravilja, mune, koorikloomi, kala, ...\" \/>\n<meta name=\"robots\" content=\"index, follow, max-snippet:-1, max-image-preview:large, max-video-preview:-1\" \/>\n<link rel=\"canonical\" href=\"https:\/\/www.glucodos.com\/et\/allergeenivaba-tootmise-keskkond\/\" \/>\n<meta property=\"og:locale\" content=\"et_EE\" \/>\n<meta property=\"og:type\" content=\"article\" \/>\n<meta property=\"og:title\" content=\"Allergeenivaba tootmise keskkond - Glucodos Minimaalsed koostisosad\" \/>\n<meta property=\"og:description\" content=\"Gl\u00fckoosijookide tootmine on allergeenivaba. Allergeenivaba tootmise keskkond. Samades tootmisrajatistes ei s\u00e4ilitata teravilja, mune, koorikloomi, kala, ...\" \/>\n<meta property=\"og:url\" content=\"https:\/\/www.glucodos.com\/et\/allergeenivaba-tootmise-keskkond\/\" \/>\n<meta property=\"og:site_name\" content=\"Glucodos\" \/>\n<meta property=\"article:modified_time\" content=\"2019-04-17T20:54:51+00:00\" \/>\n<meta property=\"og:image\" content=\"https:\/\/www.glucodos.com\/wp-content\/uploads\/2019\/04\/GlucoDos-75-tuoteperhe-valmistetaan-allergeenivapaassa-tuotantoymp\u00e4rist\u00f6ss\u00e4-4591-1024x503.jpg\" \/>\n<meta name=\"twitter:card\" content=\"summary_large_image\" \/>\n<meta name=\"twitter:label1\" content=\"Est. reading time\" \/>\n\t<meta name=\"twitter:data1\" content=\"1 minut\" \/>\n<script type=\"application\/ld+json\" class=\"yoast-schema-graph\">{\"@context\":\"https:\/\/schema.org\",\"@graph\":[{\"@type\":\"Article\",\"@id\":\"https:\/\/www.glucodos.com\/et\/allergeenivaba-tootmise-keskkond\/#article\",\"isPartOf\":{\"@id\":\"https:\/\/www.glucodos.com\/et\/allergeenivaba-tootmise-keskkond\/\"},\"author\":{\"name\":\"admin\",\"@id\":\"https:\/\/www.glucodos.com\/et\/#\/schema\/person\/3c4c59216c0d550fe2be0da5537e9621\"},\"headline\":\"Allergeenivaba tootmise keskkond\",\"datePublished\":\"2019-04-17T20:34:15+00:00\",\"dateModified\":\"2019-04-17T20:54:51+00:00\",\"mainEntityOfPage\":{\"@id\":\"https:\/\/www.glucodos.com\/et\/allergeenivaba-tootmise-keskkond\/\"},\"wordCount\":241,\"publisher\":{\"@id\":\"https:\/\/www.glucodos.com\/et\/#organization\"},\"inLanguage\":\"et\"},{\"@type\":\"WebPage\",\"@id\":\"https:\/\/www.glucodos.com\/et\/allergeenivaba-tootmise-keskkond\/\",\"url\":\"https:\/\/www.glucodos.com\/et\/allergeenivaba-tootmise-keskkond\/\",\"name\":\"Allergeenivaba tootmise keskkond - Glucodos Minimaalsed koostisosad\",\"isPartOf\":{\"@id\":\"https:\/\/www.glucodos.com\/et\/#website\"},\"datePublished\":\"2019-04-17T20:34:15+00:00\",\"dateModified\":\"2019-04-17T20:54:51+00:00\",\"description\":\"Gl\u00fckoosijookide tootmine on allergeenivaba. Allergeenivaba tootmise keskkond. Samades tootmisrajatistes ei s\u00e4ilitata teravilja, mune, koorikloomi, kala, ...\",\"breadcrumb\":{\"@id\":\"https:\/\/www.glucodos.com\/et\/allergeenivaba-tootmise-keskkond\/#breadcrumb\"},\"inLanguage\":\"et\",\"potentialAction\":[{\"@type\":\"ReadAction\",\"target\":[\"https:\/\/www.glucodos.com\/et\/allergeenivaba-tootmise-keskkond\/\"]}]},{\"@type\":\"BreadcrumbList\",\"@id\":\"https:\/\/www.glucodos.com\/et\/allergeenivaba-tootmise-keskkond\/#breadcrumb\",\"itemListElement\":[{\"@type\":\"ListItem\",\"position\":1,\"name\":\"Home\",\"item\":\"https:\/\/www.glucodos.com\/et\/\"},{\"@type\":\"ListItem\",\"position\":2,\"name\":\"Allergeenivaba tootmise keskkond\"}]},{\"@type\":\"WebSite\",\"@id\":\"https:\/\/www.glucodos.com\/et\/#website\",\"url\":\"https:\/\/www.glucodos.com\/et\/\",\"name\":\"Glucodos\",\"description\":\"K&auml;ytt&ouml;valmis glukoosijuoma\",\"publisher\":{\"@id\":\"https:\/\/www.glucodos.com\/et\/#organization\"},\"potentialAction\":[{\"@type\":\"SearchAction\",\"target\":{\"@type\":\"EntryPoint\",\"urlTemplate\":\"https:\/\/www.glucodos.com\/et\/?s={search_term_string}\"},\"query-input\":{\"@type\":\"PropertyValueSpecification\",\"valueRequired\":true,\"valueName\":\"search_term_string\"}}],\"inLanguage\":\"et\"},{\"@type\":\"Organization\",\"@id\":\"https:\/\/www.glucodos.com\/et\/#organization\",\"name\":\"Lablemon International\",\"url\":\"https:\/\/www.glucodos.com\/et\/\",\"logo\":{\"@type\":\"ImageObject\",\"inLanguage\":\"et\",\"@id\":\"https:\/\/www.glucodos.com\/et\/#\/schema\/logo\/image\/\",\"url\":\"https:\/\/www.glucodos.com\/wp-content\/uploads\/2018\/11\/Lablemon_Logo_Heti-k\u00e4ytt\u00f6valmis-Glucodos-gukoosijuoma-2015_vector.png\",\"contentUrl\":\"https:\/\/www.glucodos.com\/wp-content\/uploads\/2018\/11\/Lablemon_Logo_Heti-k\u00e4ytt\u00f6valmis-Glucodos-gukoosijuoma-2015_vector.png\",\"width\":198,\"height\":110,\"caption\":\"Lablemon International\"},\"image\":{\"@id\":\"https:\/\/www.glucodos.com\/et\/#\/schema\/logo\/image\/\"}},{\"@type\":\"Person\",\"@id\":\"https:\/\/www.glucodos.com\/et\/#\/schema\/person\/3c4c59216c0d550fe2be0da5537e9621\",\"name\":\"admin\",\"image\":{\"@type\":\"ImageObject\",\"inLanguage\":\"et\",\"@id\":\"https:\/\/www.glucodos.com\/et\/#\/schema\/person\/image\/\",\"url\":\"https:\/\/secure.gravatar.com\/avatar\/42104cb832536137a64def7a31e59743?s=96&d=mm&r=g\",\"contentUrl\":\"https:\/\/secure.gravatar.com\/avatar\/42104cb832536137a64def7a31e59743?s=96&d=mm&r=g\",\"caption\":\"admin\"}}]}<\/script>\n<!-- \/ Yoast SEO plugin. -->","yoast_head_json":{"title":"Allergeenivaba tootmise keskkond - Glucodos Minimaalsed koostisosad","description":"Gl\u00fckoosijookide tootmine on allergeenivaba. Allergeenivaba tootmise keskkond. Samades tootmisrajatistes ei s\u00e4ilitata teravilja, mune, koorikloomi, kala, ...","robots":{"index":"index","follow":"follow","max-snippet":"max-snippet:-1","max-image-preview":"max-image-preview:large","max-video-preview":"max-video-preview:-1"},"canonical":"https:\/\/www.glucodos.com\/et\/allergeenivaba-tootmise-keskkond\/","og_locale":"et_EE","og_type":"article","og_title":"Allergeenivaba tootmise keskkond - Glucodos Minimaalsed koostisosad","og_description":"Gl\u00fckoosijookide tootmine on allergeenivaba. Allergeenivaba tootmise keskkond. Samades tootmisrajatistes ei s\u00e4ilitata teravilja, mune, koorikloomi, kala, ...","og_url":"https:\/\/www.glucodos.com\/et\/allergeenivaba-tootmise-keskkond\/","og_site_name":"Glucodos","article_modified_time":"2019-04-17T20:54:51+00:00","og_image":[{"url":"https:\/\/www.glucodos.com\/wp-content\/uploads\/2019\/04\/GlucoDos-75-tuoteperhe-valmistetaan-allergeenivapaassa-tuotantoymp\u00e4rist\u00f6ss\u00e4-4591-1024x503.jpg","type":"","width":"","height":""}],"twitter_card":"summary_large_image","twitter_misc":{"Est. reading time":"1 minut"},"schema":{"@context":"https:\/\/schema.org","@graph":[{"@type":"Article","@id":"https:\/\/www.glucodos.com\/et\/allergeenivaba-tootmise-keskkond\/#article","isPartOf":{"@id":"https:\/\/www.glucodos.com\/et\/allergeenivaba-tootmise-keskkond\/"},"author":{"name":"admin","@id":"https:\/\/www.glucodos.com\/et\/#\/schema\/person\/3c4c59216c0d550fe2be0da5537e9621"},"headline":"Allergeenivaba tootmise keskkond","datePublished":"2019-04-17T20:34:15+00:00","dateModified":"2019-04-17T20:54:51+00:00","mainEntityOfPage":{"@id":"https:\/\/www.glucodos.com\/et\/allergeenivaba-tootmise-keskkond\/"},"wordCount":241,"publisher":{"@id":"https:\/\/www.glucodos.com\/et\/#organization"},"inLanguage":"et"},{"@type":"WebPage","@id":"https:\/\/www.glucodos.com\/et\/allergeenivaba-tootmise-keskkond\/","url":"https:\/\/www.glucodos.com\/et\/allergeenivaba-tootmise-keskkond\/","name":"Allergeenivaba tootmise keskkond - Glucodos Minimaalsed koostisosad","isPartOf":{"@id":"https:\/\/www.glucodos.com\/et\/#website"},"datePublished":"2019-04-17T20:34:15+00:00","dateModified":"2019-04-17T20:54:51+00:00","description":"Gl\u00fckoosijookide tootmine on allergeenivaba. Allergeenivaba tootmise keskkond. Samades tootmisrajatistes ei s\u00e4ilitata teravilja, mune, koorikloomi, kala, ...","breadcrumb":{"@id":"https:\/\/www.glucodos.com\/et\/allergeenivaba-tootmise-keskkond\/#breadcrumb"},"inLanguage":"et","potentialAction":[{"@type":"ReadAction","target":["https:\/\/www.glucodos.com\/et\/allergeenivaba-tootmise-keskkond\/"]}]},{"@type":"BreadcrumbList","@id":"https:\/\/www.glucodos.com\/et\/allergeenivaba-tootmise-keskkond\/#breadcrumb","itemListElement":[{"@type":"ListItem","position":1,"name":"Home","item":"https:\/\/www.glucodos.com\/et\/"},{"@type":"ListItem","position":2,"name":"Allergeenivaba tootmise keskkond"}]},{"@type":"WebSite","@id":"https:\/\/www.glucodos.com\/et\/#website","url":"https:\/\/www.glucodos.com\/et\/","name":"Glucodos","description":"K&auml;ytt&ouml;valmis glukoosijuoma","publisher":{"@id":"https:\/\/www.glucodos.com\/et\/#organization"},"potentialAction":[{"@type":"SearchAction","target":{"@type":"EntryPoint","urlTemplate":"https:\/\/www.glucodos.com\/et\/?s={search_term_string}"},"query-input":{"@type":"PropertyValueSpecification","valueRequired":true,"valueName":"search_term_string"}}],"inLanguage":"et"},{"@type":"Organization","@id":"https:\/\/www.glucodos.com\/et\/#organization","name":"Lablemon International","url":"https:\/\/www.glucodos.com\/et\/","logo":{"@type":"ImageObject","inLanguage":"et","@id":"https:\/\/www.glucodos.com\/et\/#\/schema\/logo\/image\/","url":"https:\/\/www.glucodos.com\/wp-content\/uploads\/2018\/11\/Lablemon_Logo_Heti-k\u00e4ytt\u00f6valmis-Glucodos-gukoosijuoma-2015_vector.png","contentUrl":"https:\/\/www.glucodos.com\/wp-content\/uploads\/2018\/11\/Lablemon_Logo_Heti-k\u00e4ytt\u00f6valmis-Glucodos-gukoosijuoma-2015_vector.png","width":198,"height":110,"caption":"Lablemon International"},"image":{"@id":"https:\/\/www.glucodos.com\/et\/#\/schema\/logo\/image\/"}},{"@type":"Person","@id":"https:\/\/www.glucodos.com\/et\/#\/schema\/person\/3c4c59216c0d550fe2be0da5537e9621","name":"admin","image":{"@type":"ImageObject","inLanguage":"et","@id":"https:\/\/www.glucodos.com\/et\/#\/schema\/person\/image\/","url":"https:\/\/secure.gravatar.com\/avatar\/42104cb832536137a64def7a31e59743?s=96&d=mm&r=g","contentUrl":"https:\/\/secure.gravatar.com\/avatar\/42104cb832536137a64def7a31e59743?s=96&d=mm&r=g","caption":"admin"}}]}},"_links":{"self":[{"href":"https:\/\/www.glucodos.com\/et\/wp-json\/wp\/v2\/pages\/760"}],"collection":[{"href":"https:\/\/www.glucodos.com\/et\/wp-json\/wp\/v2\/pages"}],"about":[{"href":"https:\/\/www.glucodos.com\/et\/wp-json\/wp\/v2\/types\/page"}],"author":[{"embeddable":true,"href":"https:\/\/www.glucodos.com\/et\/wp-json\/wp\/v2\/users\/1"}],"replies":[{"embeddable":true,"href":"https:\/\/www.glucodos.com\/et\/wp-json\/wp\/v2\/comments?post=760"}],"version-history":[{"count":4,"href":"https:\/\/www.glucodos.com\/et\/wp-json\/wp\/v2\/pages\/760\/revisions"}],"predecessor-version":[{"id":769,"href":"https:\/\/www.glucodos.com\/et\/wp-json\/wp\/v2\/pages\/760\/revisions\/769"}],"wp:attachment":[{"href":"https:\/\/www.glucodos.com\/et\/wp-json\/wp\/v2\/media?parent=760"}],"curies":[{"name":"wp","href":"https:\/\/api.w.org\/{rel}","templated":true}]}}