{"id":148,"date":"2018-10-27T07:04:21","date_gmt":"2018-10-27T07:04:21","guid":{"rendered":"http:\/\/www.glucodos.com\/?page_id=148"},"modified":"2023-11-06T16:21:43","modified_gmt":"2023-11-06T16:21:43","slug":"glukoslosning-glucodos","status":"publish","type":"page","link":"https:\/\/www.glucodos.com\/sv\/","title":{"rendered":"F\u00e4rsk glukosl\u00f6sning GlucoDos"},"content":{"rendered":"<h2>Glukosl\u00f6sning Glucodos med flera anv\u00e4ndningsomr\u00e5den<\/h2>\n<div>\n<p class=\"p1\"><i>Glukosl\u00f6sning GlucoDos \u00e4r en uppfriskande och god glukosdryck som anv\u00e4nds av s\u00e5v\u00e4l idrottare som h\u00e4lsov\u00e5rdslaboratorier. Produkten har utbredd anv\u00e4ndning i Europa och finns nu \u00e4ven i Finland. F\u00f6rdelen med GlucoDos \u00e4r f\u00f6rutom den goda smaken att det inte uppst\u00e5r n\u00e5got leveransavbrott. Med hj\u00e4lp av GlucoDos s\u00e4kerst\u00e4ller du att ditt lager av glukosdryck aldrig tar slut!<\/i><\/p>\n<p class=\"p1\">GlucoDos \u00e4r l\u00e4mplig till exempel f\u00f6r idrottarnas n\u00e4ring, energi\u00e5tervinning och stabilisering av sockers balans. GlucoDos Glukos Dryck \u00e4r ocks\u00e5 l\u00e4mplig f\u00f6r behandling av hypoglykemi, till exempel enligt Diabetesf\u00f6rbundets rekommendationer och under ledning av v\u00e5rdpersonal i alla situationer d\u00e4r ett rent, snabbt absorberat kolhydrat kr\u00e4vs.L\u00e4s mer om glukosdryckprodukten (<a href=\"https:\/\/www.glucodos.com\/sv\/glucodos-75g-citron\/\">Glucodos 75g \/ 300 ml Citron<\/a>, <a href=\"https:\/\/www.glucodos.com\/sv\/glucodos-75g-hallon\/\">Glucodos 75g \/ 300 ml Hallon<\/a> och <a href=\"https:\/\/www.glucodos.com\/sv\/glucodos-neutral-glukoslosning\/\">Glucodos 75g \/ 300 ml S\u00f6t (Neutral)<\/a>) och <a href=\"https:\/\/learn4more.lpages.co\/glucose-drink-glucodos-free-quotation\/\">be om en offert<\/a>!\u00a0\u00a0<br \/>\u00a0<\/p>\n<\/div>\n\n\n<figure class=\"wp-block-gallery has-nested-images columns-default is-cropped wp-block-gallery-1 is-layout-flex wp-block-gallery-is-layout-flex\">\n<figure class=\"wp-block-image size-large\"><a href=\"https:\/\/www.glucodos.com\/sv\/glucodos-75g-citron\/\"><img loading=\"lazy\" decoding=\"async\" width=\"480\" height=\"480\" data-id=\"926\" src=\"https:\/\/www.glucodos.com\/wp-content\/uploads\/2023\/11\/Glucose-75g-Lemon-Drink-300ml-Glucodos-products-from-Lablemon-034534.jpg\" alt=\"Glukos 75g glukosl\u00f6sningsdryck med citronsmak 300ml Glucodos produkt\" class=\"wp-image-926\" srcset=\"https:\/\/www.glucodos.com\/wp-content\/uploads\/2023\/11\/Glucose-75g-Lemon-Drink-300ml-Glucodos-products-from-Lablemon-034534.jpg 480w, https:\/\/www.glucodos.com\/wp-content\/uploads\/2023\/11\/Glucose-75g-Lemon-Drink-300ml-Glucodos-products-from-Lablemon-034534-300x300.jpg 300w, https:\/\/www.glucodos.com\/wp-content\/uploads\/2023\/11\/Glucose-75g-Lemon-Drink-300ml-Glucodos-products-from-Lablemon-034534-150x150.jpg 150w\" sizes=\"(max-width: 480px) 100vw, 480px\" \/><\/a><figcaption class=\"wp-element-caption\">Glcodos 75g\/300ml Citron<\/figcaption><\/figure>\n\n\n\n<figure class=\"wp-block-image size-large\"><a href=\"https:\/\/www.glucodos.com\/sv\/glucodos-75g-hallon\/\"><img loading=\"lazy\" decoding=\"async\" width=\"480\" height=\"480\" data-id=\"929\" src=\"https:\/\/www.glucodos.com\/wp-content\/uploads\/2023\/11\/Glucose-75-Raspberry-Drink-300ml-Glucodos-products-from-Lablemon.jpg\" alt=\"Gl\u00fckoosilahus gl\u00fckoosijook 75g\/300ml Glucodos Lemon Bottle on lihtsalt kasutatav gl\u00fckoositoode\" class=\"wp-image-929\" srcset=\"https:\/\/www.glucodos.com\/wp-content\/uploads\/2023\/11\/Glucose-75-Raspberry-Drink-300ml-Glucodos-products-from-Lablemon.jpg 480w, https:\/\/www.glucodos.com\/wp-content\/uploads\/2023\/11\/Glucose-75-Raspberry-Drink-300ml-Glucodos-products-from-Lablemon-300x300.jpg 300w, https:\/\/www.glucodos.com\/wp-content\/uploads\/2023\/11\/Glucose-75-Raspberry-Drink-300ml-Glucodos-products-from-Lablemon-150x150.jpg 150w\" sizes=\"(max-width: 480px) 100vw, 480px\" \/><\/a><figcaption class=\"wp-element-caption\">Glucodos 75g\/300ml Hallon<\/figcaption><\/figure>\n\n\n\n<figure class=\"wp-block-image size-large\"><a href=\"https:\/\/www.glucodos.com\/sv\/glucodos-neutral-glukoslosning\/\"><img loading=\"lazy\" decoding=\"async\" width=\"480\" height=\"480\" data-id=\"928\" src=\"https:\/\/www.glucodos.com\/wp-content\/uploads\/2023\/11\/Glucose-75g-Neutral-sweet-Drink-300ml-Glucodos-products-from-Lablemon-024523.jpg\" alt=\"Gl\u00fckoosilahus gl\u00fckoosijook 75g\/300ml Glucodos Lemon Bottle on lihtsalt kasutatav gl\u00fckoositoode\" class=\"wp-image-928\" srcset=\"https:\/\/www.glucodos.com\/wp-content\/uploads\/2023\/11\/Glucose-75g-Neutral-sweet-Drink-300ml-Glucodos-products-from-Lablemon-024523.jpg 480w, https:\/\/www.glucodos.com\/wp-content\/uploads\/2023\/11\/Glucose-75g-Neutral-sweet-Drink-300ml-Glucodos-products-from-Lablemon-024523-300x300.jpg 300w, https:\/\/www.glucodos.com\/wp-content\/uploads\/2023\/11\/Glucose-75g-Neutral-sweet-Drink-300ml-Glucodos-products-from-Lablemon-024523-150x150.jpg 150w\" sizes=\"(max-width: 480px) 100vw, 480px\" \/><\/a><figcaption class=\"wp-element-caption\">Glucodos 75g\/300ml Neutral<\/figcaption><\/figure>\n<\/figure>\n\n\n\n<h2 class=\"wp-block-heading\">Beg\u00e4r en offert f\u00f6r glukosl\u00f6sning!<\/h2>\n\n\n\n<p>Har du letat efter en p\u00e5litlig glukosdryck, till exempel f\u00f6r att ers\u00e4tta anv\u00e4ndningen av glukospulver? Beh\u00f6ver du en omedelbart f\u00e4rdig och l\u00e4tt drickbar glukosl\u00f6sning? Glucodos \u00e4r precis det. En h\u00f6gkvalitativ, l\u00e4ttdrucken och p\u00e5litlig produkt med j\u00e4mn kvalitet \u2013 Glucodos \u00e4r det r\u00e4tta valet n\u00e4r du beh\u00f6ver flera smaker och en bekv\u00e4m anv\u00e4ndarupplevelse. Visste du att Glucodos glukosdryck \u00e4r glutenfri, fri fr\u00e5n animaliska produkter (l\u00e4mplig f\u00f6r veganer) och \u00e4ven l\u00e4mplig f\u00f6r Halal-anv\u00e4ndare!<\/p>\n\n\n\n<p>Beh\u00f6ver du en offert f\u00f6r Glucodos glukosdryck? Det \u00e4r enkelt! Klicka p\u00e5 l\u00e4nken nedan och snart f\u00e5r du m\u00f6jlighet att prova Glucodos i din verksamhet. <a href=\"https:\/\/learn4more.lpages.co\/glucose-drink-glucodos-free-quotation\/\">Intresserad? Beg\u00e4r en offert f\u00f6r glukosl\u00f6sning h\u00e4r.<\/a><\/p>\n\n\n\n<p><\/p>\n\n\n\n<h2 class=\"wp-block-heading\"><strong>Glukosl\u00f6sning som aldrig tar slut<\/strong><\/h2>\n\n\n\n<p>Beh\u00f6ver du glukosdryck snabbt? Vi lovar att leverera inom 24 timmar fr\u00e5n best\u00e4llning. Vi ser till att du f\u00e5r produkterna s\u00e5 fort som m\u00f6jligt efter att du har gjort din best\u00e4llning. I Finland lagerf\u00f6rs och distribueras GlucoDos av <a href=\"https:\/\/magnummedical.fi\/en\/\">Magnum Medical<\/a>, som garanterar flexibel, snabb och tillf\u00f6rlitlig distribution var som helst i nordiska l\u00e4nder.&nbsp;Prenumerera p\u00e5 v\u00e5rt GlucoDos nyhetsbrev <a href=\"http:\/\/eepurl.com\/dLD-Bk\">h\u00e4r!<\/a><\/p>\n\n\n\n<figure class=\"wp-block-image size-large\"><a href=\"https:\/\/www.glucodos.com\/wp-content\/uploads\/2023\/11\/Glucose-Drink-Banner-Glucose-75-Drink-Glucodos-products-from-Lablemon-014604-1024x393.jpg\"><img loading=\"lazy\" decoding=\"async\" width=\"1024\" height=\"393\" src=\"https:\/\/www.glucodos.com\/wp-content\/uploads\/2023\/11\/Glucose-Drink-Banner-Glucose-75-Drink-Glucodos-products-from-Lablemon-014604-1024x393.jpg\" alt=\"\" class=\"wp-image-943\" srcset=\"https:\/\/www.glucodos.com\/wp-content\/uploads\/2023\/11\/Glucose-Drink-Banner-Glucose-75-Drink-Glucodos-products-from-Lablemon-014604-1024x393.jpg 1024w, https:\/\/www.glucodos.com\/wp-content\/uploads\/2023\/11\/Glucose-Drink-Banner-Glucose-75-Drink-Glucodos-products-from-Lablemon-014604-300x115.jpg 300w, https:\/\/www.glucodos.com\/wp-content\/uploads\/2023\/11\/Glucose-Drink-Banner-Glucose-75-Drink-Glucodos-products-from-Lablemon-014604-768x295.jpg 768w, https:\/\/www.glucodos.com\/wp-content\/uploads\/2023\/11\/Glucose-Drink-Banner-Glucose-75-Drink-Glucodos-products-from-Lablemon-014604.jpg 1200w\" sizes=\"(max-width: 1024px) 100vw, 1024px\" \/><\/a><\/figure>\n","protected":false},"excerpt":{"rendered":"<p>Glukosl\u00f6sning Glucodos med flera anv\u00e4ndningsomr\u00e5den Glukosl\u00f6sning GlucoDos \u00e4r en uppfriskande och god glukosdryck som anv\u00e4nds av s\u00e5v\u00e4l idrottare som h\u00e4lsov\u00e5rdslaboratorier. Produkten har utbredd anv\u00e4ndning i Europa och finns nu \u00e4ven i Finland. F\u00f6rdelen med GlucoDos \u00e4r f\u00f6rutom den goda smaken &hellip; <a class=\"kt-excerpt-readmore\" href=\"https:\/\/www.glucodos.com\/sv\/\" aria-label=\"F\u00e4rsk glukosl\u00f6sning GlucoDos\">Read More<\/a><\/p>\n","protected":false},"author":1,"featured_media":0,"parent":0,"menu_order":0,"comment_status":"closed","ping_status":"open","template":"page-fullwidth.php","meta":{"footnotes":""},"yoast_head":"<!-- This site is optimized with the Yoast SEO plugin v24.5 - https:\/\/yoast.com\/wordpress\/plugins\/seo\/ -->\n<title>Glukosl\u00f6sning GlucoDos 75g \/ 300ml - F\u00e4rsk Glucodos<\/title>\n<meta name=\"description\" content=\"GlucoDos 75g 300ml- glukosl\u00f6sning - f\u00e4rskt och gott. Det anv\u00e4nds av idrottare och v\u00e5rdpersonal - GlucoDos kan inte komma i lager.\" \/>\n<meta name=\"robots\" content=\"index, follow, max-snippet:-1, max-image-preview:large, max-video-preview:-1\" \/>\n<link rel=\"canonical\" href=\"https:\/\/www.glucodos.com\/sv\/\" \/>\n<meta property=\"og:locale\" content=\"sv_SE\" \/>\n<meta property=\"og:type\" content=\"article\" \/>\n<meta property=\"og:title\" content=\"Glukosl\u00f6sning GlucoDos 75g \/ 300ml - F\u00e4rsk Glucodos\" \/>\n<meta property=\"og:description\" content=\"GlucoDos 75g 300ml- glukosl\u00f6sning - f\u00e4rskt och gott. Det anv\u00e4nds av idrottare och v\u00e5rdpersonal - GlucoDos kan inte komma i lager.\" \/>\n<meta property=\"og:url\" content=\"https:\/\/www.glucodos.com\/sv\/\" \/>\n<meta property=\"og:site_name\" content=\"Glucodos\" \/>\n<meta property=\"article:modified_time\" content=\"2023-11-06T16:21:43+00:00\" \/>\n<meta property=\"og:image\" content=\"https:\/\/www.glucodos.com\/wp-content\/uploads\/2023\/11\/Glucose-75g-Lemon-Drink-300ml-Glucodos-products-from-Lablemon-034534.jpg\" \/>\n<meta name=\"twitter:card\" content=\"summary_large_image\" \/>\n<meta name=\"twitter:label1\" content=\"Ber\u00e4knad l\u00e4stid\" \/>\n\t<meta name=\"twitter:data1\" content=\"3 minuter\" \/>\n<script type=\"application\/ld+json\" class=\"yoast-schema-graph\">{\"@context\":\"https:\/\/schema.org\",\"@graph\":[{\"@type\":\"Article\",\"@id\":\"https:\/\/www.glucodos.com\/sv\/#article\",\"isPartOf\":{\"@id\":\"https:\/\/www.glucodos.com\/sv\/\"},\"author\":{\"name\":\"admin\",\"@id\":\"https:\/\/www.glucodos.com\/sv\/#\/schema\/person\/3c4c59216c0d550fe2be0da5537e9621\"},\"headline\":\"F\u00e4rsk glukosl\u00f6sning GlucoDos\",\"datePublished\":\"2018-10-27T07:04:21+00:00\",\"dateModified\":\"2023-11-06T16:21:43+00:00\",\"mainEntityOfPage\":{\"@id\":\"https:\/\/www.glucodos.com\/sv\/\"},\"wordCount\":391,\"publisher\":{\"@id\":\"https:\/\/www.glucodos.com\/sv\/#organization\"},\"image\":{\"@id\":\"https:\/\/www.glucodos.com\/sv\/#primaryimage\"},\"thumbnailUrl\":\"https:\/\/www.glucodos.com\/wp-content\/uploads\/2023\/11\/Glucose-75g-Lemon-Drink-300ml-Glucodos-products-from-Lablemon-034534.jpg\",\"inLanguage\":\"sv-SE\"},{\"@type\":\"WebPage\",\"@id\":\"https:\/\/www.glucodos.com\/sv\/\",\"url\":\"https:\/\/www.glucodos.com\/sv\/\",\"name\":\"Glukosl\u00f6sning GlucoDos 75g \/ 300ml - F\u00e4rsk Glucodos\",\"isPartOf\":{\"@id\":\"https:\/\/www.glucodos.com\/sv\/#website\"},\"primaryImageOfPage\":{\"@id\":\"https:\/\/www.glucodos.com\/sv\/#primaryimage\"},\"image\":{\"@id\":\"https:\/\/www.glucodos.com\/sv\/#primaryimage\"},\"thumbnailUrl\":\"https:\/\/www.glucodos.com\/wp-content\/uploads\/2023\/11\/Glucose-75g-Lemon-Drink-300ml-Glucodos-products-from-Lablemon-034534.jpg\",\"datePublished\":\"2018-10-27T07:04:21+00:00\",\"dateModified\":\"2023-11-06T16:21:43+00:00\",\"description\":\"GlucoDos 75g 300ml- glukosl\u00f6sning - f\u00e4rskt och gott. Det anv\u00e4nds av idrottare och v\u00e5rdpersonal - GlucoDos kan inte komma i lager.\",\"breadcrumb\":{\"@id\":\"https:\/\/www.glucodos.com\/sv\/#breadcrumb\"},\"inLanguage\":\"sv-SE\",\"potentialAction\":[{\"@type\":\"ReadAction\",\"target\":[\"https:\/\/www.glucodos.com\/sv\/\"]}]},{\"@type\":\"ImageObject\",\"inLanguage\":\"sv-SE\",\"@id\":\"https:\/\/www.glucodos.com\/sv\/#primaryimage\",\"url\":\"https:\/\/www.glucodos.com\/wp-content\/uploads\/2023\/11\/Glucose-75g-Lemon-Drink-300ml-Glucodos-products-from-Lablemon-034534.jpg\",\"contentUrl\":\"https:\/\/www.glucodos.com\/wp-content\/uploads\/2023\/11\/Glucose-75g-Lemon-Drink-300ml-Glucodos-products-from-Lablemon-034534.jpg\"},{\"@type\":\"BreadcrumbList\",\"@id\":\"https:\/\/www.glucodos.com\/sv\/#breadcrumb\",\"itemListElement\":[{\"@type\":\"ListItem\",\"position\":1,\"name\":\"Home\",\"item\":\"https:\/\/www.glucodos.com\/sv\/\"},{\"@type\":\"ListItem\",\"position\":2,\"name\":\"F\u00e4rsk glukosl\u00f6sning GlucoDos\"}]},{\"@type\":\"WebSite\",\"@id\":\"https:\/\/www.glucodos.com\/sv\/#website\",\"url\":\"https:\/\/www.glucodos.com\/sv\/\",\"name\":\"Glucodos\",\"description\":\"K&auml;ytt&ouml;valmis glukoosijuoma\",\"publisher\":{\"@id\":\"https:\/\/www.glucodos.com\/sv\/#organization\"},\"potentialAction\":[{\"@type\":\"SearchAction\",\"target\":{\"@type\":\"EntryPoint\",\"urlTemplate\":\"https:\/\/www.glucodos.com\/sv\/?s={search_term_string}\"},\"query-input\":{\"@type\":\"PropertyValueSpecification\",\"valueRequired\":true,\"valueName\":\"search_term_string\"}}],\"inLanguage\":\"sv-SE\"},{\"@type\":\"Organization\",\"@id\":\"https:\/\/www.glucodos.com\/sv\/#organization\",\"name\":\"Lablemon International\",\"url\":\"https:\/\/www.glucodos.com\/sv\/\",\"logo\":{\"@type\":\"ImageObject\",\"inLanguage\":\"sv-SE\",\"@id\":\"https:\/\/www.glucodos.com\/sv\/#\/schema\/logo\/image\/\",\"url\":\"https:\/\/www.glucodos.com\/wp-content\/uploads\/2018\/11\/Lablemon_Logo_Heti-k\u00e4ytt\u00f6valmis-Glucodos-gukoosijuoma-2015_vector.png\",\"contentUrl\":\"https:\/\/www.glucodos.com\/wp-content\/uploads\/2018\/11\/Lablemon_Logo_Heti-k\u00e4ytt\u00f6valmis-Glucodos-gukoosijuoma-2015_vector.png\",\"width\":198,\"height\":110,\"caption\":\"Lablemon International\"},\"image\":{\"@id\":\"https:\/\/www.glucodos.com\/sv\/#\/schema\/logo\/image\/\"}},{\"@type\":\"Person\",\"@id\":\"https:\/\/www.glucodos.com\/sv\/#\/schema\/person\/3c4c59216c0d550fe2be0da5537e9621\",\"name\":\"admin\",\"image\":{\"@type\":\"ImageObject\",\"inLanguage\":\"sv-SE\",\"@id\":\"https:\/\/www.glucodos.com\/sv\/#\/schema\/person\/image\/\",\"url\":\"https:\/\/secure.gravatar.com\/avatar\/42104cb832536137a64def7a31e59743?s=96&d=mm&r=g\",\"contentUrl\":\"https:\/\/secure.gravatar.com\/avatar\/42104cb832536137a64def7a31e59743?s=96&d=mm&r=g\",\"caption\":\"admin\"}}]}<\/script>\n<!-- \/ Yoast SEO plugin. -->","yoast_head_json":{"title":"Glukosl\u00f6sning GlucoDos 75g \/ 300ml - F\u00e4rsk Glucodos","description":"GlucoDos 75g 300ml- glukosl\u00f6sning - f\u00e4rskt och gott. Det anv\u00e4nds av idrottare och v\u00e5rdpersonal - GlucoDos kan inte komma i lager.","robots":{"index":"index","follow":"follow","max-snippet":"max-snippet:-1","max-image-preview":"max-image-preview:large","max-video-preview":"max-video-preview:-1"},"canonical":"https:\/\/www.glucodos.com\/sv\/","og_locale":"sv_SE","og_type":"article","og_title":"Glukosl\u00f6sning GlucoDos 75g \/ 300ml - F\u00e4rsk Glucodos","og_description":"GlucoDos 75g 300ml- glukosl\u00f6sning - f\u00e4rskt och gott. Det anv\u00e4nds av idrottare och v\u00e5rdpersonal - GlucoDos kan inte komma i lager.","og_url":"https:\/\/www.glucodos.com\/sv\/","og_site_name":"Glucodos","article_modified_time":"2023-11-06T16:21:43+00:00","og_image":[{"url":"https:\/\/www.glucodos.com\/wp-content\/uploads\/2023\/11\/Glucose-75g-Lemon-Drink-300ml-Glucodos-products-from-Lablemon-034534.jpg","type":"","width":"","height":""}],"twitter_card":"summary_large_image","twitter_misc":{"Ber\u00e4knad l\u00e4stid":"3 minuter"},"schema":{"@context":"https:\/\/schema.org","@graph":[{"@type":"Article","@id":"https:\/\/www.glucodos.com\/sv\/#article","isPartOf":{"@id":"https:\/\/www.glucodos.com\/sv\/"},"author":{"name":"admin","@id":"https:\/\/www.glucodos.com\/sv\/#\/schema\/person\/3c4c59216c0d550fe2be0da5537e9621"},"headline":"F\u00e4rsk glukosl\u00f6sning GlucoDos","datePublished":"2018-10-27T07:04:21+00:00","dateModified":"2023-11-06T16:21:43+00:00","mainEntityOfPage":{"@id":"https:\/\/www.glucodos.com\/sv\/"},"wordCount":391,"publisher":{"@id":"https:\/\/www.glucodos.com\/sv\/#organization"},"image":{"@id":"https:\/\/www.glucodos.com\/sv\/#primaryimage"},"thumbnailUrl":"https:\/\/www.glucodos.com\/wp-content\/uploads\/2023\/11\/Glucose-75g-Lemon-Drink-300ml-Glucodos-products-from-Lablemon-034534.jpg","inLanguage":"sv-SE"},{"@type":"WebPage","@id":"https:\/\/www.glucodos.com\/sv\/","url":"https:\/\/www.glucodos.com\/sv\/","name":"Glukosl\u00f6sning GlucoDos 75g \/ 300ml - F\u00e4rsk Glucodos","isPartOf":{"@id":"https:\/\/www.glucodos.com\/sv\/#website"},"primaryImageOfPage":{"@id":"https:\/\/www.glucodos.com\/sv\/#primaryimage"},"image":{"@id":"https:\/\/www.glucodos.com\/sv\/#primaryimage"},"thumbnailUrl":"https:\/\/www.glucodos.com\/wp-content\/uploads\/2023\/11\/Glucose-75g-Lemon-Drink-300ml-Glucodos-products-from-Lablemon-034534.jpg","datePublished":"2018-10-27T07:04:21+00:00","dateModified":"2023-11-06T16:21:43+00:00","description":"GlucoDos 75g 300ml- glukosl\u00f6sning - f\u00e4rskt och gott. Det anv\u00e4nds av idrottare och v\u00e5rdpersonal - GlucoDos kan inte komma i lager.","breadcrumb":{"@id":"https:\/\/www.glucodos.com\/sv\/#breadcrumb"},"inLanguage":"sv-SE","potentialAction":[{"@type":"ReadAction","target":["https:\/\/www.glucodos.com\/sv\/"]}]},{"@type":"ImageObject","inLanguage":"sv-SE","@id":"https:\/\/www.glucodos.com\/sv\/#primaryimage","url":"https:\/\/www.glucodos.com\/wp-content\/uploads\/2023\/11\/Glucose-75g-Lemon-Drink-300ml-Glucodos-products-from-Lablemon-034534.jpg","contentUrl":"https:\/\/www.glucodos.com\/wp-content\/uploads\/2023\/11\/Glucose-75g-Lemon-Drink-300ml-Glucodos-products-from-Lablemon-034534.jpg"},{"@type":"BreadcrumbList","@id":"https:\/\/www.glucodos.com\/sv\/#breadcrumb","itemListElement":[{"@type":"ListItem","position":1,"name":"Home","item":"https:\/\/www.glucodos.com\/sv\/"},{"@type":"ListItem","position":2,"name":"F\u00e4rsk glukosl\u00f6sning GlucoDos"}]},{"@type":"WebSite","@id":"https:\/\/www.glucodos.com\/sv\/#website","url":"https:\/\/www.glucodos.com\/sv\/","name":"Glucodos","description":"K&auml;ytt&ouml;valmis glukoosijuoma","publisher":{"@id":"https:\/\/www.glucodos.com\/sv\/#organization"},"potentialAction":[{"@type":"SearchAction","target":{"@type":"EntryPoint","urlTemplate":"https:\/\/www.glucodos.com\/sv\/?s={search_term_string}"},"query-input":{"@type":"PropertyValueSpecification","valueRequired":true,"valueName":"search_term_string"}}],"inLanguage":"sv-SE"},{"@type":"Organization","@id":"https:\/\/www.glucodos.com\/sv\/#organization","name":"Lablemon International","url":"https:\/\/www.glucodos.com\/sv\/","logo":{"@type":"ImageObject","inLanguage":"sv-SE","@id":"https:\/\/www.glucodos.com\/sv\/#\/schema\/logo\/image\/","url":"https:\/\/www.glucodos.com\/wp-content\/uploads\/2018\/11\/Lablemon_Logo_Heti-k\u00e4ytt\u00f6valmis-Glucodos-gukoosijuoma-2015_vector.png","contentUrl":"https:\/\/www.glucodos.com\/wp-content\/uploads\/2018\/11\/Lablemon_Logo_Heti-k\u00e4ytt\u00f6valmis-Glucodos-gukoosijuoma-2015_vector.png","width":198,"height":110,"caption":"Lablemon International"},"image":{"@id":"https:\/\/www.glucodos.com\/sv\/#\/schema\/logo\/image\/"}},{"@type":"Person","@id":"https:\/\/www.glucodos.com\/sv\/#\/schema\/person\/3c4c59216c0d550fe2be0da5537e9621","name":"admin","image":{"@type":"ImageObject","inLanguage":"sv-SE","@id":"https:\/\/www.glucodos.com\/sv\/#\/schema\/person\/image\/","url":"https:\/\/secure.gravatar.com\/avatar\/42104cb832536137a64def7a31e59743?s=96&d=mm&r=g","contentUrl":"https:\/\/secure.gravatar.com\/avatar\/42104cb832536137a64def7a31e59743?s=96&d=mm&r=g","caption":"admin"}}]}},"_links":{"self":[{"href":"https:\/\/www.glucodos.com\/sv\/wp-json\/wp\/v2\/pages\/148"}],"collection":[{"href":"https:\/\/www.glucodos.com\/sv\/wp-json\/wp\/v2\/pages"}],"about":[{"href":"https:\/\/www.glucodos.com\/sv\/wp-json\/wp\/v2\/types\/page"}],"author":[{"embeddable":true,"href":"https:\/\/www.glucodos.com\/sv\/wp-json\/wp\/v2\/users\/1"}],"replies":[{"embeddable":true,"href":"https:\/\/www.glucodos.com\/sv\/wp-json\/wp\/v2\/comments?post=148"}],"version-history":[{"count":33,"href":"https:\/\/www.glucodos.com\/sv\/wp-json\/wp\/v2\/pages\/148\/revisions"}],"predecessor-version":[{"id":1002,"href":"https:\/\/www.glucodos.com\/sv\/wp-json\/wp\/v2\/pages\/148\/revisions\/1002"}],"wp:attachment":[{"href":"https:\/\/www.glucodos.com\/sv\/wp-json\/wp\/v2\/media?parent=148"}],"curies":[{"name":"wp","href":"https:\/\/api.w.org\/{rel}","templated":true}]}}