{"id":167,"date":"2018-10-27T09:45:11","date_gmt":"2018-10-27T09:45:11","guid":{"rendered":"http:\/\/www.glucodos.com\/?page_id=167"},"modified":"2023-11-06T09:38:37","modified_gmt":"2023-11-06T09:38:37","slug":"den-basta-glukosdrycken-2","status":"publish","type":"page","link":"https:\/\/www.glucodos.com\/sv\/den-basta-glukosdrycken-2\/","title":{"rendered":"Glukosl\u00f6sning 75g\/300ml produktinformation"},"content":{"rendered":"<p><a href=\"https:\/\/www.glucodos.com\/wp-content\/uploads\/2019\/04\/GlucoDos-Tuoteperhe-kaikki-4546.jpg\"><img loading=\"lazy\" decoding=\"async\" class=\"alignnone size-full wp-image-639\" src=\"https:\/\/www.glucodos.com\/wp-content\/uploads\/2019\/04\/GlucoDos-Tuoteperhe-kaikki-4546.jpg\" alt=\"\" width=\"1200\" height=\"545\" srcset=\"https:\/\/www.glucodos.com\/wp-content\/uploads\/2019\/04\/GlucoDos-Tuoteperhe-kaikki-4546.jpg 1200w, https:\/\/www.glucodos.com\/wp-content\/uploads\/2019\/04\/GlucoDos-Tuoteperhe-kaikki-4546-300x136.jpg 300w, https:\/\/www.glucodos.com\/wp-content\/uploads\/2019\/04\/GlucoDos-Tuoteperhe-kaikki-4546-768x349.jpg 768w, https:\/\/www.glucodos.com\/wp-content\/uploads\/2019\/04\/GlucoDos-Tuoteperhe-kaikki-4546-1024x465.jpg 1024w\" sizes=\"(max-width: 1200px) 100vw, 1200px\" \/><\/a><\/p>\n<h1>Glukosl\u00f6sning 75g\/300ml produktinformation<\/h1>\n<p>V\u00e5ra glukosdrycker passar de nordiska smakl\u00f6karna. Alternativen \u00e4r citronsmak\u00a0<strong><a href=\"https:\/\/www.glucodos.com\/glucodos-75g-citron\/?lang=sv\">GlucoDos Citron<\/a><\/strong>, hallonsmak\u00a0<strong><a href=\"https:\/\/www.glucodos.com\/glucodos-75g-hallon\/?lang=sv\">GlucoDos Hallon<\/a><\/strong> och neutralsmak<strong><a href=\"https:\/\/www.glucodos.com\/glucodos-neutral-glukosdryck\/?lang=sv\">\u00a0Glucodos Makia\u00a0<\/a><\/strong>Glukosdryck.\u00a0Glukosdrycker \u00e4r av naturen s\u00f6ta och &#8221;sliskiga&#8221;, men GlucoDos har med hj\u00e4lp av de andra smakerna i drycken lyckats balansera s\u00f6tman till en lagom frisk dryck. GlucoDos \u00e4r som godast n\u00e4r den \u00e4r kall och vi rekommenderar ocks\u00e5 att den f\u00f6rvaras i kylsk\u00e5p innan den avnjuts.<\/p>\n<h2 class=\"\"><span class=\"\">I det b\u00e4sta formatet<a href=\"http:\/\/www.glucodos.com\/wp-content\/uploads\/2018\/10\/raikas_glukoosijuoma.jpg\"><img loading=\"lazy\" decoding=\"async\" class=\"alignright wp-image-141 size-full\" src=\"https:\/\/www.glucodos.com\/wp-content\/uploads\/2018\/10\/raikas_glukoosijuoma.jpg\" alt=\"L\u00e4r mera om Glukosdrycken produktinformation. Glukosdrycker och energif\u00f6ryngring \u00e4r idealiska! Den b\u00e4st\u00e4 glukosdrycken.\" width=\"300\" height=\"450\" srcset=\"https:\/\/www.glucodos.com\/wp-content\/uploads\/2018\/10\/raikas_glukoosijuoma.jpg 300w, https:\/\/www.glucodos.com\/wp-content\/uploads\/2018\/10\/raikas_glukoosijuoma-200x300.jpg 200w\" sizes=\"(max-width: 300px) 100vw, 300px\" \/><\/a><\/span><\/h2>\n<p>Med hj\u00e4lp av GlucoDos-glukosdrycken beh\u00f6ver du inte l\u00e4ngre blanda drycker. Drycken levereras f\u00e4rdigblandad med en glukoshalt om 75 g. Drycken \u00e4r f\u00f6rpackad i milj\u00f6v\u00e4nliga PET-flaskor, s\u00e5 det finns ingen risk f\u00f6r att flaskorna g\u00e5r s\u00f6nder. Plastflaskorna \u00e4r enkla att hantera och f\u00f6rvara.<\/p>\n<h2 class=\"\">Enklast att f\u00f6rvara<\/h2>\n<p>GlucoDos-glukosdrycken levereras i kartonger om 20 flaskor som \u00e4r enkla att transportera och lagra. Plastflaskorna klirrar inte och g\u00e5r inte s\u00f6nder i transporten, och de \u00e4r enkla att flytta. Flaskorna f\u00f6rvaras i rumstemperatur, s\u00e5 de upptar inte n\u00e5got utrymme i kylen. F\u00f6rdelen med glukosdrycken \u00e4r dess l\u00e5nga h\u00e5llbarhet: 18 m\u00e5nader fr\u00e5n best\u00e4llning. GlucoDos inneh\u00e5ller inte kolsyra, vilket inneb\u00e4r att den friska smaken bevaras \u00e4ven under l\u00e5ng f\u00f6rvaringstid.\u00a0<span lang=\"sv\" tabindex=\"0\">L\u00e4r dig mer om <a href=\"https:\/\/www.glucodos.com\/glucodos-75g-citron\/?lang=sv\">citronsmak<\/a>, <a href=\"https:\/\/www.glucodos.com\/glucodos-75g-hallon\/?lang=sv\">hallonsmak<\/a> eller <a href=\"https:\/\/www.glucodos.com\/glucodos-neutral-glukosdryck\/?lang=sv\">s\u00f6t<\/a> glukosdryck.<\/span><\/p>\n<h2 id=\"tw-target-text\" class=\"tw-data-text tw-ta tw-text-small\" dir=\"ltr\" data-placeholder=\"K\u00e4\u00e4nn\u00f6s\"><span lang=\"sv\" tabindex=\"0\">Uppt\u00e4ck Glucodos introduktionsvideo och lagring av Glukosl\u00f6sning<\/span><\/h2>\n<pre class=\"tw-data-text tw-ta tw-text-small\" lang=\"sv\"><\/pre>\n<div class=\"entry-content-asset videofit\"><iframe loading=\"lazy\" title=\"Glucose Drink \/ Glukosdryck GLUCODOS  75g Ready-to-use for health care professionals and athletes\" width=\"1140\" height=\"641\" src=\"https:\/\/www.youtube.com\/embed\/gQFE8yjw4Rs?feature=oembed\" frameborder=\"0\" allow=\"accelerometer; autoplay; clipboard-write; encrypted-media; gyroscope; picture-in-picture; web-share\" allowfullscreen><\/iframe><\/div>\n","protected":false},"excerpt":{"rendered":"<p>Glukosl\u00f6sning 75g\/300ml produktinformation V\u00e5ra glukosdrycker passar de nordiska smakl\u00f6karna. Alternativen \u00e4r citronsmak\u00a0GlucoDos Citron, hallonsmak\u00a0GlucoDos Hallon och neutralsmak\u00a0Glucodos Makia\u00a0Glukosdryck.\u00a0Glukosdrycker \u00e4r av naturen s\u00f6ta och &#8221;sliskiga&#8221;, men GlucoDos har med hj\u00e4lp av de andra smakerna i drycken lyckats balansera s\u00f6tman till en &hellip; <a class=\"kt-excerpt-readmore\" href=\"https:\/\/www.glucodos.com\/sv\/den-basta-glukosdrycken-2\/\" aria-label=\"Glukosl\u00f6sning 75g\/300ml produktinformation\">Read More<\/a><\/p>\n","protected":false},"author":1,"featured_media":0,"parent":0,"menu_order":0,"comment_status":"closed","ping_status":"closed","template":"page-fullwidth.php","meta":{"footnotes":""},"yoast_head":"<!-- This site is optimized with the Yoast SEO plugin v24.5 - https:\/\/yoast.com\/wordpress\/plugins\/seo\/ -->\n<title>Glukosl\u00f6sning 75g\/300ml produktinformation - Glucodos 75g \/ 300ml<\/title>\n<meta name=\"description\" content=\"V\u00e5ra glukosl\u00f6sning \u00e4r l\u00e4mpliga f\u00f6r nordisk smak. Alternativ inkluderar GlucoDos citronflavourerad. L\u00e4s mera om Glukosl\u00f6sning produktinformation\" \/>\n<meta name=\"robots\" content=\"index, follow, max-snippet:-1, max-image-preview:large, max-video-preview:-1\" \/>\n<link rel=\"canonical\" href=\"https:\/\/www.glucodos.com\/sv\/den-basta-glukosdrycken-2\/\" \/>\n<meta property=\"og:locale\" content=\"sv_SE\" \/>\n<meta property=\"og:type\" content=\"article\" \/>\n<meta property=\"og:title\" content=\"Glukosl\u00f6sning 75g\/300ml produktinformation - Glucodos 75g \/ 300ml\" \/>\n<meta property=\"og:description\" content=\"V\u00e5ra glukosl\u00f6sning \u00e4r l\u00e4mpliga f\u00f6r nordisk smak. Alternativ inkluderar GlucoDos citronflavourerad. L\u00e4s mera om Glukosl\u00f6sning produktinformation\" \/>\n<meta property=\"og:url\" content=\"https:\/\/www.glucodos.com\/sv\/den-basta-glukosdrycken-2\/\" \/>\n<meta property=\"og:site_name\" content=\"Glucodos\" \/>\n<meta property=\"article:modified_time\" content=\"2023-11-06T09:38:37+00:00\" \/>\n<meta property=\"og:image\" content=\"https:\/\/www.glucodos.com\/wp-content\/uploads\/2019\/04\/GlucoDos-Tuoteperhe-kaikki-4546.jpg\" \/>\n<meta name=\"twitter:card\" content=\"summary_large_image\" \/>\n<meta name=\"twitter:label1\" content=\"Ber\u00e4knad l\u00e4stid\" \/>\n\t<meta name=\"twitter:data1\" content=\"2 minuter\" \/>\n<script type=\"application\/ld+json\" class=\"yoast-schema-graph\">{\"@context\":\"https:\/\/schema.org\",\"@graph\":[{\"@type\":\"Article\",\"@id\":\"https:\/\/www.glucodos.com\/sv\/den-basta-glukosdrycken-2\/#article\",\"isPartOf\":{\"@id\":\"https:\/\/www.glucodos.com\/sv\/den-basta-glukosdrycken-2\/\"},\"author\":{\"name\":\"admin\",\"@id\":\"https:\/\/www.glucodos.com\/sv\/#\/schema\/person\/3c4c59216c0d550fe2be0da5537e9621\"},\"headline\":\"Glukosl\u00f6sning 75g\/300ml produktinformation\",\"datePublished\":\"2018-10-27T09:45:11+00:00\",\"dateModified\":\"2023-11-06T09:38:37+00:00\",\"mainEntityOfPage\":{\"@id\":\"https:\/\/www.glucodos.com\/sv\/den-basta-glukosdrycken-2\/\"},\"wordCount\":254,\"publisher\":{\"@id\":\"https:\/\/www.glucodos.com\/sv\/#organization\"},\"image\":{\"@id\":\"https:\/\/www.glucodos.com\/sv\/den-basta-glukosdrycken-2\/#primaryimage\"},\"thumbnailUrl\":\"https:\/\/www.glucodos.com\/wp-content\/uploads\/2019\/04\/GlucoDos-Tuoteperhe-kaikki-4546.jpg\",\"inLanguage\":\"sv-SE\"},{\"@type\":\"WebPage\",\"@id\":\"https:\/\/www.glucodos.com\/sv\/den-basta-glukosdrycken-2\/\",\"url\":\"https:\/\/www.glucodos.com\/sv\/den-basta-glukosdrycken-2\/\",\"name\":\"Glukosl\u00f6sning 75g\/300ml produktinformation - Glucodos 75g \/ 300ml\",\"isPartOf\":{\"@id\":\"https:\/\/www.glucodos.com\/sv\/#website\"},\"primaryImageOfPage\":{\"@id\":\"https:\/\/www.glucodos.com\/sv\/den-basta-glukosdrycken-2\/#primaryimage\"},\"image\":{\"@id\":\"https:\/\/www.glucodos.com\/sv\/den-basta-glukosdrycken-2\/#primaryimage\"},\"thumbnailUrl\":\"https:\/\/www.glucodos.com\/wp-content\/uploads\/2019\/04\/GlucoDos-Tuoteperhe-kaikki-4546.jpg\",\"datePublished\":\"2018-10-27T09:45:11+00:00\",\"dateModified\":\"2023-11-06T09:38:37+00:00\",\"description\":\"V\u00e5ra glukosl\u00f6sning \u00e4r l\u00e4mpliga f\u00f6r nordisk smak. Alternativ inkluderar GlucoDos citronflavourerad. L\u00e4s mera om Glukosl\u00f6sning produktinformation\",\"breadcrumb\":{\"@id\":\"https:\/\/www.glucodos.com\/sv\/den-basta-glukosdrycken-2\/#breadcrumb\"},\"inLanguage\":\"sv-SE\",\"potentialAction\":[{\"@type\":\"ReadAction\",\"target\":[\"https:\/\/www.glucodos.com\/sv\/den-basta-glukosdrycken-2\/\"]}]},{\"@type\":\"ImageObject\",\"inLanguage\":\"sv-SE\",\"@id\":\"https:\/\/www.glucodos.com\/sv\/den-basta-glukosdrycken-2\/#primaryimage\",\"url\":\"https:\/\/www.glucodos.com\/wp-content\/uploads\/2019\/04\/GlucoDos-Tuoteperhe-kaikki-4546.jpg\",\"contentUrl\":\"https:\/\/www.glucodos.com\/wp-content\/uploads\/2019\/04\/GlucoDos-Tuoteperhe-kaikki-4546.jpg\"},{\"@type\":\"BreadcrumbList\",\"@id\":\"https:\/\/www.glucodos.com\/sv\/den-basta-glukosdrycken-2\/#breadcrumb\",\"itemListElement\":[{\"@type\":\"ListItem\",\"position\":1,\"name\":\"Home\",\"item\":\"https:\/\/www.glucodos.com\/sv\/\"},{\"@type\":\"ListItem\",\"position\":2,\"name\":\"Glukosl\u00f6sning 75g\/300ml produktinformation\"}]},{\"@type\":\"WebSite\",\"@id\":\"https:\/\/www.glucodos.com\/sv\/#website\",\"url\":\"https:\/\/www.glucodos.com\/sv\/\",\"name\":\"Glucodos\",\"description\":\"K&auml;ytt&ouml;valmis glukoosijuoma\",\"publisher\":{\"@id\":\"https:\/\/www.glucodos.com\/sv\/#organization\"},\"potentialAction\":[{\"@type\":\"SearchAction\",\"target\":{\"@type\":\"EntryPoint\",\"urlTemplate\":\"https:\/\/www.glucodos.com\/sv\/?s={search_term_string}\"},\"query-input\":{\"@type\":\"PropertyValueSpecification\",\"valueRequired\":true,\"valueName\":\"search_term_string\"}}],\"inLanguage\":\"sv-SE\"},{\"@type\":\"Organization\",\"@id\":\"https:\/\/www.glucodos.com\/sv\/#organization\",\"name\":\"Lablemon International\",\"url\":\"https:\/\/www.glucodos.com\/sv\/\",\"logo\":{\"@type\":\"ImageObject\",\"inLanguage\":\"sv-SE\",\"@id\":\"https:\/\/www.glucodos.com\/sv\/#\/schema\/logo\/image\/\",\"url\":\"https:\/\/www.glucodos.com\/wp-content\/uploads\/2018\/11\/Lablemon_Logo_Heti-k\u00e4ytt\u00f6valmis-Glucodos-gukoosijuoma-2015_vector.png\",\"contentUrl\":\"https:\/\/www.glucodos.com\/wp-content\/uploads\/2018\/11\/Lablemon_Logo_Heti-k\u00e4ytt\u00f6valmis-Glucodos-gukoosijuoma-2015_vector.png\",\"width\":198,\"height\":110,\"caption\":\"Lablemon International\"},\"image\":{\"@id\":\"https:\/\/www.glucodos.com\/sv\/#\/schema\/logo\/image\/\"}},{\"@type\":\"Person\",\"@id\":\"https:\/\/www.glucodos.com\/sv\/#\/schema\/person\/3c4c59216c0d550fe2be0da5537e9621\",\"name\":\"admin\",\"image\":{\"@type\":\"ImageObject\",\"inLanguage\":\"sv-SE\",\"@id\":\"https:\/\/www.glucodos.com\/sv\/#\/schema\/person\/image\/\",\"url\":\"https:\/\/secure.gravatar.com\/avatar\/42104cb832536137a64def7a31e59743?s=96&d=mm&r=g\",\"contentUrl\":\"https:\/\/secure.gravatar.com\/avatar\/42104cb832536137a64def7a31e59743?s=96&d=mm&r=g\",\"caption\":\"admin\"}}]}<\/script>\n<!-- \/ Yoast SEO plugin. -->","yoast_head_json":{"title":"Glukosl\u00f6sning 75g\/300ml produktinformation - Glucodos 75g \/ 300ml","description":"V\u00e5ra glukosl\u00f6sning \u00e4r l\u00e4mpliga f\u00f6r nordisk smak. Alternativ inkluderar GlucoDos citronflavourerad. L\u00e4s mera om Glukosl\u00f6sning produktinformation","robots":{"index":"index","follow":"follow","max-snippet":"max-snippet:-1","max-image-preview":"max-image-preview:large","max-video-preview":"max-video-preview:-1"},"canonical":"https:\/\/www.glucodos.com\/sv\/den-basta-glukosdrycken-2\/","og_locale":"sv_SE","og_type":"article","og_title":"Glukosl\u00f6sning 75g\/300ml produktinformation - Glucodos 75g \/ 300ml","og_description":"V\u00e5ra glukosl\u00f6sning \u00e4r l\u00e4mpliga f\u00f6r nordisk smak. Alternativ inkluderar GlucoDos citronflavourerad. L\u00e4s mera om Glukosl\u00f6sning produktinformation","og_url":"https:\/\/www.glucodos.com\/sv\/den-basta-glukosdrycken-2\/","og_site_name":"Glucodos","article_modified_time":"2023-11-06T09:38:37+00:00","og_image":[{"url":"https:\/\/www.glucodos.com\/wp-content\/uploads\/2019\/04\/GlucoDos-Tuoteperhe-kaikki-4546.jpg","type":"","width":"","height":""}],"twitter_card":"summary_large_image","twitter_misc":{"Ber\u00e4knad l\u00e4stid":"2 minuter"},"schema":{"@context":"https:\/\/schema.org","@graph":[{"@type":"Article","@id":"https:\/\/www.glucodos.com\/sv\/den-basta-glukosdrycken-2\/#article","isPartOf":{"@id":"https:\/\/www.glucodos.com\/sv\/den-basta-glukosdrycken-2\/"},"author":{"name":"admin","@id":"https:\/\/www.glucodos.com\/sv\/#\/schema\/person\/3c4c59216c0d550fe2be0da5537e9621"},"headline":"Glukosl\u00f6sning 75g\/300ml produktinformation","datePublished":"2018-10-27T09:45:11+00:00","dateModified":"2023-11-06T09:38:37+00:00","mainEntityOfPage":{"@id":"https:\/\/www.glucodos.com\/sv\/den-basta-glukosdrycken-2\/"},"wordCount":254,"publisher":{"@id":"https:\/\/www.glucodos.com\/sv\/#organization"},"image":{"@id":"https:\/\/www.glucodos.com\/sv\/den-basta-glukosdrycken-2\/#primaryimage"},"thumbnailUrl":"https:\/\/www.glucodos.com\/wp-content\/uploads\/2019\/04\/GlucoDos-Tuoteperhe-kaikki-4546.jpg","inLanguage":"sv-SE"},{"@type":"WebPage","@id":"https:\/\/www.glucodos.com\/sv\/den-basta-glukosdrycken-2\/","url":"https:\/\/www.glucodos.com\/sv\/den-basta-glukosdrycken-2\/","name":"Glukosl\u00f6sning 75g\/300ml produktinformation - Glucodos 75g \/ 300ml","isPartOf":{"@id":"https:\/\/www.glucodos.com\/sv\/#website"},"primaryImageOfPage":{"@id":"https:\/\/www.glucodos.com\/sv\/den-basta-glukosdrycken-2\/#primaryimage"},"image":{"@id":"https:\/\/www.glucodos.com\/sv\/den-basta-glukosdrycken-2\/#primaryimage"},"thumbnailUrl":"https:\/\/www.glucodos.com\/wp-content\/uploads\/2019\/04\/GlucoDos-Tuoteperhe-kaikki-4546.jpg","datePublished":"2018-10-27T09:45:11+00:00","dateModified":"2023-11-06T09:38:37+00:00","description":"V\u00e5ra glukosl\u00f6sning \u00e4r l\u00e4mpliga f\u00f6r nordisk smak. Alternativ inkluderar GlucoDos citronflavourerad. L\u00e4s mera om Glukosl\u00f6sning produktinformation","breadcrumb":{"@id":"https:\/\/www.glucodos.com\/sv\/den-basta-glukosdrycken-2\/#breadcrumb"},"inLanguage":"sv-SE","potentialAction":[{"@type":"ReadAction","target":["https:\/\/www.glucodos.com\/sv\/den-basta-glukosdrycken-2\/"]}]},{"@type":"ImageObject","inLanguage":"sv-SE","@id":"https:\/\/www.glucodos.com\/sv\/den-basta-glukosdrycken-2\/#primaryimage","url":"https:\/\/www.glucodos.com\/wp-content\/uploads\/2019\/04\/GlucoDos-Tuoteperhe-kaikki-4546.jpg","contentUrl":"https:\/\/www.glucodos.com\/wp-content\/uploads\/2019\/04\/GlucoDos-Tuoteperhe-kaikki-4546.jpg"},{"@type":"BreadcrumbList","@id":"https:\/\/www.glucodos.com\/sv\/den-basta-glukosdrycken-2\/#breadcrumb","itemListElement":[{"@type":"ListItem","position":1,"name":"Home","item":"https:\/\/www.glucodos.com\/sv\/"},{"@type":"ListItem","position":2,"name":"Glukosl\u00f6sning 75g\/300ml produktinformation"}]},{"@type":"WebSite","@id":"https:\/\/www.glucodos.com\/sv\/#website","url":"https:\/\/www.glucodos.com\/sv\/","name":"Glucodos","description":"K&auml;ytt&ouml;valmis glukoosijuoma","publisher":{"@id":"https:\/\/www.glucodos.com\/sv\/#organization"},"potentialAction":[{"@type":"SearchAction","target":{"@type":"EntryPoint","urlTemplate":"https:\/\/www.glucodos.com\/sv\/?s={search_term_string}"},"query-input":{"@type":"PropertyValueSpecification","valueRequired":true,"valueName":"search_term_string"}}],"inLanguage":"sv-SE"},{"@type":"Organization","@id":"https:\/\/www.glucodos.com\/sv\/#organization","name":"Lablemon International","url":"https:\/\/www.glucodos.com\/sv\/","logo":{"@type":"ImageObject","inLanguage":"sv-SE","@id":"https:\/\/www.glucodos.com\/sv\/#\/schema\/logo\/image\/","url":"https:\/\/www.glucodos.com\/wp-content\/uploads\/2018\/11\/Lablemon_Logo_Heti-k\u00e4ytt\u00f6valmis-Glucodos-gukoosijuoma-2015_vector.png","contentUrl":"https:\/\/www.glucodos.com\/wp-content\/uploads\/2018\/11\/Lablemon_Logo_Heti-k\u00e4ytt\u00f6valmis-Glucodos-gukoosijuoma-2015_vector.png","width":198,"height":110,"caption":"Lablemon International"},"image":{"@id":"https:\/\/www.glucodos.com\/sv\/#\/schema\/logo\/image\/"}},{"@type":"Person","@id":"https:\/\/www.glucodos.com\/sv\/#\/schema\/person\/3c4c59216c0d550fe2be0da5537e9621","name":"admin","image":{"@type":"ImageObject","inLanguage":"sv-SE","@id":"https:\/\/www.glucodos.com\/sv\/#\/schema\/person\/image\/","url":"https:\/\/secure.gravatar.com\/avatar\/42104cb832536137a64def7a31e59743?s=96&d=mm&r=g","contentUrl":"https:\/\/secure.gravatar.com\/avatar\/42104cb832536137a64def7a31e59743?s=96&d=mm&r=g","caption":"admin"}}]}},"_links":{"self":[{"href":"https:\/\/www.glucodos.com\/sv\/wp-json\/wp\/v2\/pages\/167"}],"collection":[{"href":"https:\/\/www.glucodos.com\/sv\/wp-json\/wp\/v2\/pages"}],"about":[{"href":"https:\/\/www.glucodos.com\/sv\/wp-json\/wp\/v2\/types\/page"}],"author":[{"embeddable":true,"href":"https:\/\/www.glucodos.com\/sv\/wp-json\/wp\/v2\/users\/1"}],"replies":[{"embeddable":true,"href":"https:\/\/www.glucodos.com\/sv\/wp-json\/wp\/v2\/comments?post=167"}],"version-history":[{"count":15,"href":"https:\/\/www.glucodos.com\/sv\/wp-json\/wp\/v2\/pages\/167\/revisions"}],"predecessor-version":[{"id":958,"href":"https:\/\/www.glucodos.com\/sv\/wp-json\/wp\/v2\/pages\/167\/revisions\/958"}],"wp:attachment":[{"href":"https:\/\/www.glucodos.com\/sv\/wp-json\/wp\/v2\/media?parent=167"}],"curies":[{"name":"wp","href":"https:\/\/api.w.org\/{rel}","templated":true}]}}