{"id":169,"date":"2018-10-27T09:46:53","date_gmt":"2018-10-27T09:46:53","guid":{"rendered":"http:\/\/www.glucodos.com\/?page_id=169"},"modified":"2023-11-06T15:38:38","modified_gmt":"2023-11-06T15:38:38","slug":"bestall-glucodos-glukosdryck","status":"publish","type":"page","link":"https:\/\/www.glucodos.com\/sv\/bestall-glucodos-glukosdryck\/","title":{"rendered":"Best\u00e4ll GlucoDos -glukosdryck"},"content":{"rendered":"<div class=\"\">\n<h2><strong><a href=\"https:\/\/www.glucodos.com\/wp-content\/uploads\/2019\/04\/GlucoDos-Tuoteperhe-4503-3.jpg\"><img loading=\"lazy\" decoding=\"async\" class=\"alignnone size-full wp-image-628\" src=\"https:\/\/www.glucodos.com\/wp-content\/uploads\/2019\/04\/GlucoDos-Tuoteperhe-4503-3.jpg\" alt=\"\" width=\"1200\" height=\"677\" srcset=\"https:\/\/www.glucodos.com\/wp-content\/uploads\/2019\/04\/GlucoDos-Tuoteperhe-4503-3.jpg 1200w, https:\/\/www.glucodos.com\/wp-content\/uploads\/2019\/04\/GlucoDos-Tuoteperhe-4503-3-300x169.jpg 300w, https:\/\/www.glucodos.com\/wp-content\/uploads\/2019\/04\/GlucoDos-Tuoteperhe-4503-3-768x433.jpg 768w, https:\/\/www.glucodos.com\/wp-content\/uploads\/2019\/04\/GlucoDos-Tuoteperhe-4503-3-1024x578.jpg 1024w\" sizes=\"(max-width: 1200px) 100vw, 1200px\" \/><\/a>Var kan jag best\u00e4lla glukodos glukosdryck?<\/strong><\/h2>\n<p>Flaskorna \u00e4r f\u00f6rpackade i kartonger om 20 flaskor, som \u00e4r enkla att f\u00f6rvara.<\/p>\n<p>Skriv dina kontaktuppgifter och den \u00f6nskade m\u00e4ngden i ett e-postmeddelande. Du f\u00e5r genast en offert och kan d\u00e4refter bekr\u00e4fta din best\u00e4llning.<\/p>\n<\/div>\n<h2>F\u00f6rs\u00e4ljning och kundservice<a href=\"https:\/\/www.glucodos.com\/wp-content\/uploads\/2019\/04\/Glukoosijuomaa-l\u00f6ytyy-Magnum-Medicalin-varastosta-3-eri-makua-Glucodos-makia-Glucodos-Vadelma-ja-Glucodos-sitruuna.-4640.jpg\"><img loading=\"lazy\" decoding=\"async\" class=\"size-full wp-image-592 alignright\" src=\"https:\/\/www.glucodos.com\/wp-content\/uploads\/2019\/04\/Glukoosijuomaa-l\u00f6ytyy-Magnum-Medicalin-varastosta-3-eri-makua-Glucodos-makia-Glucodos-Vadelma-ja-Glucodos-sitruuna.-4640.jpg\" alt=\"Glukosdryck finns i Magnum Medical butik med 3 olika smaker, Glucodos makia, Glucodos Raspberry och Glucodos citron.\" width=\"320\" height=\"480\" srcset=\"https:\/\/www.glucodos.com\/wp-content\/uploads\/2019\/04\/Glukoosijuomaa-l\u00f6ytyy-Magnum-Medicalin-varastosta-3-eri-makua-Glucodos-makia-Glucodos-Vadelma-ja-Glucodos-sitruuna.-4640.jpg 320w, https:\/\/www.glucodos.com\/wp-content\/uploads\/2019\/04\/Glukoosijuomaa-l\u00f6ytyy-Magnum-Medicalin-varastosta-3-eri-makua-Glucodos-makia-Glucodos-Vadelma-ja-Glucodos-sitruuna.-4640-200x300.jpg 200w\" sizes=\"(max-width: 320px) 100vw, 320px\" \/><\/a><\/h2>\n<p class=\"p1\"><a href=\"https:\/\/learn4more.lpages.co\/glucose-drink-glucodos-free-quotation\/\">Offertf\u00f6rfr\u00e5gan<\/a><br \/>\n<a href=\"mailto:myynti@lablemon.com\">myynti ( at ) lablemon.com<\/a><\/p>\n<h2>Best\u00e4ll\u00a0GlucoDos-glukosdryck<\/h2>\n<div class=\"\">Via e-post: <a class=\"\" href=\"mailto:info@magnummedical.fi\">info@magnummedical.fi<\/a>\u00a0<br class=\"\" \/>Per fax: +358 20 759 8890<br class=\"\" \/>Per telefon: +358 20 759 8897<\/div>\n<div class=\"\"><strong class=\"\"><br \/>\nMagnum Medical Finland Oy<br class=\"\" \/><\/strong>Heidehofsv\u00e4gen 2<br class=\"\" \/>01300 Vanda<\/div>\n<div class=\"\"><a class=\"\" href=\"http:\/\/www.magnummedical.fi\/\" target=\"_blank\" rel=\"noopener noreferrer\">www.magnummedical.fi<\/a><\/div>\n<div><\/div>\n<div>\n<p><strong>Mera information:<\/strong><\/p>\n<p>Glucodos Youtube: <a href=\"https:\/\/www.youtube.com\/channel\/UCUkq2vIriyJUsF_uXkAoq_Q\">Lablemon Youtube -kanal<\/a><\/p>\n<p>Glucodos SlideShare: <a href=\"https:\/\/www.slideshare.net\/lablemon\/glucodos-ready-to-use-glucose-drink-presentation-2018\">Glucodos n\u00e4sta<\/a><\/p>\n<div id=\"tw-target-text-container\" class=\"gsrt tw-ta-container tw-nfl\">\n<p id=\"tw-target-text\" class=\"tw-data-text tw-ta tw-text-medium\" dir=\"ltr\" data-placeholder=\"K\u00e4\u00e4nn\u00f6s\"><a href=\"http:\/\/eepurl.com\/dLD-Bk\"><span lang=\"sv\" tabindex=\"0\">Prenumerera p\u00e5 v\u00e5rt GlucoDos nyhetsbrev h\u00e4r!<\/span><\/a><\/p>\n<pre class=\"tw-data-text tw-ta tw-text-medium\" lang=\"sv\"><\/pre>\n<\/div>\n<\/div>\n","protected":false},"excerpt":{"rendered":"<p>Var kan jag best\u00e4lla glukodos glukosdryck? Flaskorna \u00e4r f\u00f6rpackade i kartonger om 20 flaskor, som \u00e4r enkla att f\u00f6rvara. Skriv dina kontaktuppgifter och den \u00f6nskade m\u00e4ngden i ett e-postmeddelande. Du f\u00e5r genast en offert och kan d\u00e4refter bekr\u00e4fta din best\u00e4llning. &hellip; <a class=\"kt-excerpt-readmore\" href=\"https:\/\/www.glucodos.com\/sv\/bestall-glucodos-glukosdryck\/\" aria-label=\"Best\u00e4ll GlucoDos -glukosdryck\">Read More<\/a><\/p>\n","protected":false},"author":1,"featured_media":606,"parent":0,"menu_order":0,"comment_status":"closed","ping_status":"closed","template":"page-fullwidth.php","meta":{"footnotes":""},"yoast_head":"<!-- This site is optimized with the Yoast SEO plugin v24.5 - https:\/\/yoast.com\/wordpress\/plugins\/seo\/ -->\n<title>Best\u00e4ll GlucoDos -glukosdryck - Glucodos kasutusvalmis 75g \/ 300ml<\/title>\n<meta name=\"description\" content=\"Best\u00e4ll GlucoDos 75g\/300ml -glukosdryck ! Flera smakor-F\u00f6rpackade i kartonger om 20 flaskor. Tillf\u00f6rlitlig distribution var som helst i nordiska l\u00e4nder.\" \/>\n<meta name=\"robots\" content=\"index, follow, max-snippet:-1, max-image-preview:large, max-video-preview:-1\" \/>\n<link rel=\"canonical\" href=\"https:\/\/www.glucodos.com\/sv\/bestall-glucodos-glukosdryck\/\" \/>\n<meta property=\"og:locale\" content=\"sv_SE\" \/>\n<meta property=\"og:type\" content=\"article\" \/>\n<meta property=\"og:title\" content=\"Best\u00e4ll GlucoDos -glukosdryck - Glucodos kasutusvalmis 75g \/ 300ml\" \/>\n<meta property=\"og:description\" content=\"Best\u00e4ll GlucoDos 75g\/300ml -glukosdryck ! Flera smakor-F\u00f6rpackade i kartonger om 20 flaskor. Tillf\u00f6rlitlig distribution var som helst i nordiska l\u00e4nder.\" \/>\n<meta property=\"og:url\" content=\"https:\/\/www.glucodos.com\/sv\/bestall-glucodos-glukosdryck\/\" \/>\n<meta property=\"og:site_name\" content=\"Glucodos\" \/>\n<meta property=\"article:modified_time\" content=\"2023-11-06T15:38:38+00:00\" \/>\n<meta property=\"og:image\" content=\"https:\/\/www.glucodos.com\/wp-content\/uploads\/2019\/04\/GlucoDos-Tuoteperhe-4503.jpg\" \/>\n\t<meta property=\"og:image:width\" content=\"1400\" \/>\n\t<meta property=\"og:image:height\" content=\"933\" \/>\n\t<meta property=\"og:image:type\" content=\"image\/jpeg\" \/>\n<meta name=\"twitter:card\" content=\"summary_large_image\" \/>\n<meta name=\"twitter:label1\" content=\"Ber\u00e4knad l\u00e4stid\" \/>\n\t<meta name=\"twitter:data1\" content=\"1 minut\" \/>\n<script type=\"application\/ld+json\" class=\"yoast-schema-graph\">{\"@context\":\"https:\/\/schema.org\",\"@graph\":[{\"@type\":\"Article\",\"@id\":\"https:\/\/www.glucodos.com\/sv\/bestall-glucodos-glukosdryck\/#article\",\"isPartOf\":{\"@id\":\"https:\/\/www.glucodos.com\/sv\/bestall-glucodos-glukosdryck\/\"},\"author\":{\"name\":\"admin\",\"@id\":\"https:\/\/www.glucodos.com\/sv\/#\/schema\/person\/3c4c59216c0d550fe2be0da5537e9621\"},\"headline\":\"Best\u00e4ll GlucoDos -glukosdryck\",\"datePublished\":\"2018-10-27T09:46:53+00:00\",\"dateModified\":\"2023-11-06T15:38:38+00:00\",\"mainEntityOfPage\":{\"@id\":\"https:\/\/www.glucodos.com\/sv\/bestall-glucodos-glukosdryck\/\"},\"wordCount\":105,\"publisher\":{\"@id\":\"https:\/\/www.glucodos.com\/sv\/#organization\"},\"image\":{\"@id\":\"https:\/\/www.glucodos.com\/sv\/bestall-glucodos-glukosdryck\/#primaryimage\"},\"thumbnailUrl\":\"https:\/\/www.glucodos.com\/wp-content\/uploads\/2019\/04\/GlucoDos-Tuoteperhe-4503.jpg\",\"inLanguage\":\"sv-SE\"},{\"@type\":\"WebPage\",\"@id\":\"https:\/\/www.glucodos.com\/sv\/bestall-glucodos-glukosdryck\/\",\"url\":\"https:\/\/www.glucodos.com\/sv\/bestall-glucodos-glukosdryck\/\",\"name\":\"Best\u00e4ll GlucoDos -glukosdryck - Glucodos kasutusvalmis 75g \/ 300ml\",\"isPartOf\":{\"@id\":\"https:\/\/www.glucodos.com\/sv\/#website\"},\"primaryImageOfPage\":{\"@id\":\"https:\/\/www.glucodos.com\/sv\/bestall-glucodos-glukosdryck\/#primaryimage\"},\"image\":{\"@id\":\"https:\/\/www.glucodos.com\/sv\/bestall-glucodos-glukosdryck\/#primaryimage\"},\"thumbnailUrl\":\"https:\/\/www.glucodos.com\/wp-content\/uploads\/2019\/04\/GlucoDos-Tuoteperhe-4503.jpg\",\"datePublished\":\"2018-10-27T09:46:53+00:00\",\"dateModified\":\"2023-11-06T15:38:38+00:00\",\"description\":\"Best\u00e4ll GlucoDos 75g\/300ml -glukosdryck ! Flera smakor-F\u00f6rpackade i kartonger om 20 flaskor. Tillf\u00f6rlitlig distribution var som helst i nordiska l\u00e4nder.\",\"breadcrumb\":{\"@id\":\"https:\/\/www.glucodos.com\/sv\/bestall-glucodos-glukosdryck\/#breadcrumb\"},\"inLanguage\":\"sv-SE\",\"potentialAction\":[{\"@type\":\"ReadAction\",\"target\":[\"https:\/\/www.glucodos.com\/sv\/bestall-glucodos-glukosdryck\/\"]}]},{\"@type\":\"ImageObject\",\"inLanguage\":\"sv-SE\",\"@id\":\"https:\/\/www.glucodos.com\/sv\/bestall-glucodos-glukosdryck\/#primaryimage\",\"url\":\"https:\/\/www.glucodos.com\/wp-content\/uploads\/2019\/04\/GlucoDos-Tuoteperhe-4503.jpg\",\"contentUrl\":\"https:\/\/www.glucodos.com\/wp-content\/uploads\/2019\/04\/GlucoDos-Tuoteperhe-4503.jpg\",\"width\":1400,\"height\":933},{\"@type\":\"BreadcrumbList\",\"@id\":\"https:\/\/www.glucodos.com\/sv\/bestall-glucodos-glukosdryck\/#breadcrumb\",\"itemListElement\":[{\"@type\":\"ListItem\",\"position\":1,\"name\":\"Home\",\"item\":\"https:\/\/www.glucodos.com\/sv\/\"},{\"@type\":\"ListItem\",\"position\":2,\"name\":\"Best\u00e4ll GlucoDos -glukosdryck\"}]},{\"@type\":\"WebSite\",\"@id\":\"https:\/\/www.glucodos.com\/sv\/#website\",\"url\":\"https:\/\/www.glucodos.com\/sv\/\",\"name\":\"Glucodos\",\"description\":\"K&auml;ytt&ouml;valmis glukoosijuoma\",\"publisher\":{\"@id\":\"https:\/\/www.glucodos.com\/sv\/#organization\"},\"potentialAction\":[{\"@type\":\"SearchAction\",\"target\":{\"@type\":\"EntryPoint\",\"urlTemplate\":\"https:\/\/www.glucodos.com\/sv\/?s={search_term_string}\"},\"query-input\":{\"@type\":\"PropertyValueSpecification\",\"valueRequired\":true,\"valueName\":\"search_term_string\"}}],\"inLanguage\":\"sv-SE\"},{\"@type\":\"Organization\",\"@id\":\"https:\/\/www.glucodos.com\/sv\/#organization\",\"name\":\"Lablemon International\",\"url\":\"https:\/\/www.glucodos.com\/sv\/\",\"logo\":{\"@type\":\"ImageObject\",\"inLanguage\":\"sv-SE\",\"@id\":\"https:\/\/www.glucodos.com\/sv\/#\/schema\/logo\/image\/\",\"url\":\"https:\/\/www.glucodos.com\/wp-content\/uploads\/2018\/11\/Lablemon_Logo_Heti-k\u00e4ytt\u00f6valmis-Glucodos-gukoosijuoma-2015_vector.png\",\"contentUrl\":\"https:\/\/www.glucodos.com\/wp-content\/uploads\/2018\/11\/Lablemon_Logo_Heti-k\u00e4ytt\u00f6valmis-Glucodos-gukoosijuoma-2015_vector.png\",\"width\":198,\"height\":110,\"caption\":\"Lablemon International\"},\"image\":{\"@id\":\"https:\/\/www.glucodos.com\/sv\/#\/schema\/logo\/image\/\"}},{\"@type\":\"Person\",\"@id\":\"https:\/\/www.glucodos.com\/sv\/#\/schema\/person\/3c4c59216c0d550fe2be0da5537e9621\",\"name\":\"admin\",\"image\":{\"@type\":\"ImageObject\",\"inLanguage\":\"sv-SE\",\"@id\":\"https:\/\/www.glucodos.com\/sv\/#\/schema\/person\/image\/\",\"url\":\"https:\/\/secure.gravatar.com\/avatar\/42104cb832536137a64def7a31e59743?s=96&d=mm&r=g\",\"contentUrl\":\"https:\/\/secure.gravatar.com\/avatar\/42104cb832536137a64def7a31e59743?s=96&d=mm&r=g\",\"caption\":\"admin\"}}]}<\/script>\n<!-- \/ Yoast SEO plugin. -->","yoast_head_json":{"title":"Best\u00e4ll GlucoDos -glukosdryck - Glucodos kasutusvalmis 75g \/ 300ml","description":"Best\u00e4ll GlucoDos 75g\/300ml -glukosdryck ! Flera smakor-F\u00f6rpackade i kartonger om 20 flaskor. Tillf\u00f6rlitlig distribution var som helst i nordiska l\u00e4nder.","robots":{"index":"index","follow":"follow","max-snippet":"max-snippet:-1","max-image-preview":"max-image-preview:large","max-video-preview":"max-video-preview:-1"},"canonical":"https:\/\/www.glucodos.com\/sv\/bestall-glucodos-glukosdryck\/","og_locale":"sv_SE","og_type":"article","og_title":"Best\u00e4ll GlucoDos -glukosdryck - Glucodos kasutusvalmis 75g \/ 300ml","og_description":"Best\u00e4ll GlucoDos 75g\/300ml -glukosdryck ! Flera smakor-F\u00f6rpackade i kartonger om 20 flaskor. Tillf\u00f6rlitlig distribution var som helst i nordiska l\u00e4nder.","og_url":"https:\/\/www.glucodos.com\/sv\/bestall-glucodos-glukosdryck\/","og_site_name":"Glucodos","article_modified_time":"2023-11-06T15:38:38+00:00","og_image":[{"width":1400,"height":933,"url":"https:\/\/www.glucodos.com\/wp-content\/uploads\/2019\/04\/GlucoDos-Tuoteperhe-4503.jpg","type":"image\/jpeg"}],"twitter_card":"summary_large_image","twitter_misc":{"Ber\u00e4knad l\u00e4stid":"1 minut"},"schema":{"@context":"https:\/\/schema.org","@graph":[{"@type":"Article","@id":"https:\/\/www.glucodos.com\/sv\/bestall-glucodos-glukosdryck\/#article","isPartOf":{"@id":"https:\/\/www.glucodos.com\/sv\/bestall-glucodos-glukosdryck\/"},"author":{"name":"admin","@id":"https:\/\/www.glucodos.com\/sv\/#\/schema\/person\/3c4c59216c0d550fe2be0da5537e9621"},"headline":"Best\u00e4ll GlucoDos -glukosdryck","datePublished":"2018-10-27T09:46:53+00:00","dateModified":"2023-11-06T15:38:38+00:00","mainEntityOfPage":{"@id":"https:\/\/www.glucodos.com\/sv\/bestall-glucodos-glukosdryck\/"},"wordCount":105,"publisher":{"@id":"https:\/\/www.glucodos.com\/sv\/#organization"},"image":{"@id":"https:\/\/www.glucodos.com\/sv\/bestall-glucodos-glukosdryck\/#primaryimage"},"thumbnailUrl":"https:\/\/www.glucodos.com\/wp-content\/uploads\/2019\/04\/GlucoDos-Tuoteperhe-4503.jpg","inLanguage":"sv-SE"},{"@type":"WebPage","@id":"https:\/\/www.glucodos.com\/sv\/bestall-glucodos-glukosdryck\/","url":"https:\/\/www.glucodos.com\/sv\/bestall-glucodos-glukosdryck\/","name":"Best\u00e4ll GlucoDos -glukosdryck - Glucodos kasutusvalmis 75g \/ 300ml","isPartOf":{"@id":"https:\/\/www.glucodos.com\/sv\/#website"},"primaryImageOfPage":{"@id":"https:\/\/www.glucodos.com\/sv\/bestall-glucodos-glukosdryck\/#primaryimage"},"image":{"@id":"https:\/\/www.glucodos.com\/sv\/bestall-glucodos-glukosdryck\/#primaryimage"},"thumbnailUrl":"https:\/\/www.glucodos.com\/wp-content\/uploads\/2019\/04\/GlucoDos-Tuoteperhe-4503.jpg","datePublished":"2018-10-27T09:46:53+00:00","dateModified":"2023-11-06T15:38:38+00:00","description":"Best\u00e4ll GlucoDos 75g\/300ml -glukosdryck ! Flera smakor-F\u00f6rpackade i kartonger om 20 flaskor. Tillf\u00f6rlitlig distribution var som helst i nordiska l\u00e4nder.","breadcrumb":{"@id":"https:\/\/www.glucodos.com\/sv\/bestall-glucodos-glukosdryck\/#breadcrumb"},"inLanguage":"sv-SE","potentialAction":[{"@type":"ReadAction","target":["https:\/\/www.glucodos.com\/sv\/bestall-glucodos-glukosdryck\/"]}]},{"@type":"ImageObject","inLanguage":"sv-SE","@id":"https:\/\/www.glucodos.com\/sv\/bestall-glucodos-glukosdryck\/#primaryimage","url":"https:\/\/www.glucodos.com\/wp-content\/uploads\/2019\/04\/GlucoDos-Tuoteperhe-4503.jpg","contentUrl":"https:\/\/www.glucodos.com\/wp-content\/uploads\/2019\/04\/GlucoDos-Tuoteperhe-4503.jpg","width":1400,"height":933},{"@type":"BreadcrumbList","@id":"https:\/\/www.glucodos.com\/sv\/bestall-glucodos-glukosdryck\/#breadcrumb","itemListElement":[{"@type":"ListItem","position":1,"name":"Home","item":"https:\/\/www.glucodos.com\/sv\/"},{"@type":"ListItem","position":2,"name":"Best\u00e4ll GlucoDos -glukosdryck"}]},{"@type":"WebSite","@id":"https:\/\/www.glucodos.com\/sv\/#website","url":"https:\/\/www.glucodos.com\/sv\/","name":"Glucodos","description":"K&auml;ytt&ouml;valmis glukoosijuoma","publisher":{"@id":"https:\/\/www.glucodos.com\/sv\/#organization"},"potentialAction":[{"@type":"SearchAction","target":{"@type":"EntryPoint","urlTemplate":"https:\/\/www.glucodos.com\/sv\/?s={search_term_string}"},"query-input":{"@type":"PropertyValueSpecification","valueRequired":true,"valueName":"search_term_string"}}],"inLanguage":"sv-SE"},{"@type":"Organization","@id":"https:\/\/www.glucodos.com\/sv\/#organization","name":"Lablemon International","url":"https:\/\/www.glucodos.com\/sv\/","logo":{"@type":"ImageObject","inLanguage":"sv-SE","@id":"https:\/\/www.glucodos.com\/sv\/#\/schema\/logo\/image\/","url":"https:\/\/www.glucodos.com\/wp-content\/uploads\/2018\/11\/Lablemon_Logo_Heti-k\u00e4ytt\u00f6valmis-Glucodos-gukoosijuoma-2015_vector.png","contentUrl":"https:\/\/www.glucodos.com\/wp-content\/uploads\/2018\/11\/Lablemon_Logo_Heti-k\u00e4ytt\u00f6valmis-Glucodos-gukoosijuoma-2015_vector.png","width":198,"height":110,"caption":"Lablemon International"},"image":{"@id":"https:\/\/www.glucodos.com\/sv\/#\/schema\/logo\/image\/"}},{"@type":"Person","@id":"https:\/\/www.glucodos.com\/sv\/#\/schema\/person\/3c4c59216c0d550fe2be0da5537e9621","name":"admin","image":{"@type":"ImageObject","inLanguage":"sv-SE","@id":"https:\/\/www.glucodos.com\/sv\/#\/schema\/person\/image\/","url":"https:\/\/secure.gravatar.com\/avatar\/42104cb832536137a64def7a31e59743?s=96&d=mm&r=g","contentUrl":"https:\/\/secure.gravatar.com\/avatar\/42104cb832536137a64def7a31e59743?s=96&d=mm&r=g","caption":"admin"}}]}},"_links":{"self":[{"href":"https:\/\/www.glucodos.com\/sv\/wp-json\/wp\/v2\/pages\/169"}],"collection":[{"href":"https:\/\/www.glucodos.com\/sv\/wp-json\/wp\/v2\/pages"}],"about":[{"href":"https:\/\/www.glucodos.com\/sv\/wp-json\/wp\/v2\/types\/page"}],"author":[{"embeddable":true,"href":"https:\/\/www.glucodos.com\/sv\/wp-json\/wp\/v2\/users\/1"}],"replies":[{"embeddable":true,"href":"https:\/\/www.glucodos.com\/sv\/wp-json\/wp\/v2\/comments?post=169"}],"version-history":[{"count":17,"href":"https:\/\/www.glucodos.com\/sv\/wp-json\/wp\/v2\/pages\/169\/revisions"}],"predecessor-version":[{"id":983,"href":"https:\/\/www.glucodos.com\/sv\/wp-json\/wp\/v2\/pages\/169\/revisions\/983"}],"wp:featuredmedia":[{"embeddable":true,"href":"https:\/\/www.glucodos.com\/sv\/wp-json\/wp\/v2\/media\/606"}],"wp:attachment":[{"href":"https:\/\/www.glucodos.com\/sv\/wp-json\/wp\/v2\/media?parent=169"}],"curies":[{"name":"wp","href":"https:\/\/api.w.org\/{rel}","templated":true}]}}