{"id":431,"date":"2019-02-21T10:16:49","date_gmt":"2019-02-21T10:16:49","guid":{"rendered":"https:\/\/www.glucodos.com\/?page_id=431"},"modified":"2023-11-06T09:35:37","modified_gmt":"2023-11-06T09:35:37","slug":"glucodos-neutral-glukoslosning","status":"publish","type":"page","link":"https:\/\/www.glucodos.com\/sv\/glucodos-neutral-glukoslosning\/","title":{"rendered":"GlucoDos 75g Neutral"},"content":{"rendered":"<h2><strong>Neutral Glukosl\u00f6sning<\/strong><strong><a href=\"https:\/\/www.glucodos.com\/wp-content\/uploads\/2019\/04\/GlucoDos-75-MAKIA-300ml-4523.jpg\"><img loading=\"lazy\" decoding=\"async\" class=\"size-full wp-image-696 alignright\" src=\"https:\/\/www.glucodos.com\/wp-content\/uploads\/2019\/04\/GlucoDos-75-MAKIA-300ml-4523.jpg\" alt=\"\" width=\"320\" height=\"480\" srcset=\"https:\/\/www.glucodos.com\/wp-content\/uploads\/2019\/04\/GlucoDos-75-MAKIA-300ml-4523.jpg 320w, https:\/\/www.glucodos.com\/wp-content\/uploads\/2019\/04\/GlucoDos-75-MAKIA-300ml-4523-200x300.jpg 200w\" sizes=\"(max-width: 320px) 100vw, 320px\" \/><\/a><\/strong><\/h2>\n<p>Nya, friska smaker: neutral inga smak\u00e4mnen<br class=\"\" \/>Glukoshalt: 75 g<br class=\"\" \/>Volym: 300 ml<\/p>\n<p><strong>H\u00e5llbarhet och f\u00f6rvaring:<\/strong><\/p>\n<p>F\u00f6rvaras i rumstemperatur i produktens egen kartong, dryckens h\u00e5llbarhet \u00e4r 18 m\u00e5nader fr\u00e5n leverans.<\/p>\n<p><strong>Anv\u00e4ndning:<\/strong><\/p>\n<p>Avnjuts kyld. F\u00f6rvaring 24 timmar f\u00f6re servering i kylsk\u00e5p rekommenderas.<br class=\"\" \/>Omskakas l\u00e4tt f\u00f6re servering.<\/p>\n<p><strong>F\u00f6rpackningsstorlekar:<\/strong><\/p>\n<p>Levereras i PET-flaskor om 300 ml<br class=\"\" \/>Varje kartong inneh\u00e5ller 20 flaskor<\/p>\n<h2><strong>Produktinformation GlucoDos 75g Neutral<\/strong><\/h2>\n<p>V\u00e5rt forsknings- och utvecklingsteam har minimerat anv\u00e4ndningen av utomst\u00e5ende. GlucoDos Makia \u00e4r en neutral glukosdrycks smak utan smak. Den har utformats f\u00f6r anv\u00e4ndare med allergier f\u00f6r fantastiska och smaker.<\/p>\n<p><span class=\"\">Produktnummer: 670022<br class=\"\" \/>Glukoshalt: 75 g<br class=\"\" \/>Inneh\u00e5ller: Glukos 75 g, vatten, E-330, E-211<\/span><\/p>\n<h2><strong>F\u00f6rdelar med GlucoDos Neutral -glukosl\u00f6sning<a href=\"https:\/\/www.glucodos.com\/wp-content\/uploads\/2019\/04\/GlucoDos-75-300ml-LOT-expire-date-4573.jpg\"><img loading=\"lazy\" decoding=\"async\" class=\"size-full wp-image-669 alignright\" src=\"https:\/\/www.glucodos.com\/wp-content\/uploads\/2019\/04\/GlucoDos-75-300ml-LOT-expire-date-4573.jpg\" alt=\"\" width=\"320\" height=\"480\" srcset=\"https:\/\/www.glucodos.com\/wp-content\/uploads\/2019\/04\/GlucoDos-75-300ml-LOT-expire-date-4573.jpg 320w, https:\/\/www.glucodos.com\/wp-content\/uploads\/2019\/04\/GlucoDos-75-300ml-LOT-expire-date-4573-200x300.jpg 200w\" sizes=\"(max-width: 320px) 100vw, 320px\" \/><\/a><\/strong><\/h2>\n<div class=\"\">\n<ul>\n<li>Glukosl\u00f6sninger fr\u00e5n Lablemon \u00e4r l\u00e4tta att dricka och har neutral eller frisk smak<\/li>\n<li>L\u00e4mplig f\u00f6r Citrus allergiska anv\u00e4ndare<\/li>\n<li>Minimerad amoiunt av incredients \u00e4r l\u00e4ttare att anv\u00e4nda f\u00f6r mycket k\u00e4nsliga anv\u00e4ndare<\/li>\n<li>GlucoDos produkter har samma m\u00e4ngd \/ inneh\u00e5ll 75g \/ 300ml g\u00f6r planering och arbetsfl\u00f6de enklare<\/li>\n<li>Enkel, anv\u00e4ndarv\u00e4nlig och drickf\u00e4rdig glukosdryck<\/li>\n<li>L\u00e5ng h\u00e5llbarhet, i rumstemperatur fr\u00e5n best\u00e4llning &gt; 18 m\u00e5n.<\/li>\n<li>GlucoDos-produkterna inneh\u00e5ller inte kolsyra som kan avdunsta (smaken bevaras)<\/li>\n<li>GlucoDos-produkterna levereras i PET-flaskor som \u00e4r enkla att hantera och f\u00f6rvara<\/li>\n<li>F\u00f6rvaring i l\u00e5dor \u00e4r smidigt<\/li>\n<li>B\u00e5de flaskor och kartonger best\u00e5r av \u00e5tervinningsbart eller br\u00e4nnbart material<\/li>\n<li>J\u00e4mn kvalitet fr\u00e5n en produktionssats till en annan<\/li>\n<li>Leveranss\u00e4kerhet via <a href=\"https:\/\/magnummedical.fi\/en\/\">Magnum Medical Oy<\/a><\/li>\n<\/ul>\n<\/div>\n<h4>L\u00e4s mer fr\u00e5n v\u00e5ra andra Glukosl\u00f6sningprodukter<br \/>\n<a href=\"https:\/\/www.glucodos.com\/glucodos-75g-citron\/?lang=sv\">GlucoDos Citron<\/a> och <a href=\"https:\/\/www.glucodos.com\/glucodos-75g-hallon\/?lang=sv\">GlucoDos Hallon<\/a>!<\/h4>\n<p><a href=\"https:\/\/www.glucodos.com\/wp-content\/uploads\/2019\/02\/GlucoDos-MAKIA.jpg\"><img loading=\"lazy\" decoding=\"async\" class=\"alignnone size-full wp-image-379\" src=\"https:\/\/www.glucodos.com\/wp-content\/uploads\/2019\/02\/GlucoDos-MAKIA.jpg\" alt=\"Glukoosijouma GlucoDos 75 Makia etiketti\" width=\"669\" height=\"596\" srcset=\"https:\/\/www.glucodos.com\/wp-content\/uploads\/2019\/02\/GlucoDos-MAKIA.jpg 669w, https:\/\/www.glucodos.com\/wp-content\/uploads\/2019\/02\/GlucoDos-MAKIA-300x267.jpg 300w\" sizes=\"(max-width: 669px) 100vw, 669px\" \/><\/a><\/p>\n","protected":false},"excerpt":{"rendered":"<p>Neutral Glukosl\u00f6sning Nya, friska smaker: neutral inga smak\u00e4mnenGlukoshalt: 75 gVolym: 300 ml H\u00e5llbarhet och f\u00f6rvaring: F\u00f6rvaras i rumstemperatur i produktens egen kartong, dryckens h\u00e5llbarhet \u00e4r 18 m\u00e5nader fr\u00e5n leverans. Anv\u00e4ndning: Avnjuts kyld. F\u00f6rvaring 24 timmar f\u00f6re servering i kylsk\u00e5p rekommenderas.Omskakas &hellip; <a class=\"kt-excerpt-readmore\" href=\"https:\/\/www.glucodos.com\/sv\/glucodos-neutral-glukoslosning\/\" aria-label=\"GlucoDos 75g Neutral\">Read More<\/a><\/p>\n","protected":false},"author":1,"featured_media":0,"parent":0,"menu_order":0,"comment_status":"closed","ping_status":"closed","template":"","meta":{"footnotes":""},"yoast_head":"<!-- This site is optimized with the Yoast SEO plugin v24.5 - https:\/\/yoast.com\/wordpress\/plugins\/seo\/ -->\n<title>GlucoDos 75g Neutral - Glucodos neutral glukosl\u00f6sning \u00e4r Makia<\/title>\n<meta name=\"description\" content=\"GlucoDos neutral glukosdryck \u00e4r Makia = smak utan smak. Den har utformats f\u00f6r anv\u00e4ndare med allergier f\u00f6r fantastiska och smaker.\" \/>\n<meta name=\"robots\" content=\"index, follow, max-snippet:-1, max-image-preview:large, max-video-preview:-1\" \/>\n<link rel=\"canonical\" href=\"https:\/\/www.glucodos.com\/sv\/glucodos-neutral-glukoslosning\/\" \/>\n<meta property=\"og:locale\" content=\"sv_SE\" \/>\n<meta property=\"og:type\" content=\"article\" \/>\n<meta property=\"og:title\" content=\"GlucoDos 75g Neutral - Glucodos neutral glukosl\u00f6sning \u00e4r Makia\" \/>\n<meta property=\"og:description\" content=\"GlucoDos neutral glukosdryck \u00e4r Makia = smak utan smak. Den har utformats f\u00f6r anv\u00e4ndare med allergier f\u00f6r fantastiska och smaker.\" \/>\n<meta property=\"og:url\" content=\"https:\/\/www.glucodos.com\/sv\/glucodos-neutral-glukoslosning\/\" \/>\n<meta property=\"og:site_name\" content=\"Glucodos\" \/>\n<meta property=\"article:modified_time\" content=\"2023-11-06T09:35:37+00:00\" \/>\n<meta property=\"og:image\" content=\"https:\/\/www.glucodos.com\/wp-content\/uploads\/2019\/04\/GlucoDos-75-MAKIA-300ml-4523.jpg\" \/>\n<meta name=\"twitter:card\" content=\"summary_large_image\" \/>\n<meta name=\"twitter:label1\" content=\"Ber\u00e4knad l\u00e4stid\" \/>\n\t<meta name=\"twitter:data1\" content=\"2 minuter\" \/>\n<script type=\"application\/ld+json\" class=\"yoast-schema-graph\">{\"@context\":\"https:\/\/schema.org\",\"@graph\":[{\"@type\":\"Article\",\"@id\":\"https:\/\/www.glucodos.com\/sv\/glucodos-neutral-glukoslosning\/#article\",\"isPartOf\":{\"@id\":\"https:\/\/www.glucodos.com\/sv\/glucodos-neutral-glukoslosning\/\"},\"author\":{\"name\":\"admin\",\"@id\":\"https:\/\/www.glucodos.com\/sv\/#\/schema\/person\/3c4c59216c0d550fe2be0da5537e9621\"},\"headline\":\"GlucoDos 75g Neutral\",\"datePublished\":\"2019-02-21T10:16:49+00:00\",\"dateModified\":\"2023-11-06T09:35:37+00:00\",\"mainEntityOfPage\":{\"@id\":\"https:\/\/www.glucodos.com\/sv\/glucodos-neutral-glukoslosning\/\"},\"wordCount\":275,\"publisher\":{\"@id\":\"https:\/\/www.glucodos.com\/sv\/#organization\"},\"image\":{\"@id\":\"https:\/\/www.glucodos.com\/sv\/glucodos-neutral-glukoslosning\/#primaryimage\"},\"thumbnailUrl\":\"https:\/\/www.glucodos.com\/wp-content\/uploads\/2019\/04\/GlucoDos-75-MAKIA-300ml-4523.jpg\",\"inLanguage\":\"sv-SE\"},{\"@type\":\"WebPage\",\"@id\":\"https:\/\/www.glucodos.com\/sv\/glucodos-neutral-glukoslosning\/\",\"url\":\"https:\/\/www.glucodos.com\/sv\/glucodos-neutral-glukoslosning\/\",\"name\":\"GlucoDos 75g Neutral - Glucodos neutral glukosl\u00f6sning \u00e4r Makia\",\"isPartOf\":{\"@id\":\"https:\/\/www.glucodos.com\/sv\/#website\"},\"primaryImageOfPage\":{\"@id\":\"https:\/\/www.glucodos.com\/sv\/glucodos-neutral-glukoslosning\/#primaryimage\"},\"image\":{\"@id\":\"https:\/\/www.glucodos.com\/sv\/glucodos-neutral-glukoslosning\/#primaryimage\"},\"thumbnailUrl\":\"https:\/\/www.glucodos.com\/wp-content\/uploads\/2019\/04\/GlucoDos-75-MAKIA-300ml-4523.jpg\",\"datePublished\":\"2019-02-21T10:16:49+00:00\",\"dateModified\":\"2023-11-06T09:35:37+00:00\",\"description\":\"GlucoDos neutral glukosdryck \u00e4r Makia = smak utan smak. Den har utformats f\u00f6r anv\u00e4ndare med allergier f\u00f6r fantastiska och smaker.\",\"breadcrumb\":{\"@id\":\"https:\/\/www.glucodos.com\/sv\/glucodos-neutral-glukoslosning\/#breadcrumb\"},\"inLanguage\":\"sv-SE\",\"potentialAction\":[{\"@type\":\"ReadAction\",\"target\":[\"https:\/\/www.glucodos.com\/sv\/glucodos-neutral-glukoslosning\/\"]}]},{\"@type\":\"ImageObject\",\"inLanguage\":\"sv-SE\",\"@id\":\"https:\/\/www.glucodos.com\/sv\/glucodos-neutral-glukoslosning\/#primaryimage\",\"url\":\"https:\/\/www.glucodos.com\/wp-content\/uploads\/2019\/04\/GlucoDos-75-MAKIA-300ml-4523.jpg\",\"contentUrl\":\"https:\/\/www.glucodos.com\/wp-content\/uploads\/2019\/04\/GlucoDos-75-MAKIA-300ml-4523.jpg\"},{\"@type\":\"BreadcrumbList\",\"@id\":\"https:\/\/www.glucodos.com\/sv\/glucodos-neutral-glukoslosning\/#breadcrumb\",\"itemListElement\":[{\"@type\":\"ListItem\",\"position\":1,\"name\":\"Home\",\"item\":\"https:\/\/www.glucodos.com\/sv\/\"},{\"@type\":\"ListItem\",\"position\":2,\"name\":\"GlucoDos 75g Neutral\"}]},{\"@type\":\"WebSite\",\"@id\":\"https:\/\/www.glucodos.com\/sv\/#website\",\"url\":\"https:\/\/www.glucodos.com\/sv\/\",\"name\":\"Glucodos\",\"description\":\"K&auml;ytt&ouml;valmis glukoosijuoma\",\"publisher\":{\"@id\":\"https:\/\/www.glucodos.com\/sv\/#organization\"},\"potentialAction\":[{\"@type\":\"SearchAction\",\"target\":{\"@type\":\"EntryPoint\",\"urlTemplate\":\"https:\/\/www.glucodos.com\/sv\/?s={search_term_string}\"},\"query-input\":{\"@type\":\"PropertyValueSpecification\",\"valueRequired\":true,\"valueName\":\"search_term_string\"}}],\"inLanguage\":\"sv-SE\"},{\"@type\":\"Organization\",\"@id\":\"https:\/\/www.glucodos.com\/sv\/#organization\",\"name\":\"Lablemon International\",\"url\":\"https:\/\/www.glucodos.com\/sv\/\",\"logo\":{\"@type\":\"ImageObject\",\"inLanguage\":\"sv-SE\",\"@id\":\"https:\/\/www.glucodos.com\/sv\/#\/schema\/logo\/image\/\",\"url\":\"https:\/\/www.glucodos.com\/wp-content\/uploads\/2018\/11\/Lablemon_Logo_Heti-k\u00e4ytt\u00f6valmis-Glucodos-gukoosijuoma-2015_vector.png\",\"contentUrl\":\"https:\/\/www.glucodos.com\/wp-content\/uploads\/2018\/11\/Lablemon_Logo_Heti-k\u00e4ytt\u00f6valmis-Glucodos-gukoosijuoma-2015_vector.png\",\"width\":198,\"height\":110,\"caption\":\"Lablemon International\"},\"image\":{\"@id\":\"https:\/\/www.glucodos.com\/sv\/#\/schema\/logo\/image\/\"}},{\"@type\":\"Person\",\"@id\":\"https:\/\/www.glucodos.com\/sv\/#\/schema\/person\/3c4c59216c0d550fe2be0da5537e9621\",\"name\":\"admin\",\"image\":{\"@type\":\"ImageObject\",\"inLanguage\":\"sv-SE\",\"@id\":\"https:\/\/www.glucodos.com\/sv\/#\/schema\/person\/image\/\",\"url\":\"https:\/\/secure.gravatar.com\/avatar\/42104cb832536137a64def7a31e59743?s=96&d=mm&r=g\",\"contentUrl\":\"https:\/\/secure.gravatar.com\/avatar\/42104cb832536137a64def7a31e59743?s=96&d=mm&r=g\",\"caption\":\"admin\"}}]}<\/script>\n<!-- \/ Yoast SEO plugin. -->","yoast_head_json":{"title":"GlucoDos 75g Neutral - Glucodos neutral glukosl\u00f6sning \u00e4r Makia","description":"GlucoDos neutral glukosdryck \u00e4r Makia = smak utan smak. Den har utformats f\u00f6r anv\u00e4ndare med allergier f\u00f6r fantastiska och smaker.","robots":{"index":"index","follow":"follow","max-snippet":"max-snippet:-1","max-image-preview":"max-image-preview:large","max-video-preview":"max-video-preview:-1"},"canonical":"https:\/\/www.glucodos.com\/sv\/glucodos-neutral-glukoslosning\/","og_locale":"sv_SE","og_type":"article","og_title":"GlucoDos 75g Neutral - Glucodos neutral glukosl\u00f6sning \u00e4r Makia","og_description":"GlucoDos neutral glukosdryck \u00e4r Makia = smak utan smak. Den har utformats f\u00f6r anv\u00e4ndare med allergier f\u00f6r fantastiska och smaker.","og_url":"https:\/\/www.glucodos.com\/sv\/glucodos-neutral-glukoslosning\/","og_site_name":"Glucodos","article_modified_time":"2023-11-06T09:35:37+00:00","og_image":[{"url":"https:\/\/www.glucodos.com\/wp-content\/uploads\/2019\/04\/GlucoDos-75-MAKIA-300ml-4523.jpg","type":"","width":"","height":""}],"twitter_card":"summary_large_image","twitter_misc":{"Ber\u00e4knad l\u00e4stid":"2 minuter"},"schema":{"@context":"https:\/\/schema.org","@graph":[{"@type":"Article","@id":"https:\/\/www.glucodos.com\/sv\/glucodos-neutral-glukoslosning\/#article","isPartOf":{"@id":"https:\/\/www.glucodos.com\/sv\/glucodos-neutral-glukoslosning\/"},"author":{"name":"admin","@id":"https:\/\/www.glucodos.com\/sv\/#\/schema\/person\/3c4c59216c0d550fe2be0da5537e9621"},"headline":"GlucoDos 75g Neutral","datePublished":"2019-02-21T10:16:49+00:00","dateModified":"2023-11-06T09:35:37+00:00","mainEntityOfPage":{"@id":"https:\/\/www.glucodos.com\/sv\/glucodos-neutral-glukoslosning\/"},"wordCount":275,"publisher":{"@id":"https:\/\/www.glucodos.com\/sv\/#organization"},"image":{"@id":"https:\/\/www.glucodos.com\/sv\/glucodos-neutral-glukoslosning\/#primaryimage"},"thumbnailUrl":"https:\/\/www.glucodos.com\/wp-content\/uploads\/2019\/04\/GlucoDos-75-MAKIA-300ml-4523.jpg","inLanguage":"sv-SE"},{"@type":"WebPage","@id":"https:\/\/www.glucodos.com\/sv\/glucodos-neutral-glukoslosning\/","url":"https:\/\/www.glucodos.com\/sv\/glucodos-neutral-glukoslosning\/","name":"GlucoDos 75g Neutral - Glucodos neutral glukosl\u00f6sning \u00e4r Makia","isPartOf":{"@id":"https:\/\/www.glucodos.com\/sv\/#website"},"primaryImageOfPage":{"@id":"https:\/\/www.glucodos.com\/sv\/glucodos-neutral-glukoslosning\/#primaryimage"},"image":{"@id":"https:\/\/www.glucodos.com\/sv\/glucodos-neutral-glukoslosning\/#primaryimage"},"thumbnailUrl":"https:\/\/www.glucodos.com\/wp-content\/uploads\/2019\/04\/GlucoDos-75-MAKIA-300ml-4523.jpg","datePublished":"2019-02-21T10:16:49+00:00","dateModified":"2023-11-06T09:35:37+00:00","description":"GlucoDos neutral glukosdryck \u00e4r Makia = smak utan smak. Den har utformats f\u00f6r anv\u00e4ndare med allergier f\u00f6r fantastiska och smaker.","breadcrumb":{"@id":"https:\/\/www.glucodos.com\/sv\/glucodos-neutral-glukoslosning\/#breadcrumb"},"inLanguage":"sv-SE","potentialAction":[{"@type":"ReadAction","target":["https:\/\/www.glucodos.com\/sv\/glucodos-neutral-glukoslosning\/"]}]},{"@type":"ImageObject","inLanguage":"sv-SE","@id":"https:\/\/www.glucodos.com\/sv\/glucodos-neutral-glukoslosning\/#primaryimage","url":"https:\/\/www.glucodos.com\/wp-content\/uploads\/2019\/04\/GlucoDos-75-MAKIA-300ml-4523.jpg","contentUrl":"https:\/\/www.glucodos.com\/wp-content\/uploads\/2019\/04\/GlucoDos-75-MAKIA-300ml-4523.jpg"},{"@type":"BreadcrumbList","@id":"https:\/\/www.glucodos.com\/sv\/glucodos-neutral-glukoslosning\/#breadcrumb","itemListElement":[{"@type":"ListItem","position":1,"name":"Home","item":"https:\/\/www.glucodos.com\/sv\/"},{"@type":"ListItem","position":2,"name":"GlucoDos 75g Neutral"}]},{"@type":"WebSite","@id":"https:\/\/www.glucodos.com\/sv\/#website","url":"https:\/\/www.glucodos.com\/sv\/","name":"Glucodos","description":"K&auml;ytt&ouml;valmis glukoosijuoma","publisher":{"@id":"https:\/\/www.glucodos.com\/sv\/#organization"},"potentialAction":[{"@type":"SearchAction","target":{"@type":"EntryPoint","urlTemplate":"https:\/\/www.glucodos.com\/sv\/?s={search_term_string}"},"query-input":{"@type":"PropertyValueSpecification","valueRequired":true,"valueName":"search_term_string"}}],"inLanguage":"sv-SE"},{"@type":"Organization","@id":"https:\/\/www.glucodos.com\/sv\/#organization","name":"Lablemon International","url":"https:\/\/www.glucodos.com\/sv\/","logo":{"@type":"ImageObject","inLanguage":"sv-SE","@id":"https:\/\/www.glucodos.com\/sv\/#\/schema\/logo\/image\/","url":"https:\/\/www.glucodos.com\/wp-content\/uploads\/2018\/11\/Lablemon_Logo_Heti-k\u00e4ytt\u00f6valmis-Glucodos-gukoosijuoma-2015_vector.png","contentUrl":"https:\/\/www.glucodos.com\/wp-content\/uploads\/2018\/11\/Lablemon_Logo_Heti-k\u00e4ytt\u00f6valmis-Glucodos-gukoosijuoma-2015_vector.png","width":198,"height":110,"caption":"Lablemon International"},"image":{"@id":"https:\/\/www.glucodos.com\/sv\/#\/schema\/logo\/image\/"}},{"@type":"Person","@id":"https:\/\/www.glucodos.com\/sv\/#\/schema\/person\/3c4c59216c0d550fe2be0da5537e9621","name":"admin","image":{"@type":"ImageObject","inLanguage":"sv-SE","@id":"https:\/\/www.glucodos.com\/sv\/#\/schema\/person\/image\/","url":"https:\/\/secure.gravatar.com\/avatar\/42104cb832536137a64def7a31e59743?s=96&d=mm&r=g","contentUrl":"https:\/\/secure.gravatar.com\/avatar\/42104cb832536137a64def7a31e59743?s=96&d=mm&r=g","caption":"admin"}}]}},"_links":{"self":[{"href":"https:\/\/www.glucodos.com\/sv\/wp-json\/wp\/v2\/pages\/431"}],"collection":[{"href":"https:\/\/www.glucodos.com\/sv\/wp-json\/wp\/v2\/pages"}],"about":[{"href":"https:\/\/www.glucodos.com\/sv\/wp-json\/wp\/v2\/types\/page"}],"author":[{"embeddable":true,"href":"https:\/\/www.glucodos.com\/sv\/wp-json\/wp\/v2\/users\/1"}],"replies":[{"embeddable":true,"href":"https:\/\/www.glucodos.com\/sv\/wp-json\/wp\/v2\/comments?post=431"}],"version-history":[{"count":6,"href":"https:\/\/www.glucodos.com\/sv\/wp-json\/wp\/v2\/pages\/431\/revisions"}],"predecessor-version":[{"id":955,"href":"https:\/\/www.glucodos.com\/sv\/wp-json\/wp\/v2\/pages\/431\/revisions\/955"}],"wp:attachment":[{"href":"https:\/\/www.glucodos.com\/sv\/wp-json\/wp\/v2\/media?parent=431"}],"curies":[{"name":"wp","href":"https:\/\/api.w.org\/{rel}","templated":true}]}}